{"id":4030,"date":"2020-07-21T11:20:42","date_gmt":"2020-07-21T18:20:42","guid":{"rendered":"https:\/\/serr.disabilityrightsca.org\/sp\/?page_id=4030"},"modified":"2022-04-15T15:27:14","modified_gmt":"2022-04-15T22:27:14","slug":"6-36-que-es-una-notificacion-de-insuficiencia","status":"publish","type":"page","link":"https:\/\/serr.disabilityrightsca.org\/sp\/serr-manual\/chapter-6-informacion-sobre-el-debido-proceso-y-los-procedimientos-de-cumplimiento\/6-36-que-es-una-notificacion-de-insuficiencia\/","title":{"rendered":"(6.36) \u00bfCu\u00e1ndo se debe enviar la respuesta a un reclamo?"},"content":{"rendered":"\n<p>El distrito debe enviarle una respuesta por escrito en la que se traten de manera espec\u00edfica las cuestiones que usted plante\u00f3 en su reclamo, dentro de los diez d\u00edas de haber recibido su reclamo. Si el <em>distrito<\/em> solicita un debido proceso, usted tambi\u00e9n debe presentar una respuesta similar dentro de los diez d\u00edas. [20 U.S.C. Sec. 1415(c)(2)(B)(i)(II); 34 C.F.R. Sec. 300.508(f); Cal. Ed. Code Sec. 56502(d)(2)].<\/p>\n","protected":false},"excerpt":{"rendered":"<p>El distrito debe enviarle una respuesta por escrito en la que se traten de manera espec\u00edfica las cuestiones que usted plante\u00f3 en su reclamo, dentro&hellip;<\/p>\n","protected":false},"author":1,"featured_media":0,"parent":337,"menu_order":36,"comment_status":"closed","ping_status":"closed","template":"","meta":{"footnotes":""},"class_list":["post-4030","page","type-page","status-publish","hentry"],"_links":{"self":[{"href":"https:\/\/serr.disabilityrightsca.org\/sp\/wp-json\/wp\/v2\/pages\/4030","targetHints":{"allow":["GET"]}}],"collection":[{"href":"https:\/\/serr.disabilityrightsca.org\/sp\/wp-json\/wp\/v2\/pages"}],"about":[{"href":"https:\/\/serr.disabilityrightsca.org\/sp\/wp-json\/wp\/v2\/types\/page"}],"author":[{"embeddable":true,"href":"https:\/\/serr.disabilityrightsca.org\/sp\/wp-json\/wp\/v2\/users\/1"}],"replies":[{"embeddable":true,"href":"https:\/\/serr.disabilityrightsca.org\/sp\/wp-json\/wp\/v2\/comments?post=4030"}],"version-history":[{"count":2,"href":"https:\/\/serr.disabilityrightsca.org\/sp\/wp-json\/wp\/v2\/pages\/4030\/revisions"}],"predecessor-version":[{"id":4466,"href":"https:\/\/serr.disabilityrightsca.org\/sp\/wp-json\/wp\/v2\/pages\/4030\/revisions\/4466"}],"up":[{"embeddable":true,"href":"https:\/\/serr.disabilityrightsca.org\/sp\/wp-json\/wp\/v2\/pages\/337"}],"wp:attachment":[{"href":"https:\/\/serr.disabilityrightsca.org\/sp\/wp-json\/wp\/v2\/media?parent=4030"}],"curies":[{"name":"wp","href":"https:\/\/api.w.org\/{rel}","templated":true}]}}