{"id":4040,"date":"2020-08-01T15:22:02","date_gmt":"2020-08-01T22:22:02","guid":{"rendered":"https:\/\/serr.disabilityrightsca.org\/sp\/?page_id=4040"},"modified":"2022-04-15T15:27:52","modified_gmt":"2022-04-15T22:27:52","slug":"6-37-cuando-se-debe-enviar-la-respuesta-a-un-reclamo","status":"publish","type":"page","link":"https:\/\/serr.disabilityrightsca.org\/sp\/serr-manual\/chapter-6-informacion-sobre-el-debido-proceso-y-los-procedimientos-de-cumplimiento\/6-37-cuando-se-debe-enviar-la-respuesta-a-un-reclamo\/","title":{"rendered":"(6.37) Si el distrito no le proporciona una \u201cnotificaci\u00f3n previa por escrito\u201d sobre su propuesta de IEP y los padres no est\u00e1n de acuerdo con la propuesta, \u00bfel distrito debe proporcionarme dicha notificaci\u00f3n una vez que solicito el debido proceso?"},"content":{"rendered":"\n<p>S\u00ed. Si el distrito no le ha proporcionado una notificaci\u00f3n previa por escrito antes de que usted solicite un debido proceso, deber\u00e1 enviarle una respuesta (dentro de los 10 d\u00edas de haber obtenido una copia de su reclamo) en la cual se deben incluir las siguientes cuestiones:<\/p>\n\n\n\n<ol class=\"wp-block-list\"><li>Una explicaci\u00f3n de por qu\u00e9 el distrito est\u00e1 haciendo o no lo que sea que cre\u00f3 el problema;<\/li><li>Una descripci\u00f3n de otras alternativas que el equipo del IEP haya considerado y las razones por las que fueron rechazadas;<\/li><li>Una descripci\u00f3n de cada evaluaci\u00f3n, procedimiento, evaluaci\u00f3n, informe, etc., que el distrito haya empleado como base para hacer u o no cualquier acto que haya generado el problema; y<\/li><li>Otras razones que justifican la acci\u00f3n u omisi\u00f3n del distrito.<\/li><\/ol>\n\n\n\n<p>En estas circunstancias, no es necesario que el distrito presente una respuesta por separado dentro de los 10 d\u00edas, seg\u00fan se mencion\u00f3 con anterioridad. [20 U.S.C. Sec. 1415(c)(2)(B)(i)(I); 34 C.F.R. Sec. 300.508(e); Cal. Ed. Code Sec. 56502(d)(2)].<\/p>\n","protected":false},"excerpt":{"rendered":"<p>S\u00ed. Si el distrito no le ha proporcionado una notificaci\u00f3n previa por escrito antes de que usted solicite un debido proceso, deber\u00e1 enviarle una respuesta&hellip;<\/p>\n","protected":false},"author":1,"featured_media":0,"parent":337,"menu_order":37,"comment_status":"closed","ping_status":"closed","template":"","meta":{"footnotes":""},"class_list":["post-4040","page","type-page","status-publish","hentry"],"_links":{"self":[{"href":"https:\/\/serr.disabilityrightsca.org\/sp\/wp-json\/wp\/v2\/pages\/4040","targetHints":{"allow":["GET"]}}],"collection":[{"href":"https:\/\/serr.disabilityrightsca.org\/sp\/wp-json\/wp\/v2\/pages"}],"about":[{"href":"https:\/\/serr.disabilityrightsca.org\/sp\/wp-json\/wp\/v2\/types\/page"}],"author":[{"embeddable":true,"href":"https:\/\/serr.disabilityrightsca.org\/sp\/wp-json\/wp\/v2\/users\/1"}],"replies":[{"embeddable":true,"href":"https:\/\/serr.disabilityrightsca.org\/sp\/wp-json\/wp\/v2\/comments?post=4040"}],"version-history":[{"count":2,"href":"https:\/\/serr.disabilityrightsca.org\/sp\/wp-json\/wp\/v2\/pages\/4040\/revisions"}],"predecessor-version":[{"id":4467,"href":"https:\/\/serr.disabilityrightsca.org\/sp\/wp-json\/wp\/v2\/pages\/4040\/revisions\/4467"}],"up":[{"embeddable":true,"href":"https:\/\/serr.disabilityrightsca.org\/sp\/wp-json\/wp\/v2\/pages\/337"}],"wp:attachment":[{"href":"https:\/\/serr.disabilityrightsca.org\/sp\/wp-json\/wp\/v2\/media?parent=4040"}],"curies":[{"name":"wp","href":"https:\/\/api.w.org\/{rel}","templated":true}]}}