{"id":4042,"date":"2020-08-01T15:24:09","date_gmt":"2020-08-01T22:24:09","guid":{"rendered":"https:\/\/serr.disabilityrightsca.org\/sp\/?page_id=4042"},"modified":"2022-04-15T15:28:37","modified_gmt":"2022-04-15T22:28:37","slug":"6-38-si-el-distrito-no-le-proporciona-una-notificacion-previa-por-escrito-sobre-su-propuesta-de-iep-y-los-padres-no-estan-de-acuerdo-con-la-propuesta-el-distrito-debe-propor","status":"publish","type":"page","link":"https:\/\/serr.disabilityrightsca.org\/sp\/serr-manual\/chapter-6-informacion-sobre-el-debido-proceso-y-los-procedimientos-de-cumplimiento\/6-38-si-el-distrito-no-le-proporciona-una-notificacion-previa-por-escrito-sobre-su-propuesta-de-iep-y-los-padres-no-estan-de-acuerdo-con-la-propuesta-el-distrito-debe-propor\/","title":{"rendered":"(6.38) \u00bfEl distrito puede presentar una notificaci\u00f3n de insuficiencia si no le brind\u00f3 una notificaci\u00f3n previa por escrito antes de que usted presentara un reclamo de debido proceso?"},"content":{"rendered":"\n<p>S\u00ed. Incluso si el distrito nunca le envi\u00f3 una \u201cnotificaci\u00f3n previa por escrito\u201d antes de realizar la presentaci\u00f3n, este a\u00fan puede alegar que su reclamo no es lo suficientemente claro o bien es insuficiente. [20 U.S.C. Sec. 1415(c)(2)(B)(i)(II); 34 C.F.R. Sec. 300.508(e)(2)].<\/p>\n","protected":false},"excerpt":{"rendered":"<p>S\u00ed. Incluso si el distrito nunca le envi\u00f3 una \u201cnotificaci\u00f3n previa por escrito\u201d antes de realizar la presentaci\u00f3n, este a\u00fan puede alegar que su reclamo&hellip;<\/p>\n","protected":false},"author":1,"featured_media":0,"parent":337,"menu_order":38,"comment_status":"closed","ping_status":"closed","template":"","meta":{"footnotes":""},"class_list":["post-4042","page","type-page","status-publish","hentry"],"_links":{"self":[{"href":"https:\/\/serr.disabilityrightsca.org\/sp\/wp-json\/wp\/v2\/pages\/4042","targetHints":{"allow":["GET"]}}],"collection":[{"href":"https:\/\/serr.disabilityrightsca.org\/sp\/wp-json\/wp\/v2\/pages"}],"about":[{"href":"https:\/\/serr.disabilityrightsca.org\/sp\/wp-json\/wp\/v2\/types\/page"}],"author":[{"embeddable":true,"href":"https:\/\/serr.disabilityrightsca.org\/sp\/wp-json\/wp\/v2\/users\/1"}],"replies":[{"embeddable":true,"href":"https:\/\/serr.disabilityrightsca.org\/sp\/wp-json\/wp\/v2\/comments?post=4042"}],"version-history":[{"count":2,"href":"https:\/\/serr.disabilityrightsca.org\/sp\/wp-json\/wp\/v2\/pages\/4042\/revisions"}],"predecessor-version":[{"id":4468,"href":"https:\/\/serr.disabilityrightsca.org\/sp\/wp-json\/wp\/v2\/pages\/4042\/revisions\/4468"}],"up":[{"embeddable":true,"href":"https:\/\/serr.disabilityrightsca.org\/sp\/wp-json\/wp\/v2\/pages\/337"}],"wp:attachment":[{"href":"https:\/\/serr.disabilityrightsca.org\/sp\/wp-json\/wp\/v2\/media?parent=4042"}],"curies":[{"name":"wp","href":"https:\/\/api.w.org\/{rel}","templated":true}]}}