{"id":4047,"date":"2020-08-01T15:26:19","date_gmt":"2020-08-01T22:26:19","guid":{"rendered":"https:\/\/serr.disabilityrightsca.org\/sp\/?page_id=4047"},"modified":"2022-04-15T15:30:39","modified_gmt":"2022-04-15T22:30:39","slug":"6-39-el-distrito-puede-presentar-una-notificacion-de-insuficiencia-si-no-le-brindo-una-notificacion-previa-por-escrito-antes-de-que-usted-presentara-un-reclamo-de-debido-proceso","status":"publish","type":"page","link":"https:\/\/serr.disabilityrightsca.org\/sp\/serr-manual\/chapter-6-informacion-sobre-el-debido-proceso-y-los-procedimientos-de-cumplimiento\/6-39-el-distrito-puede-presentar-una-notificacion-de-insuficiencia-si-no-le-brindo-una-notificacion-previa-por-escrito-antes-de-que-usted-presentara-un-reclamo-de-debido-proceso\/","title":{"rendered":"(6.39) \u00bfExisten otras oportunidades para resolver mi reclamo antes de que se realice la audiencia propiamente dicha?"},"content":{"rendered":"\n<p>S\u00ed. Si presenta una solicitud de debido proceso, el distrito debe ofrecerle la oportunidad de participar en una \u201csesi\u00f3n de resoluci\u00f3n\u201d previa a la audiencia. Sin embargo, ambas partes pueden renunciar a la sesi\u00f3n de resoluci\u00f3n por escrito. Si el <em>distrito<\/em> solicita un debido proceso, no se requiere ninguna sesi\u00f3n de resoluci\u00f3n, pero la mediaci\u00f3n se encuentra disponible independientemente de qui\u00e9n solicite el debido proceso. [20 U.S.C. Sec.1415(f)(1)(B); 34 C.F.R. Sec. 300.510; Cal. Ed. Code Sec. 56501.5].<\/p>\n\n\n\n<p>Usted y un representante del distrito con autoridad para resolver el problema deben asistir a la sesi\u00f3n de resoluci\u00f3n. No es necesario que asistan los abogados del distrito, salvo que usted cuente con representaci\u00f3n letrada. En la sesi\u00f3n, debe contar con la posibilidad de debatir sobre los fundamentos de su reclamo y el distrito tiene la oportunidad de resolverlo. Todas las cuestiones que se debaten durante la sesi\u00f3n de resoluci\u00f3n no tienen car\u00e1cter confidencial y se pueden exponer en una audiencia posterior o en un proceso judicial. Sin embargo, es aconsejable que ambas partes acuerden la confidencialidad en la reuni\u00f3n.<\/p>\n\n\n\n<p>Si la sesi\u00f3n concluye en un acuerdo, el mismo debe ponerse por escrito y ambas partes deben firmarlo. El acuerdo es legalmente vinculante para usted y el distrito y un tribunal puede imponer su cumplimiento. Usted o el distrito disponen de tres d\u00edas, luego de la suscripci\u00f3n del acuerdo para \u201canular\u201d o revocar su firma.&nbsp;[20 U.S.C. Secs. 1415(f)(1)(B)(iii) &amp; (iv); 34 C.F.R. Sec. 300.510(d) &amp; (e); Cal. Ed. Code Sec. 56501.5(f) &amp; (g)].<\/p>\n\n\n\n<p>La sesi\u00f3n de resoluci\u00f3n debe tener lugar dentro de los 15 d\u00edas desde la fecha cuando el distrito recibi\u00f3 la solicitud de debido proceso de los padres. Debe concluir dentro de los 30 d\u00edas desde la fecha cuando el distrito recibi\u00f3 la solicitud de los padres. Los d\u00edas anteriores a la conclusi\u00f3n de la sesi\u00f3n de resoluci\u00f3n no se incluyen en el c\u00f3mputo de la cantidad de d\u00edas de los que dispone el Estado para completar el proceso de audiencia y emitir una decisi\u00f3n.&nbsp;[20 U.S.C. Sec. 1415(f)(1)(B)(i)(I) &amp; (ii); 34 C.F.R. Sec. 300.510(a)(1) &amp; (b)(2); Cal. Ed. Code Sec. 56501.5(a)(1) &amp; (c)].<\/p>\n","protected":false},"excerpt":{"rendered":"<p>S\u00ed. Si presenta una solicitud de debido proceso, el distrito debe ofrecerle la oportunidad de participar en una \u201csesi\u00f3n de resoluci\u00f3n\u201d previa a la audiencia.&hellip;<\/p>\n","protected":false},"author":1,"featured_media":0,"parent":337,"menu_order":39,"comment_status":"closed","ping_status":"closed","template":"","meta":{"footnotes":""},"class_list":["post-4047","page","type-page","status-publish","hentry"],"_links":{"self":[{"href":"https:\/\/serr.disabilityrightsca.org\/sp\/wp-json\/wp\/v2\/pages\/4047","targetHints":{"allow":["GET"]}}],"collection":[{"href":"https:\/\/serr.disabilityrightsca.org\/sp\/wp-json\/wp\/v2\/pages"}],"about":[{"href":"https:\/\/serr.disabilityrightsca.org\/sp\/wp-json\/wp\/v2\/types\/page"}],"author":[{"embeddable":true,"href":"https:\/\/serr.disabilityrightsca.org\/sp\/wp-json\/wp\/v2\/users\/1"}],"replies":[{"embeddable":true,"href":"https:\/\/serr.disabilityrightsca.org\/sp\/wp-json\/wp\/v2\/comments?post=4047"}],"version-history":[{"count":2,"href":"https:\/\/serr.disabilityrightsca.org\/sp\/wp-json\/wp\/v2\/pages\/4047\/revisions"}],"predecessor-version":[{"id":4469,"href":"https:\/\/serr.disabilityrightsca.org\/sp\/wp-json\/wp\/v2\/pages\/4047\/revisions\/4469"}],"up":[{"embeddable":true,"href":"https:\/\/serr.disabilityrightsca.org\/sp\/wp-json\/wp\/v2\/pages\/337"}],"wp:attachment":[{"href":"https:\/\/serr.disabilityrightsca.org\/sp\/wp-json\/wp\/v2\/media?parent=4047"}],"curies":[{"name":"wp","href":"https:\/\/api.w.org\/{rel}","templated":true}]}}