{"id":4050,"date":"2020-08-01T15:27:44","date_gmt":"2020-08-01T22:27:44","guid":{"rendered":"https:\/\/serr.disabilityrightsca.org\/sp\/?page_id=4050"},"modified":"2022-04-15T15:31:24","modified_gmt":"2022-04-15T22:31:24","slug":"6-40-existen-otras-oportunidades-para-resolver-mi-reclamo-antes-de-que-se-realice-la-audiencia-propiamente-dicha","status":"publish","type":"page","link":"https:\/\/serr.disabilityrightsca.org\/sp\/serr-manual\/chapter-6-informacion-sobre-el-debido-proceso-y-los-procedimientos-de-cumplimiento\/6-40-existen-otras-oportunidades-para-resolver-mi-reclamo-antes-de-que-se-realice-la-audiencia-propiamente-dicha\/","title":{"rendered":"(6.40) \u00bfQu\u00e9 es una conferencia de mediaci\u00f3n?"},"content":{"rendered":"\n<p>La OAH le proporcionar\u00e1 un mediador para que usted y el distrito se re\u00fanan informalmente antes de la audiencia de debido proceso para intentar resolver el problema, siempre que ambas partes est\u00e9n de acuerdo con la mediaci\u00f3n. El mediador no est\u00e1 facultado para obligar a ninguna de las partes a hacer algo, sino que su trabajo consiste s\u00f3lo en ayudarlos a usted y al distrito a alcanzar un acuerdo. El mediador se reunir\u00e1, por lo general, en una sola habitaci\u00f3n con la asistencia de todas las partes, pero puede celebrar \u201creuniones\u201d por separado con cualquiera de las partes, en su intento por resolver el problema. El mediador, por lo general un juez de derecho administrativo, cumple el rol de mediador y no de juez. El juez de derecho administrativo, que act\u00faa como mediador, no ser\u00e1 el mismo asignado para tramitar su caso en el caso de que el conflicto se dirima en una audiencia. [Cal. Ed. Code Secs. 56500.3(c)\u2013(e), 56501(b)(2)].<\/p>\n\n\n\n<p>Si las cuestiones en conflicto no se pudieron resolver mediante la mediaci\u00f3n, nada de lo que usted (o los representantes del distrito) haya manifestado o redactado durante la mediaci\u00f3n podr\u00e1 remitirse al juez de derecho administrativo en la audiencia con la finalidad de procurar sustentar el alegato de alguna de las partes. [5 C.C.R. Sec. 3086]. Por lo tanto, el mero hecho de que un distrito escolar ofreci\u00f3 aceptar parcialmente un programa durante una conferencia de mediaci\u00f3n, esto no significa que dicha oferta pueda ser admitida como prueba en la audiencia. Si la mediaci\u00f3n fracasa y todas las ofertas se retiran, cada parte deber\u00e1 demostrar su caso por completo, sin hacer ninguna referencia a lo que se haya dicho o a cualquier progreso que se haya logrado en la conferencia de mediaci\u00f3n.<\/p>\n\n\n\n<p>A pesar de que muchos conflictos se resuelven en la instancia de mediaci\u00f3n, no puede asumir que se resolver\u00e1 su conflicto. Es conveniente que usted est\u00e9 lo m\u00e1s preparado que le fuera posible para la audiencia antes de la mediaci\u00f3n. Recuerde que la mediaci\u00f3n es voluntaria y cualquiera de las partes puede renunciar a ella. En caso de renuncia, se proceder\u00e1 directamente a celebrar la audiencia.<\/p>\n","protected":false},"excerpt":{"rendered":"<p>La OAH le proporcionar\u00e1 un mediador para que usted y el distrito se re\u00fanan informalmente antes de la audiencia de debido proceso para intentar resolver&hellip;<\/p>\n","protected":false},"author":1,"featured_media":0,"parent":337,"menu_order":40,"comment_status":"closed","ping_status":"closed","template":"","meta":{"footnotes":""},"class_list":["post-4050","page","type-page","status-publish","hentry"],"_links":{"self":[{"href":"https:\/\/serr.disabilityrightsca.org\/sp\/wp-json\/wp\/v2\/pages\/4050","targetHints":{"allow":["GET"]}}],"collection":[{"href":"https:\/\/serr.disabilityrightsca.org\/sp\/wp-json\/wp\/v2\/pages"}],"about":[{"href":"https:\/\/serr.disabilityrightsca.org\/sp\/wp-json\/wp\/v2\/types\/page"}],"author":[{"embeddable":true,"href":"https:\/\/serr.disabilityrightsca.org\/sp\/wp-json\/wp\/v2\/users\/1"}],"replies":[{"embeddable":true,"href":"https:\/\/serr.disabilityrightsca.org\/sp\/wp-json\/wp\/v2\/comments?post=4050"}],"version-history":[{"count":2,"href":"https:\/\/serr.disabilityrightsca.org\/sp\/wp-json\/wp\/v2\/pages\/4050\/revisions"}],"predecessor-version":[{"id":4470,"href":"https:\/\/serr.disabilityrightsca.org\/sp\/wp-json\/wp\/v2\/pages\/4050\/revisions\/4470"}],"up":[{"embeddable":true,"href":"https:\/\/serr.disabilityrightsca.org\/sp\/wp-json\/wp\/v2\/pages\/337"}],"wp:attachment":[{"href":"https:\/\/serr.disabilityrightsca.org\/sp\/wp-json\/wp\/v2\/media?parent=4050"}],"curies":[{"name":"wp","href":"https:\/\/api.w.org\/{rel}","templated":true}]}}