{"id":4053,"date":"2020-08-01T15:29:03","date_gmt":"2020-08-01T22:29:03","guid":{"rendered":"https:\/\/serr.disabilityrightsca.org\/sp\/?page_id=4053"},"modified":"2022-04-15T15:43:42","modified_gmt":"2022-04-15T22:43:42","slug":"6-41-que-es-una-conferencia-de-mediacion","status":"publish","type":"page","link":"https:\/\/serr.disabilityrightsca.org\/sp\/serr-manual\/chapter-6-informacion-sobre-el-debido-proceso-y-los-procedimientos-de-cumplimiento\/6-41-que-es-una-conferencia-de-mediacion\/","title":{"rendered":"(6.41) \u00bfCu\u00e1les son las ventajas y las desventajas de una mediaci\u00f3n?"},"content":{"rendered":"\n<p>Se aconseja realizar la mediaci\u00f3n porque les brinda a las partes otra posibilidad de lograr un acuerdo. La intervenci\u00f3n de un mediador imparcial aumenta las posibilidades de lograr una resoluci\u00f3n del conflicto. La mediaci\u00f3n no modifica el plazo de 45 d\u00edas, a pesar de que en ocasiones se solicita a los padres que extiendan dicho plazo para ayudar en el proceso de mediaci\u00f3n. Desde un punto de vista pr\u00e1ctico, con frecuencia, la mediaci\u00f3n les brinda m\u00e1s informaci\u00f3n a los padres acerca del punto de vista del distrito. Si se celebra una audiencia de debido proceso, esta informaci\u00f3n puede ser de utilidad.<\/p>\n\n\n\n<p>Por otra parte, el proceso de mediaci\u00f3n insume tiempo y energ\u00eda adicionales. Ser\u00eda aconsejable renunciar a la mediaci\u00f3n en el caso de que la naturaleza del conflicto exija una resoluci\u00f3n expedita. Sin embargo, antes de renunciar a la mediaci\u00f3n, aseg\u00farese de estar preparado para proceder con la audiencia de debido proceso. La renuncia a la mediaci\u00f3n puede resultar en que la audiencia del debido proceso se programe antes que si usted hubiera participado en la mediaci\u00f3n.<\/p>\n","protected":false},"excerpt":{"rendered":"<p>Se aconseja realizar la mediaci\u00f3n porque les brinda a las partes otra posibilidad de lograr un acuerdo. La intervenci\u00f3n de un mediador imparcial aumenta las&hellip;<\/p>\n","protected":false},"author":1,"featured_media":0,"parent":337,"menu_order":41,"comment_status":"closed","ping_status":"closed","template":"","meta":{"footnotes":""},"class_list":["post-4053","page","type-page","status-publish","hentry"],"_links":{"self":[{"href":"https:\/\/serr.disabilityrightsca.org\/sp\/wp-json\/wp\/v2\/pages\/4053","targetHints":{"allow":["GET"]}}],"collection":[{"href":"https:\/\/serr.disabilityrightsca.org\/sp\/wp-json\/wp\/v2\/pages"}],"about":[{"href":"https:\/\/serr.disabilityrightsca.org\/sp\/wp-json\/wp\/v2\/types\/page"}],"author":[{"embeddable":true,"href":"https:\/\/serr.disabilityrightsca.org\/sp\/wp-json\/wp\/v2\/users\/1"}],"replies":[{"embeddable":true,"href":"https:\/\/serr.disabilityrightsca.org\/sp\/wp-json\/wp\/v2\/comments?post=4053"}],"version-history":[{"count":2,"href":"https:\/\/serr.disabilityrightsca.org\/sp\/wp-json\/wp\/v2\/pages\/4053\/revisions"}],"predecessor-version":[{"id":4472,"href":"https:\/\/serr.disabilityrightsca.org\/sp\/wp-json\/wp\/v2\/pages\/4053\/revisions\/4472"}],"up":[{"embeddable":true,"href":"https:\/\/serr.disabilityrightsca.org\/sp\/wp-json\/wp\/v2\/pages\/337"}],"wp:attachment":[{"href":"https:\/\/serr.disabilityrightsca.org\/sp\/wp-json\/wp\/v2\/media?parent=4053"}],"curies":[{"name":"wp","href":"https:\/\/api.w.org\/{rel}","templated":true}]}}