{"id":4059,"date":"2020-08-01T15:32:56","date_gmt":"2020-08-01T22:32:56","guid":{"rendered":"https:\/\/serr.disabilityrightsca.org\/sp\/?page_id=4059"},"modified":"2022-04-15T15:52:20","modified_gmt":"2022-04-15T22:52:20","slug":"6-43-existe-algun-otro-procedimiento-de-resolucion-de-conflictos","status":"publish","type":"page","link":"https:\/\/serr.disabilityrightsca.org\/sp\/serr-manual\/chapter-6-informacion-sobre-el-debido-proceso-y-los-procedimientos-de-cumplimiento\/6-43-existe-algun-otro-procedimiento-de-resolucion-de-conflictos\/","title":{"rendered":"(6.43) \u00bfEn qu\u00e9 se diferencian la mediaci\u00f3n y la \u201csesi\u00f3n de resoluci\u00f3n\u201d?"},"content":{"rendered":"\n<p>La mediaci\u00f3n se diferencia de la sesi\u00f3n de la resoluci\u00f3n en cuatro aspectos fundamentales. Primero, en el caso de la mediaci\u00f3n, existe una persona neutral (el mediador) que ayuda a los padres y al distrito a lograr un acuerdo. La sesi\u00f3n de resoluci\u00f3n es similar a realizar otra reuni\u00f3n del IEP con el personal de la escuela. Segundo, en una conferencia de mediaci\u00f3n, todas las cuestiones debatidas son confidenciales y no se pueden tratar en una posterior audiencia o proceso judicial. Los reglamentos de la sesi\u00f3n de resoluci\u00f3n no proh\u00edben a las partes revelar esta informaci\u00f3n en una audiencia posterior (salvo que se haya pactado voluntariamente la confidencialidad).<\/p>\n\n\n\n<p>Tercero, a diferencia del acuerdo logrado en una sesi\u00f3n de resoluci\u00f3n, no existe un per\u00edodo de gracia autom\u00e1tico de tres d\u00edas, en el que cualquiera de las partes puede anular el acuerdo al que se haya arribado en la mediaci\u00f3n. Cuarto, el plazo de 45 d\u00edas para emitir una decisi\u00f3n final del caso no se suspende mientras la mediaci\u00f3n se est\u00e1 tramitando; por el contrario, este plazo se <em>detiene<\/em> durante el proceso de sesi\u00f3n de resoluci\u00f3n. [20 U.S.C. Sec. 1415(i)(3)(D)(iii); 34 C.F.R. Sec. 300.510; Cal. Ed. Code Sec. 56501.5; 5 C.C.R. Sec. 3086].<\/p>\n\n\n\n<p>Debe analizar estos factores al momento de decidir si desea recurrir a la mediaci\u00f3n en lugar de optar por una sesi\u00f3n de resoluci\u00f3n. Recuerde, sin embargo, que debe asistir a la sesi\u00f3n de resoluci\u00f3n, a menos que ambas partes hayan renunciado a la resoluci\u00f3n por escrito.<\/p>\n","protected":false},"excerpt":{"rendered":"<p>La mediaci\u00f3n se diferencia de la sesi\u00f3n de la resoluci\u00f3n en cuatro aspectos fundamentales. Primero, en el caso de la mediaci\u00f3n, existe una persona neutral&hellip;<\/p>\n","protected":false},"author":1,"featured_media":0,"parent":337,"menu_order":43,"comment_status":"closed","ping_status":"closed","template":"","meta":{"footnotes":""},"class_list":["post-4059","page","type-page","status-publish","hentry"],"_links":{"self":[{"href":"https:\/\/serr.disabilityrightsca.org\/sp\/wp-json\/wp\/v2\/pages\/4059","targetHints":{"allow":["GET"]}}],"collection":[{"href":"https:\/\/serr.disabilityrightsca.org\/sp\/wp-json\/wp\/v2\/pages"}],"about":[{"href":"https:\/\/serr.disabilityrightsca.org\/sp\/wp-json\/wp\/v2\/types\/page"}],"author":[{"embeddable":true,"href":"https:\/\/serr.disabilityrightsca.org\/sp\/wp-json\/wp\/v2\/users\/1"}],"replies":[{"embeddable":true,"href":"https:\/\/serr.disabilityrightsca.org\/sp\/wp-json\/wp\/v2\/comments?post=4059"}],"version-history":[{"count":2,"href":"https:\/\/serr.disabilityrightsca.org\/sp\/wp-json\/wp\/v2\/pages\/4059\/revisions"}],"predecessor-version":[{"id":4474,"href":"https:\/\/serr.disabilityrightsca.org\/sp\/wp-json\/wp\/v2\/pages\/4059\/revisions\/4474"}],"up":[{"embeddable":true,"href":"https:\/\/serr.disabilityrightsca.org\/sp\/wp-json\/wp\/v2\/pages\/337"}],"wp:attachment":[{"href":"https:\/\/serr.disabilityrightsca.org\/sp\/wp-json\/wp\/v2\/media?parent=4059"}],"curies":[{"name":"wp","href":"https:\/\/api.w.org\/{rel}","templated":true}]}}