{"id":4065,"date":"2020-08-01T15:36:00","date_gmt":"2020-08-01T22:36:00","guid":{"rendered":"https:\/\/serr.disabilityrightsca.org\/sp\/?page_id=4065"},"modified":"2022-04-15T15:53:59","modified_gmt":"2022-04-15T22:53:59","slug":"6-45-si-solicite-un-debido-proceso-y-recurri-a-la-mediacion-de-la-oah-pero-no-pude-resolver-mi-caso-y-el-distrito-me-propone-resolver-el-conflicto-antes-de-solicitar-la-audiencia-pero-fuera-del-a","status":"publish","type":"page","link":"https:\/\/serr.disabilityrightsca.org\/sp\/serr-manual\/chapter-6-informacion-sobre-el-debido-proceso-y-los-procedimientos-de-cumplimiento\/6-45-si-solicite-un-debido-proceso-y-recurri-a-la-mediacion-de-la-oah-pero-no-pude-resolver-mi-caso-y-el-distrito-me-propone-resolver-el-conflicto-antes-de-solicitar-la-audiencia-pero-fuera-del-a\/","title":{"rendered":"(6.45) \u00bfQu\u00e9 ocurre con la colocaci\u00f3n y los servicios de mi hijo si solicito una audiencia de debido proceso?"},"content":{"rendered":"\n<p>Excepto en ciertas circunstancias que se analizaron anteriormente, su hijo debe permanecer en su colocaci\u00f3n educativa actual y continuar con la implementaci\u00f3n total de su IEP <em>ya<\/em> acordado (incluidos todos los servicios relacionados) desde el momento en que solicit\u00f3 una audiencia hasta que se hayan completado los procedimientos de la audiencia de debido proceso (y las apelaciones judiciales, si fuera el caso). [Cal. Ed. Code Sec. 56505(d); 34 C.F.R. Sec. 300.518]. Este tipo de protecci\u00f3n se denomina disposici\u00f3n de \u201cstay-put\u201d. Esta norma puede ser modificada si los padres o el distrito acceden a cambiar la colocaci\u00f3n o los servicios del ni\u00f1o, mientras el debido proceso se encuentra pendiente de resoluci\u00f3n.<\/p>\n\n\n\n<p>Una vez que concluye la audiencia, si el caso se deriva a un tribunal, la colocaci\u00f3n y los servicios amparados por la norma de stay-put se convierten en la modalidad que haya dispuesto el juez de derecho administrativo durante la audiencia administrativa. [<em>Clovis Unified District v. Office of Administrative Hearings<\/em>, 903 F.2d 635, 648 (9th Cir. 1990); Cal. Ed. Code Sec. 56505(d)].<\/p>\n\n\n\n<p>La colocaci\u00f3n del alumno que debe stay-put tambi\u00e9n puede cambiar en una de las siguientes situaciones:<\/p>\n\n\n\n<ol class=\"wp-block-list\"><li>Si el ni\u00f1o ha participado en un delito que involucra el uso de armas o drogas, o si ha infligido lesiones corporales graves a otra persona, el distrito puede cambiar su colocaci\u00f3n (incluso si usted solicit\u00f3 una audiencia de debido proceso), a un \u201centorno educativo alternativo provisorio\u201d (Interim Alternative Educational Setting, IAES por sus siglas en ingl\u00e9s) durante un plazo m\u00e1ximo de 45 d\u00edas. [34 C.F.R. Sec. 300.530(g)];<\/li><li>Si el distrito convence a un juez de derecho administrativo de que la presencia del ni\u00f1o en su colocaci\u00f3n actual \u201cmuy probablemente causar\u00e1 lesiones al alumno o a otros\u201d, el juez podr\u00e1 disponer su colocaci\u00f3n en un IAES, durante un plazo m\u00e1ximo de 45 d\u00edas [34 C.F.R. Secs. 300.532(a) &amp; (b)]; o<\/li><li>Si el distrito convence a un tribunal estatal o federal de que la permanencia del ni\u00f1o en su colocaci\u00f3n actual \u201cmuy probablemente causar\u00e1 lesiones al alumno o a otros\u201d, entonces la colocaci\u00f3n actual del alumno depender\u00e1 de lo que dictamine la orden judicial, mientras la audiencia de debido proceso se encuentre pendiente de resoluci\u00f3n. [<em>Honig v. Doe, <\/em>484 U.S. 305, 307 (1988); <em>Gadsden City Bd. of Ed. v. B.P<\/em>., 3 F. Supp. 2d 1299, 1303 (N.D. Ala. 1998) (ratificaci\u00f3n del caso <em>Honig <\/em>luego de las reformas a la IDEA)].<\/li><\/ol>\n\n\n\n<p>El entorno educativo alternativo provisorio (IAES) debe ser elegido de manera que el alumno pueda continuar participando en el programa de estudios general y progresando en miras al cumplimiento de las metas establecidas en su IEP. [34 C.F.R. Sec. 300.530(d)(1)(i)].<\/p>\n","protected":false},"excerpt":{"rendered":"<p>Excepto en ciertas circunstancias que se analizaron anteriormente, su hijo debe permanecer en su colocaci\u00f3n educativa actual y continuar con la implementaci\u00f3n total de su&hellip;<\/p>\n","protected":false},"author":1,"featured_media":0,"parent":337,"menu_order":45,"comment_status":"closed","ping_status":"closed","template":"","meta":{"footnotes":""},"class_list":["post-4065","page","type-page","status-publish","hentry"],"_links":{"self":[{"href":"https:\/\/serr.disabilityrightsca.org\/sp\/wp-json\/wp\/v2\/pages\/4065","targetHints":{"allow":["GET"]}}],"collection":[{"href":"https:\/\/serr.disabilityrightsca.org\/sp\/wp-json\/wp\/v2\/pages"}],"about":[{"href":"https:\/\/serr.disabilityrightsca.org\/sp\/wp-json\/wp\/v2\/types\/page"}],"author":[{"embeddable":true,"href":"https:\/\/serr.disabilityrightsca.org\/sp\/wp-json\/wp\/v2\/users\/1"}],"replies":[{"embeddable":true,"href":"https:\/\/serr.disabilityrightsca.org\/sp\/wp-json\/wp\/v2\/comments?post=4065"}],"version-history":[{"count":3,"href":"https:\/\/serr.disabilityrightsca.org\/sp\/wp-json\/wp\/v2\/pages\/4065\/revisions"}],"predecessor-version":[{"id":4476,"href":"https:\/\/serr.disabilityrightsca.org\/sp\/wp-json\/wp\/v2\/pages\/4065\/revisions\/4476"}],"up":[{"embeddable":true,"href":"https:\/\/serr.disabilityrightsca.org\/sp\/wp-json\/wp\/v2\/pages\/337"}],"wp:attachment":[{"href":"https:\/\/serr.disabilityrightsca.org\/sp\/wp-json\/wp\/v2\/media?parent=4065"}],"curies":[{"name":"wp","href":"https:\/\/api.w.org\/{rel}","templated":true}]}}