{"id":4068,"date":"2020-08-01T15:37:32","date_gmt":"2020-08-01T22:37:32","guid":{"rendered":"https:\/\/serr.disabilityrightsca.org\/sp\/?page_id=4068"},"modified":"2022-04-15T15:55:25","modified_gmt":"2022-04-15T22:55:25","slug":"6-46-que-sucede-con-la-colocacion-y-servicios-de-mi-hijo-si-solicito-una-audiencia-de-debido-proceso","status":"publish","type":"page","link":"https:\/\/serr.disabilityrightsca.org\/sp\/serr-manual\/chapter-6-informacion-sobre-el-debido-proceso-y-los-procedimientos-de-cumplimiento\/6-46-que-sucede-con-la-colocacion-y-servicios-de-mi-hijo-si-solicito-una-audiencia-de-debido-proceso\/","title":{"rendered":"(6.46) \u00bfC\u00f3mo puede garantizar que un distrito cumpla con la disposici\u00f3n \u201cstay-put\u201d (mantenimiento de las condiciones actuales)?"},"content":{"rendered":"\n<p>La mayor\u00eda de los distritos conocen y por lo general cumplen con la disposici\u00f3n \u201cstay-put\u201d. Sin embargo, en los \u00faltimos a\u00f1os, los conflictos con respecto al cumplimiento de esta disposici\u00f3n se han tornado m\u00e1s comunes. Existen varias alternativas disponibles para ayudarlo a hacer cumplir sus derechos de \u201cstay-put\u201d:<\/p>\n\n\n\n<ol class=\"wp-block-list\"><li>Como sucede en todas las instancias del proceso de educaci\u00f3n especial, debe hacerle saber al distrito que conoce sus derechos. Esta simple medida permite que el distrito sepa que usted espera que cumpla con sus responsabilidades, de conformidad con la ley federal y estatal. En consecuencia, puede incluir en su solicitud de audiencia (cuya copia debe enviar a su distrito) una declaraci\u00f3n en la que se solicita que el distrito confirme el derecho de su hijo a permanecer en su colocaci\u00f3n y\/o con sus servicios actuales. Si el distrito no responde dentro de los cinco d\u00edas, o se niega a cumplir con los derechos de \u201cstay-put\u201d, puede recurrir a la alternativa (3) que se indica a continuaci\u00f3n.<\/li><li>Puede presentar un reclamo de cumplimiento ante el CDE. Debido a que la acci\u00f3n del CDE puede llevar demasiado tiempo para que esto sirva de ayuda, puede llamar a la oficina de garant\u00eda de calidad para solicitar una investigaci\u00f3n de \u201cr\u00e1pido seguimiento\u201d o bien comunicarse directamente con su distrito. Sin embargo, el CDE tiene la facultad discrecional de aceptar o rechazar la solicitud de proceso de r\u00e1pido seguimiento.<\/li><li>Una vez que solicit\u00f3 un debido proceso, puede presentar una petici\u00f3n de \u201cstay-put\u201d donde le solicita a la Oficina de Audiencias Administrativas (OAH) que resuelva su solicitud. A los fines de presentar una petici\u00f3n, redacte una carta en la que se detalle su solicitud y las razones por las que considera que la disposici\u00f3n \u201cstay-put\u201d es aplicable a la situaci\u00f3n particular de su hijo. Un juez de derecho administrativo revisar\u00e1 esta informaci\u00f3n y emitir\u00e1 una orden judicial en la que se conceda o deniegue su solicitud. Consulte el <em>p\u00e1rrafo de muestra:<\/em> <a href=\"https:\/\/serr.disabilityrightsca.org\/sp\/serr-manual\/apendice\/m-solicitud-de-debido-proceso-para-no-innovar\/\" data-type=\"page\" data-id=\"3129\"><em>Solicitud de debido proceso para &#8220;stay-put&#8221;<\/em>, Secci\u00f3n de ap\u00e9ndices, Ap\u00e9ndice M<\/a>.<\/li><\/ol>\n","protected":false},"excerpt":{"rendered":"<p>La mayor\u00eda de los distritos conocen y por lo general cumplen con la disposici\u00f3n \u201cstay-put\u201d. Sin embargo, en los \u00faltimos a\u00f1os, los conflictos con respecto&hellip;<\/p>\n","protected":false},"author":1,"featured_media":0,"parent":337,"menu_order":46,"comment_status":"closed","ping_status":"closed","template":"","meta":{"footnotes":""},"class_list":["post-4068","page","type-page","status-publish","hentry"],"_links":{"self":[{"href":"https:\/\/serr.disabilityrightsca.org\/sp\/wp-json\/wp\/v2\/pages\/4068","targetHints":{"allow":["GET"]}}],"collection":[{"href":"https:\/\/serr.disabilityrightsca.org\/sp\/wp-json\/wp\/v2\/pages"}],"about":[{"href":"https:\/\/serr.disabilityrightsca.org\/sp\/wp-json\/wp\/v2\/types\/page"}],"author":[{"embeddable":true,"href":"https:\/\/serr.disabilityrightsca.org\/sp\/wp-json\/wp\/v2\/users\/1"}],"replies":[{"embeddable":true,"href":"https:\/\/serr.disabilityrightsca.org\/sp\/wp-json\/wp\/v2\/comments?post=4068"}],"version-history":[{"count":2,"href":"https:\/\/serr.disabilityrightsca.org\/sp\/wp-json\/wp\/v2\/pages\/4068\/revisions"}],"predecessor-version":[{"id":4478,"href":"https:\/\/serr.disabilityrightsca.org\/sp\/wp-json\/wp\/v2\/pages\/4068\/revisions\/4478"}],"up":[{"embeddable":true,"href":"https:\/\/serr.disabilityrightsca.org\/sp\/wp-json\/wp\/v2\/pages\/337"}],"wp:attachment":[{"href":"https:\/\/serr.disabilityrightsca.org\/sp\/wp-json\/wp\/v2\/media?parent=4068"}],"curies":[{"name":"wp","href":"https:\/\/api.w.org\/{rel}","templated":true}]}}