{"id":4074,"date":"2020-08-01T15:45:56","date_gmt":"2020-08-01T22:45:56","guid":{"rendered":"https:\/\/serr.disabilityrightsca.org\/sp\/?page_id=4074"},"modified":"2022-04-15T15:59:55","modified_gmt":"2022-04-15T22:59:55","slug":"6-48-necesito-solicitar-un-debido-proceso-y-una-disposicion-de-permanecer-en-el-lugar-si-el-distrito-no-implementa-mi-iep","status":"publish","type":"page","link":"https:\/\/serr.disabilityrightsca.org\/sp\/serr-manual\/chapter-6-informacion-sobre-el-debido-proceso-y-los-procedimientos-de-cumplimiento\/6-48-necesito-solicitar-un-debido-proceso-y-una-disposicion-de-permanecer-en-el-lugar-si-el-distrito-no-implementa-mi-iep\/","title":{"rendered":"(6.48) \u00bfQu\u00e9 derechos tengo en el debido proceso?"},"content":{"rendered":"\n<p>Dispone de varios derechos en el debido proceso, incluido el derecho de:<\/p>\n\n\n\n<ol class=\"wp-block-list\"><li>Ser informado sobre los servicios legales disponibles que sean gratis o de bajo costo. [Cal Ed. Code Sec. 56502(h)].<\/li><li>Asistir a una conferencia de mediaci\u00f3n, la cual consiste en una reuni\u00f3n informal entre usted, el distrito y un mediador del estado, en un intento de negociar la resoluci\u00f3n del conflicto, en el caso de que usted y el distrito hayan acordado la mediaci\u00f3n. [20 U.S.C. Sec. 1415 (e); 34 C.F.R. Sec. 300.506; Cal. Ed. Code Secs.56501(b)(1)(2) &amp; 56503].<\/li><li>Disponer de la audiencia en el tiempo y lugar razonablemente convenientes para usted. [34 C.F.R. Sec. 300.515(d); Cal. Ed. Code Sec. 56505(b)]. Se puede obtener una pr\u00f3rroga del plazo de la audiencia por parte del juez de derecho administrativo, \u201calegando justa causa\u201d. [Cal. Ed. Code Sec. 56505(f)(3)]. Sin embargo, el hecho de no estar listo para la audiencia o la imposibilidad de ofrecer alg\u00fan testigo de relevancia al momento en que se programa la audiencia, no configura una \u201cjusta causa\u201d para solicitar un aplazamiento. Tambi\u00e9n tiene derecho a que su hijo asista a la audiencia y que \u00e9sta sea abierta o cerrada al p\u00fablico, si esa fuera su decisi\u00f3n. [34 C.F.R. Sec. 300.512(c); Cal. Ed. Code Sec. 56501(c)].<\/li><li>Que la audiencia sea conducida por un juez de derecho administrativo imparcial. [20 U.S.C. Sec. 1415(f)(3); 34 C.F.R. Sec. 300.511; Cal. Ed. Code Sec. 56505(c)].<\/li><li>Ser representado por un abogado. [20 U.S.C. Sec. 1415 (h)(1); 34 C.F.R. Sec. 300.512(a)(1)]. Si cualquiera de las partes recurre a un abogado, dicha parte debe notificar a la otra, por escrito, diez d\u00edas antes de la audiencia. [Cal. Ed. Code Sec. 56507(a)].<\/li><li>Presentar pruebas y argumentos escritos y orales, confrontar, interrogar testigos y requerir su asistencia, y recibir un registro escrito o electr\u00f3nico de la audiencia. [20 U.S.C. Sec. 1415 (h)(2) &amp; (3); 34 C.F.R. Sec. 300.512(a)(2) &amp; (4); Cal. Ed. Code Sec. 56505(e)(2) &amp; (4)].<\/li><li>Prohibir la introducci\u00f3n de cualquier prueba en la audiencia que no se haya ofrecido con una anticipaci\u00f3n de al menos cinco d\u00edas previos a la audiencia. [20 U.S.C. Sec. 1415(f)(2)(B); 34 C.F.R. Sec. 300.512(a)(3); Cal. Ed. Code Sec. 56505(e)(7)].<\/li><li>Obtener una decisi\u00f3n razonable y por escrito en la que se incluyan las conclusiones de hecho. La decisi\u00f3n completa se debe enviar por correo a todas las partes dentro de los 45 d\u00edas luego de la conclusi\u00f3n del per\u00edodo de 30 d\u00edas previsto para la reuni\u00f3n de resoluci\u00f3n. [34 C.F.R. Sec. 300.515(a); Cal. Ed. Code Secs. 56501.5, 56502(f) &amp; 56505(f)(3)].<\/li><\/ol>\n\n\n\n<p>Si tiene \u00e9xito en la audiencia de debido proceso o en un tribunal (es decir, es la parte vencedora), y cont\u00f3 con la representaci\u00f3n de un abogado, los honorarios y costos procesales pueden ser a cargo del distrito. [20 U.S.C. Sec.1415(i)(3)(B); 34 C.F.R. Sec. 300.517].<\/p>\n\n\n\n<p>La decisi\u00f3n emitida en la audiencia de debido proceso es la determinaci\u00f3n administrativa final y es vinculante para ambas partes. [34 C.F.R. Sec. 300.514; Cal. Ed. Code Sec. 56505(h)]. Cualquiera de las partes puede apelar la decisi\u00f3n emitida en la audiencia, en un tribunal estatal o federal, en el caso de no estar de acuerdo con la resoluci\u00f3n. La apelaci\u00f3n debe ser presentada dentro de los 90 d\u00edas a partir de recibida la decisi\u00f3n. [20 U.S.C. Sec. 1415(i)(2); 34 C.F.R. Sec. 300.516(b); Cal. Ed. Code Sec. 56505(k)].<\/p>\n","protected":false},"excerpt":{"rendered":"<p>Dispone de varios derechos en el debido proceso, incluido el derecho de: Ser informado sobre los servicios legales disponibles que sean gratis o de bajo&hellip;<\/p>\n","protected":false},"author":1,"featured_media":0,"parent":337,"menu_order":48,"comment_status":"closed","ping_status":"closed","template":"","meta":{"footnotes":""},"class_list":["post-4074","page","type-page","status-publish","hentry"],"_links":{"self":[{"href":"https:\/\/serr.disabilityrightsca.org\/sp\/wp-json\/wp\/v2\/pages\/4074","targetHints":{"allow":["GET"]}}],"collection":[{"href":"https:\/\/serr.disabilityrightsca.org\/sp\/wp-json\/wp\/v2\/pages"}],"about":[{"href":"https:\/\/serr.disabilityrightsca.org\/sp\/wp-json\/wp\/v2\/types\/page"}],"author":[{"embeddable":true,"href":"https:\/\/serr.disabilityrightsca.org\/sp\/wp-json\/wp\/v2\/users\/1"}],"replies":[{"embeddable":true,"href":"https:\/\/serr.disabilityrightsca.org\/sp\/wp-json\/wp\/v2\/comments?post=4074"}],"version-history":[{"count":2,"href":"https:\/\/serr.disabilityrightsca.org\/sp\/wp-json\/wp\/v2\/pages\/4074\/revisions"}],"predecessor-version":[{"id":4481,"href":"https:\/\/serr.disabilityrightsca.org\/sp\/wp-json\/wp\/v2\/pages\/4074\/revisions\/4481"}],"up":[{"embeddable":true,"href":"https:\/\/serr.disabilityrightsca.org\/sp\/wp-json\/wp\/v2\/pages\/337"}],"wp:attachment":[{"href":"https:\/\/serr.disabilityrightsca.org\/sp\/wp-json\/wp\/v2\/media?parent=4074"}],"curies":[{"name":"wp","href":"https:\/\/api.w.org\/{rel}","templated":true}]}}