{"id":4077,"date":"2020-08-01T15:47:48","date_gmt":"2020-08-01T22:47:48","guid":{"rendered":"https:\/\/serr.disabilityrightsca.org\/sp\/?page_id=4077"},"modified":"2022-04-15T16:00:36","modified_gmt":"2022-04-15T23:00:36","slug":"6-49-que-derechos-tengo-en-el-debido-proceso","status":"publish","type":"page","link":"https:\/\/serr.disabilityrightsca.org\/sp\/serr-manual\/chapter-6-informacion-sobre-el-debido-proceso-y-los-procedimientos-de-cumplimiento\/6-49-que-derechos-tengo-en-el-debido-proceso\/","title":{"rendered":"(6.49) Durante una audiencia de debido proceso de educaci\u00f3n especial, \u00bfdebo convencer al juez de derecho administrativo de que el distrito ofreci\u00f3 un programa inadecuado para mi hijo o es el distrito quien debe demostrar lo contrario?"},"content":{"rendered":"\n<p>La Corte Suprema de los Estados Unidos determin\u00f3 que la parte que solicita al juez de derecho administrativo alguna medida en contra de la otra, tiene la carga de probar que lo que alega es lo conveniente y que la propuesta de la otra parte no es apropiada. Esto se aplica tanto a los padres como al distrito, cualquiera sea la parte que haya solicitado la audiencia. Si los padres desean un servicio o una colocaci\u00f3n en el IEP que el distrito no est\u00e1 dispuesto a proporcionar y los&nbsp;<\/p>\n\n\n\n<p>padres solicitan una audiencia de debido proceso, estos deben persuadir al juez de derecho administrativo de que el servicio o colocaci\u00f3n son necesarios para que el programa del alumno sea adecuado. Los padres deber\u00e1n ofrecer un c\u00famulo probatorio suficiente para convencer al juez de derecho administrativo de que su propuesta es adecuada y que la del distrito no lo es. [<em>Schaffer&nbsp;v.&nbsp;Weast<\/em>, 546 U.S. 49, 62 (2005)].<\/p>\n","protected":false},"excerpt":{"rendered":"<p>La Corte Suprema de los Estados Unidos determin\u00f3 que la parte que solicita al juez de derecho administrativo alguna medida en contra de la otra,&hellip;<\/p>\n","protected":false},"author":1,"featured_media":0,"parent":337,"menu_order":49,"comment_status":"closed","ping_status":"closed","template":"","meta":{"footnotes":""},"class_list":["post-4077","page","type-page","status-publish","hentry"],"_links":{"self":[{"href":"https:\/\/serr.disabilityrightsca.org\/sp\/wp-json\/wp\/v2\/pages\/4077","targetHints":{"allow":["GET"]}}],"collection":[{"href":"https:\/\/serr.disabilityrightsca.org\/sp\/wp-json\/wp\/v2\/pages"}],"about":[{"href":"https:\/\/serr.disabilityrightsca.org\/sp\/wp-json\/wp\/v2\/types\/page"}],"author":[{"embeddable":true,"href":"https:\/\/serr.disabilityrightsca.org\/sp\/wp-json\/wp\/v2\/users\/1"}],"replies":[{"embeddable":true,"href":"https:\/\/serr.disabilityrightsca.org\/sp\/wp-json\/wp\/v2\/comments?post=4077"}],"version-history":[{"count":2,"href":"https:\/\/serr.disabilityrightsca.org\/sp\/wp-json\/wp\/v2\/pages\/4077\/revisions"}],"predecessor-version":[{"id":4482,"href":"https:\/\/serr.disabilityrightsca.org\/sp\/wp-json\/wp\/v2\/pages\/4077\/revisions\/4482"}],"up":[{"embeddable":true,"href":"https:\/\/serr.disabilityrightsca.org\/sp\/wp-json\/wp\/v2\/pages\/337"}],"wp:attachment":[{"href":"https:\/\/serr.disabilityrightsca.org\/sp\/wp-json\/wp\/v2\/media?parent=4077"}],"curies":[{"name":"wp","href":"https:\/\/api.w.org\/{rel}","templated":true}]}}