{"id":4080,"date":"2020-08-01T15:48:43","date_gmt":"2020-08-01T22:48:43","guid":{"rendered":"https:\/\/serr.disabilityrightsca.org\/sp\/?page_id=4080"},"modified":"2022-04-15T16:01:18","modified_gmt":"2022-04-15T23:01:18","slug":"6-50-durante-una-audiencia-de-debido-proceso-de-educacion-especial-debo-convencer-al-juez-de-derecho-administrativo-de-que-el-distrito-ofrecio-un-programa-inadecuado-para-mi-hijo-o-es-el-dist","status":"publish","type":"page","link":"https:\/\/serr.disabilityrightsca.org\/sp\/serr-manual\/chapter-6-informacion-sobre-el-debido-proceso-y-los-procedimientos-de-cumplimiento\/6-50-durante-una-audiencia-de-debido-proceso-de-educacion-especial-debo-convencer-al-juez-de-derecho-administrativo-de-que-el-distrito-ofrecio-un-programa-inadecuado-para-mi-hijo-o-es-el-dist\/","title":{"rendered":"(6.50) \u00bfD\u00f3nde puedo obtener las pruebas que necesitar\u00e9 presentar en la audiencia de debido proceso?"},"content":{"rendered":"\n<p>La informaci\u00f3n que necesitar\u00e1 para sustentar su caso puede provenir de su testimonio, si puede proporcionar ejemplos de otras experiencias de aprendizaje similares, buenas o malas, que haya tenido con su hijo cuando haya recibido un cierto nivel, tipo o servicio o bien cuando haya sido colocado en ciertos entornos.<\/p>\n\n\n\n<p>Es m\u00e1s probable que un maestro o especialista que conoce a su hijo o un \u201cexperto\u201d independiente con conocimientos en educaci\u00f3n o capacitaci\u00f3n de personas con discapacidad deba testificar para dar sustento a su postura. El distrito presentar\u00e1 testigos (incluidos los maestros y especialistas actuales) quienes son educadores, psic\u00f3logos, terapeutas y administradores profesionales que cuentan con diplomas y credenciales en las \u00e1reas relacionadas con las cuestiones controvertidas.<\/p>\n\n\n\n<p>Por ende, es probable que precise de los servicios de educadores capacitados y otros profesionales para fijar los hechos que necesita demostrar, a los fines de obtener los servicios y colocaciones que busca. Algunos alumnos ya cuentan con tutores, asesores, m\u00e9dicos, psic\u00f3logos y otros profesionales que forman parte de su vida cotidiana y que pueden ofrecer el tipo de testimonio que debe presentar. En ocasiones, puede obtener evaluaciones financiadas con fondos p\u00fablicos por parte de un profesional educativo independiente. Consulte el cap\u00edtulo 2, <em>Informaci\u00f3n sobre las evaluaciones<\/em>. Es posible que deba invertir su propio dinero para contratar a un evaluador independiente, como un psic\u00f3logo educativo o especialista en discapacidades del aprendizaje.<\/p>\n\n\n\n<p>Antes de solicitar un debido proceso, debe encontrar testigos potenciales y asegurarse de que est\u00e1n dispuestos y en condiciones de proporcionar el tipo de testimonio que usted necesita. Tambi\u00e9n deber\u00e1 considerar: el tiempo necesario para realizar una observaci\u00f3n o evaluaci\u00f3n y para preparar un informe y testimonio; la disponibilidad de los testigos para asistir a una audiencia; y el costo de sus servicios.<\/p>\n","protected":false},"excerpt":{"rendered":"<p>La informaci\u00f3n que necesitar\u00e1 para sustentar su caso puede provenir de su testimonio, si puede proporcionar ejemplos de otras experiencias de aprendizaje similares, buenas o&hellip;<\/p>\n","protected":false},"author":1,"featured_media":0,"parent":337,"menu_order":50,"comment_status":"closed","ping_status":"closed","template":"","meta":{"footnotes":""},"class_list":["post-4080","page","type-page","status-publish","hentry"],"_links":{"self":[{"href":"https:\/\/serr.disabilityrightsca.org\/sp\/wp-json\/wp\/v2\/pages\/4080","targetHints":{"allow":["GET"]}}],"collection":[{"href":"https:\/\/serr.disabilityrightsca.org\/sp\/wp-json\/wp\/v2\/pages"}],"about":[{"href":"https:\/\/serr.disabilityrightsca.org\/sp\/wp-json\/wp\/v2\/types\/page"}],"author":[{"embeddable":true,"href":"https:\/\/serr.disabilityrightsca.org\/sp\/wp-json\/wp\/v2\/users\/1"}],"replies":[{"embeddable":true,"href":"https:\/\/serr.disabilityrightsca.org\/sp\/wp-json\/wp\/v2\/comments?post=4080"}],"version-history":[{"count":2,"href":"https:\/\/serr.disabilityrightsca.org\/sp\/wp-json\/wp\/v2\/pages\/4080\/revisions"}],"predecessor-version":[{"id":4483,"href":"https:\/\/serr.disabilityrightsca.org\/sp\/wp-json\/wp\/v2\/pages\/4080\/revisions\/4483"}],"up":[{"embeddable":true,"href":"https:\/\/serr.disabilityrightsca.org\/sp\/wp-json\/wp\/v2\/pages\/337"}],"wp:attachment":[{"href":"https:\/\/serr.disabilityrightsca.org\/sp\/wp-json\/wp\/v2\/media?parent=4080"}],"curies":[{"name":"wp","href":"https:\/\/api.w.org\/{rel}","templated":true}]}}