{"id":4086,"date":"2020-08-01T15:53:08","date_gmt":"2020-08-01T22:53:08","guid":{"rendered":"https:\/\/serr.disabilityrightsca.org\/sp\/?page_id=4086"},"modified":"2022-04-15T16:19:47","modified_gmt":"2022-04-15T23:19:47","slug":"6-52-como-deberia-utilizar-los-servicios-de-un-testigo-perito","status":"publish","type":"page","link":"https:\/\/serr.disabilityrightsca.org\/sp\/serr-manual\/chapter-6-informacion-sobre-el-debido-proceso-y-los-procedimientos-de-cumplimiento\/6-52-como-deberia-utilizar-los-servicios-de-un-testigo-perito\/","title":{"rendered":"(6.52) En lugar de ofrecer pruebas testimoniales en la audiencia de debido proceso, \u00bfpuedo presentar cartas, registros u otros documentos para probar mi caso?"},"content":{"rendered":"\n<p>No. El derecho de interrogar testigos es una parte esencial del debido proceso. Por ende, es fundamental llevar testigos a la audiencia, para que testifiquen sobre lo que observaron y cu\u00e1les son sus opiniones relativas a los asuntos que se dirimen en la audiencia. Los jueces de derecho administrativo no pueden basar una decisi\u00f3n s\u00f3lo en \u201crumores\u201d, sino que deben tener alguna otra evidencia para apoyar la decisi\u00f3n. [5 C.C.R. Sec. 3082(b)]. La mayor\u00eda de los documentos ser\u00e1n considerados solo rumores si no se presenta un testigo para identificarlos o declarar sobre su contenido.<\/p>\n\n\n\n<p>Los documentos brindan sustento y determinan el testimonio de los testigos. Debe reunir y presentar todos los documentos que fundamenten su postura en el caso. Sin embargo, siempre debe asegurarse de que haya un testigo competente disponible y est\u00e9 dispuesto a declarar en la audiencia sobre cada punto clave que debe acreditar, a los fines de obtener lo que considera que su hijo necesita para una educaci\u00f3n adecuada.<\/p>\n","protected":false},"excerpt":{"rendered":"<p>No. El derecho de interrogar testigos es una parte esencial del debido proceso. Por ende, es fundamental llevar testigos a la audiencia, para que testifiquen&hellip;<\/p>\n","protected":false},"author":1,"featured_media":0,"parent":337,"menu_order":52,"comment_status":"closed","ping_status":"closed","template":"","meta":{"footnotes":""},"class_list":["post-4086","page","type-page","status-publish","hentry"],"_links":{"self":[{"href":"https:\/\/serr.disabilityrightsca.org\/sp\/wp-json\/wp\/v2\/pages\/4086","targetHints":{"allow":["GET"]}}],"collection":[{"href":"https:\/\/serr.disabilityrightsca.org\/sp\/wp-json\/wp\/v2\/pages"}],"about":[{"href":"https:\/\/serr.disabilityrightsca.org\/sp\/wp-json\/wp\/v2\/types\/page"}],"author":[{"embeddable":true,"href":"https:\/\/serr.disabilityrightsca.org\/sp\/wp-json\/wp\/v2\/users\/1"}],"replies":[{"embeddable":true,"href":"https:\/\/serr.disabilityrightsca.org\/sp\/wp-json\/wp\/v2\/comments?post=4086"}],"version-history":[{"count":2,"href":"https:\/\/serr.disabilityrightsca.org\/sp\/wp-json\/wp\/v2\/pages\/4086\/revisions"}],"predecessor-version":[{"id":4486,"href":"https:\/\/serr.disabilityrightsca.org\/sp\/wp-json\/wp\/v2\/pages\/4086\/revisions\/4486"}],"up":[{"embeddable":true,"href":"https:\/\/serr.disabilityrightsca.org\/sp\/wp-json\/wp\/v2\/pages\/337"}],"wp:attachment":[{"href":"https:\/\/serr.disabilityrightsca.org\/sp\/wp-json\/wp\/v2\/media?parent=4086"}],"curies":[{"name":"wp","href":"https:\/\/api.w.org\/{rel}","templated":true}]}}