{"id":4089,"date":"2020-08-01T15:54:28","date_gmt":"2020-08-01T22:54:28","guid":{"rendered":"https:\/\/serr.disabilityrightsca.org\/sp\/?page_id=4089"},"modified":"2022-04-15T16:20:27","modified_gmt":"2022-04-15T23:20:27","slug":"6-53-en-lugar-de-ofrecer-pruebas-testimoniales-en-la-audiencia-de-debido-proceso-puedo-presentar-cartas-registros-u-otros-documentos-para-probar-mi-caso","status":"publish","type":"page","link":"https:\/\/serr.disabilityrightsca.org\/sp\/serr-manual\/chapter-6-informacion-sobre-el-debido-proceso-y-los-procedimientos-de-cumplimiento\/6-53-en-lugar-de-ofrecer-pruebas-testimoniales-en-la-audiencia-de-debido-proceso-puedo-presentar-cartas-registros-u-otros-documentos-para-probar-mi-caso\/","title":{"rendered":"(6.53) \u00bfEl juez de derecho administrativo revisa todos los documentos que el distrito y yo enviamos?"},"content":{"rendered":"\n<p>No puede suponer que el juez de derecho administrativo leer\u00e1 todos los registros enviados por las partes antes de emitir una decisi\u00f3n por escrito. Por ende, es fundamental que las declaraciones y las partes importantes de los registros sean expuestos mediante testimonios de testigos presenciales y en una audiencia breve, generalmente presentados luego de la audiencia. Adem\u00e1s, debe organizar todos los documentos que tiene la intenci\u00f3n de presentar e identificarlos de la manera establecida por el juez de derecho administrativo en la \u201cconferencia previa a la audiencia\u201d, o en alg\u00fan momento antes de la audiencia. De esa manera, el juez de derecho administrativo podr\u00e1 consultar y ubicar los documentos con facilidad, durante la audiencia y despu\u00e9s de ella.<\/p>\n","protected":false},"excerpt":{"rendered":"<p>No puede suponer que el juez de derecho administrativo leer\u00e1 todos los registros enviados por las partes antes de emitir una decisi\u00f3n por escrito. Por&hellip;<\/p>\n","protected":false},"author":1,"featured_media":0,"parent":337,"menu_order":53,"comment_status":"closed","ping_status":"closed","template":"","meta":{"footnotes":""},"class_list":["post-4089","page","type-page","status-publish","hentry"],"_links":{"self":[{"href":"https:\/\/serr.disabilityrightsca.org\/sp\/wp-json\/wp\/v2\/pages\/4089","targetHints":{"allow":["GET"]}}],"collection":[{"href":"https:\/\/serr.disabilityrightsca.org\/sp\/wp-json\/wp\/v2\/pages"}],"about":[{"href":"https:\/\/serr.disabilityrightsca.org\/sp\/wp-json\/wp\/v2\/types\/page"}],"author":[{"embeddable":true,"href":"https:\/\/serr.disabilityrightsca.org\/sp\/wp-json\/wp\/v2\/users\/1"}],"replies":[{"embeddable":true,"href":"https:\/\/serr.disabilityrightsca.org\/sp\/wp-json\/wp\/v2\/comments?post=4089"}],"version-history":[{"count":2,"href":"https:\/\/serr.disabilityrightsca.org\/sp\/wp-json\/wp\/v2\/pages\/4089\/revisions"}],"predecessor-version":[{"id":4487,"href":"https:\/\/serr.disabilityrightsca.org\/sp\/wp-json\/wp\/v2\/pages\/4089\/revisions\/4487"}],"up":[{"embeddable":true,"href":"https:\/\/serr.disabilityrightsca.org\/sp\/wp-json\/wp\/v2\/pages\/337"}],"wp:attachment":[{"href":"https:\/\/serr.disabilityrightsca.org\/sp\/wp-json\/wp\/v2\/media?parent=4089"}],"curies":[{"name":"wp","href":"https:\/\/api.w.org\/{rel}","templated":true}]}}