{"id":4092,"date":"2020-08-01T15:55:42","date_gmt":"2020-08-01T22:55:42","guid":{"rendered":"https:\/\/serr.disabilityrightsca.org\/sp\/?page_id=4092"},"modified":"2022-04-15T16:21:11","modified_gmt":"2022-04-15T23:21:11","slug":"6-54-el-juez-de-derecho-administrativo-revisa-todos-los-documentos-que-el-distrito-y-yo-enviamos","status":"publish","type":"page","link":"https:\/\/serr.disabilityrightsca.org\/sp\/serr-manual\/chapter-6-informacion-sobre-el-debido-proceso-y-los-procedimientos-de-cumplimiento\/6-54-el-juez-de-derecho-administrativo-revisa-todos-los-documentos-que-el-distrito-y-yo-enviamos\/","title":{"rendered":"(6.54) \u00bfQu\u00e9 es una conferencia previa a la audiencia?"},"content":{"rendered":"\n<p>Generalmente, el juez de derecho administrativo asignado al caso celebra una conferencia telef\u00f3nica con usted, el distrito y los abogados, si los hubiere, antes de la audiencia, a los fines de concertar la fecha y lugar de la audiencia, su duraci\u00f3n, las cuestiones en conflicto, el intercambio e identificaci\u00f3n de las pruebas y listas de testigos, programaci\u00f3n de las pruebas testimoniales, y otras cuestiones. Despu\u00e9s de la conferencia, el juez de derecho administrativo le enviar\u00e1 por correo una orden de audiencia previa, donde se resume la conferencia.<\/p>\n","protected":false},"excerpt":{"rendered":"<p>Generalmente, el juez de derecho administrativo asignado al caso celebra una conferencia telef\u00f3nica con usted, el distrito y los abogados, si los hubiere, antes de&hellip;<\/p>\n","protected":false},"author":1,"featured_media":0,"parent":337,"menu_order":54,"comment_status":"closed","ping_status":"closed","template":"","meta":{"footnotes":""},"class_list":["post-4092","page","type-page","status-publish","hentry"],"_links":{"self":[{"href":"https:\/\/serr.disabilityrightsca.org\/sp\/wp-json\/wp\/v2\/pages\/4092","targetHints":{"allow":["GET"]}}],"collection":[{"href":"https:\/\/serr.disabilityrightsca.org\/sp\/wp-json\/wp\/v2\/pages"}],"about":[{"href":"https:\/\/serr.disabilityrightsca.org\/sp\/wp-json\/wp\/v2\/types\/page"}],"author":[{"embeddable":true,"href":"https:\/\/serr.disabilityrightsca.org\/sp\/wp-json\/wp\/v2\/users\/1"}],"replies":[{"embeddable":true,"href":"https:\/\/serr.disabilityrightsca.org\/sp\/wp-json\/wp\/v2\/comments?post=4092"}],"version-history":[{"count":2,"href":"https:\/\/serr.disabilityrightsca.org\/sp\/wp-json\/wp\/v2\/pages\/4092\/revisions"}],"predecessor-version":[{"id":4488,"href":"https:\/\/serr.disabilityrightsca.org\/sp\/wp-json\/wp\/v2\/pages\/4092\/revisions\/4488"}],"up":[{"embeddable":true,"href":"https:\/\/serr.disabilityrightsca.org\/sp\/wp-json\/wp\/v2\/pages\/337"}],"wp:attachment":[{"href":"https:\/\/serr.disabilityrightsca.org\/sp\/wp-json\/wp\/v2\/media?parent=4092"}],"curies":[{"name":"wp","href":"https:\/\/api.w.org\/{rel}","templated":true}]}}