{"id":4095,"date":"2020-08-01T16:06:26","date_gmt":"2020-08-01T23:06:26","guid":{"rendered":"https:\/\/serr.disabilityrightsca.org\/sp\/?page_id=4095"},"modified":"2022-04-15T16:21:58","modified_gmt":"2022-04-15T23:21:58","slug":"6-55-que-es-una-conferencia-previa-a-la-audiencia","status":"publish","type":"page","link":"https:\/\/serr.disabilityrightsca.org\/sp\/serr-manual\/chapter-6-informacion-sobre-el-debido-proceso-y-los-procedimientos-de-cumplimiento\/6-55-que-es-una-conferencia-previa-a-la-audiencia\/","title":{"rendered":"(6.55) \u00bfDebo estar representado por un abogado a los fines de participar del tr\u00e1mite de un debido proceso?"},"content":{"rendered":"\n<p>No. No existe ninguna disposici\u00f3n en la ley de California o federal que proh\u00edba que se represente a s\u00ed mismo en el proceso. Sin embargo, dispone del derecho de contar con el acompa\u00f1amiento y el asesoramiento de un abogado. [34 C.F.R. Sec. 300.512(a)(1)].<\/p>\n\n\n\n<p>El hecho de que <em>necesite<\/em> un abogado depende de que sea capaz de recolectar y presentar adecuadamente las pruebas que necesitar\u00e1 para que sus pretensiones prosperen. Si <em>no<\/em> utiliza los servicios de un abogado, deber\u00e1 tomar todas las medidas para consultar con un abogado (o con un defensor) capacitado y con experiencia en la ley y procedimientos de educaci\u00f3n especial.<\/p>\n\n\n\n<p>Un abogado o defensor de educaci\u00f3n especial puede asesorarlo sobre la ley aplicable a la situaci\u00f3n de su hijo. Es importante conocer cu\u00e1les son las normas legales relacionadas con la extensi\u00f3n de los derechos de su hijo a los servicios y colocaci\u00f3n de la educaci\u00f3n especial. La presentaci\u00f3n de las pruebas a trav\u00e9s de testigos y documentos debe ser consistente con las normas legales que se aplican al caso concreto.<\/p>\n\n\n\n<p>En el caso de que decida ser representado por un abogado en la audiencia, debe notificar a las otras partes sobre su decisi\u00f3n, al menos 10 d\u00edas previos a la audiencia. [Cal. Ed. Code Sec. 56507(a)].<\/p>\n","protected":false},"excerpt":{"rendered":"<p>No. No existe ninguna disposici\u00f3n en la ley de California o federal que proh\u00edba que se represente a s\u00ed mismo en el proceso. Sin embargo,&hellip;<\/p>\n","protected":false},"author":1,"featured_media":0,"parent":337,"menu_order":55,"comment_status":"closed","ping_status":"closed","template":"","meta":{"footnotes":""},"class_list":["post-4095","page","type-page","status-publish","hentry"],"_links":{"self":[{"href":"https:\/\/serr.disabilityrightsca.org\/sp\/wp-json\/wp\/v2\/pages\/4095","targetHints":{"allow":["GET"]}}],"collection":[{"href":"https:\/\/serr.disabilityrightsca.org\/sp\/wp-json\/wp\/v2\/pages"}],"about":[{"href":"https:\/\/serr.disabilityrightsca.org\/sp\/wp-json\/wp\/v2\/types\/page"}],"author":[{"embeddable":true,"href":"https:\/\/serr.disabilityrightsca.org\/sp\/wp-json\/wp\/v2\/users\/1"}],"replies":[{"embeddable":true,"href":"https:\/\/serr.disabilityrightsca.org\/sp\/wp-json\/wp\/v2\/comments?post=4095"}],"version-history":[{"count":2,"href":"https:\/\/serr.disabilityrightsca.org\/sp\/wp-json\/wp\/v2\/pages\/4095\/revisions"}],"predecessor-version":[{"id":4489,"href":"https:\/\/serr.disabilityrightsca.org\/sp\/wp-json\/wp\/v2\/pages\/4095\/revisions\/4489"}],"up":[{"embeddable":true,"href":"https:\/\/serr.disabilityrightsca.org\/sp\/wp-json\/wp\/v2\/pages\/337"}],"wp:attachment":[{"href":"https:\/\/serr.disabilityrightsca.org\/sp\/wp-json\/wp\/v2\/media?parent=4095"}],"curies":[{"name":"wp","href":"https:\/\/api.w.org\/{rel}","templated":true}]}}