{"id":4101,"date":"2020-08-01T16:17:07","date_gmt":"2020-08-01T23:17:07","guid":{"rendered":"https:\/\/serr.disabilityrightsca.org\/sp\/?page_id=4101"},"modified":"2022-04-15T16:23:22","modified_gmt":"2022-04-15T23:23:22","slug":"6-57-donde-se-celebra-la-audiencia-de-debido-proceso","status":"publish","type":"page","link":"https:\/\/serr.disabilityrightsca.org\/sp\/serr-manual\/chapter-6-informacion-sobre-el-debido-proceso-y-los-procedimientos-de-cumplimiento\/6-57-donde-se-celebra-la-audiencia-de-debido-proceso\/","title":{"rendered":"(6.57) \u00bfQui\u00e9n puede estar presente en la audiencia de debido proceso?"},"content":{"rendered":"\n<p>Tiene derecho a solicitar la apertura o cierre de la audiencia. [34 C.F.R. Sec. 300.512(c)(2); 5 C.C.R. Sec. 3082(f); Cal. Ed. Code Sec. 56501(c)(2)]. Si la audiencia est\u00e1 abierta, los miembros del p\u00fablico pueden asistir. Incluso si la audiencia se encuentra abierta, tiene la posibilidad de solicitar que los testigos sean excluidos de la audiencia, de manera de que no escuchen el testimonio de otros testigos. [5 C.C.R. Sec. 3082(c)(3)]. Si la audiencia est\u00e1 cerrada, los miembros del p\u00fablico no pueden asistir. Una audiencia cerrada generalmente est\u00e1 integrada por usted (y su hijo, si lo desea), su representante, el juez de derecho administrativo, el representante del distrito y los testigos del distrito.<\/p>\n\n\n\n<p>Los testimonios se pueden tomar telef\u00f3nicamente o a trav\u00e9s de otros medios electr\u00f3nicos, a discreci\u00f3n del juez de derecho administrativo, si cada participante \u201ctiene la oportunidad de participar y escuchar todo el procedimiento\u201d y observar las pruebas. [5 C.C.R. Sec. 3082(g)]. En la pr\u00e1ctica, siempre que un testigo en particular tenga una copia de las pruebas relevantes para su testimonio y se encuentre disponible para ser interrogado por ambas partes, el juez de derecho administrativo no requerir\u00e1 que dicho testigo est\u00e9 presente durante toda la audiencia. Si tiene la intenci\u00f3n de presentar alg\u00fan testimonio a trav\u00e9s de medios electr\u00f3nicos, debe asegurarse de contar con la autorizaci\u00f3n del juez de derecho administrativo, con anterioridad a la audiencia. Esto se determina en la conferencia previa a la audiencia donde se abordan cuestiones como la log\u00edstica y otros aspectos relevantes. Debido a que el juez de derecho administrativo puede negar su solicitud, debe estar preparado para explicar la importancia del testimonio de los testigos y por qu\u00e9 las circunstancias hacen que sea dif\u00edcil o imposible lograr la comparecencia de dicho testigo.<\/p>\n","protected":false},"excerpt":{"rendered":"<p>Tiene derecho a solicitar la apertura o cierre de la audiencia. [34 C.F.R. Sec. 300.512(c)(2); 5 C.C.R. Sec. 3082(f); Cal. Ed. Code Sec. 56501(c)(2)]. Si&hellip;<\/p>\n","protected":false},"author":1,"featured_media":0,"parent":337,"menu_order":57,"comment_status":"closed","ping_status":"closed","template":"","meta":{"footnotes":""},"class_list":["post-4101","page","type-page","status-publish","hentry"],"_links":{"self":[{"href":"https:\/\/serr.disabilityrightsca.org\/sp\/wp-json\/wp\/v2\/pages\/4101","targetHints":{"allow":["GET"]}}],"collection":[{"href":"https:\/\/serr.disabilityrightsca.org\/sp\/wp-json\/wp\/v2\/pages"}],"about":[{"href":"https:\/\/serr.disabilityrightsca.org\/sp\/wp-json\/wp\/v2\/types\/page"}],"author":[{"embeddable":true,"href":"https:\/\/serr.disabilityrightsca.org\/sp\/wp-json\/wp\/v2\/users\/1"}],"replies":[{"embeddable":true,"href":"https:\/\/serr.disabilityrightsca.org\/sp\/wp-json\/wp\/v2\/comments?post=4101"}],"version-history":[{"count":2,"href":"https:\/\/serr.disabilityrightsca.org\/sp\/wp-json\/wp\/v2\/pages\/4101\/revisions"}],"predecessor-version":[{"id":4491,"href":"https:\/\/serr.disabilityrightsca.org\/sp\/wp-json\/wp\/v2\/pages\/4101\/revisions\/4491"}],"up":[{"embeddable":true,"href":"https:\/\/serr.disabilityrightsca.org\/sp\/wp-json\/wp\/v2\/pages\/337"}],"wp:attachment":[{"href":"https:\/\/serr.disabilityrightsca.org\/sp\/wp-json\/wp\/v2\/media?parent=4101"}],"curies":[{"name":"wp","href":"https:\/\/api.w.org\/{rel}","templated":true}]}}