{"id":4104,"date":"2020-08-01T16:21:03","date_gmt":"2020-08-01T23:21:03","guid":{"rendered":"https:\/\/serr.disabilityrightsca.org\/sp\/?page_id=4104"},"modified":"2022-04-15T16:24:06","modified_gmt":"2022-04-15T23:24:06","slug":"6-58-quien-puede-estar-presente-en-la-audiencia-de-debido-proceso","status":"publish","type":"page","link":"https:\/\/serr.disabilityrightsca.org\/sp\/serr-manual\/chapter-6-informacion-sobre-el-debido-proceso-y-los-procedimientos-de-cumplimiento\/6-58-quien-puede-estar-presente-en-la-audiencia-de-debido-proceso\/","title":{"rendered":"(6.58) \u00bfSe puede presentar informaci\u00f3n por escrito al juez de derecho administrativo? \u00bfCu\u00e1ndo deben el distrito y los padres presentar sus pruebas y listas de testigos?"},"content":{"rendered":"\n<p>Ambas partes pueden y deben presentar sus pruebas (por ejemplo, cartas de apoyo, informes de evaluaciones, IEP, etc.). Al menos cinco d\u00edas h\u00e1biles previos a la audiencia, debe asegurarse de que el distrito tenga: (1) copias de todos los documentos que tiene la intenci\u00f3n de presentar como pruebas en la audiencia, y (2) una lista de los testigos potenciales que vaya a llamar a testificar en la audiencia, junto con una declaraci\u00f3n breve acerca del tema sobre el cual testificar\u00e1n. [34 C.F.R. Sec. 300.512(b)(1); Cal. Ed. Code Sec. 56505(e)(7)].<\/p>\n\n\n\n<p>El juez de derecho administrativo <em>puede<\/em> ordenar un intercambio prematuro de informaci\u00f3n.<\/p>\n\n\n\n<p>El distrito debe recibir estos materiales cinco d\u00edas h\u00e1biles previos a la audiencia. Del mismo modo, el distrito debe presentarle sus documentos y la lista de testigos, al menos cinco d\u00edas h\u00e1biles previos a la audiencia. El juez de derecho administrativo <em>puede<\/em> impedir que se incorpore en el registro cualquier prueba o material por escrito que se haya intercambiado menos de cinco d\u00edas h\u00e1biles previos a la audiencia, adem\u00e1s de prohibir que se declare a los testigos cuyos nombres no fueron revelados dentro del mismo plazo. [34 C.F.R. Sec. 300.512; Cal. Ed. Code Secs. 56505.1(f) &amp; 56505(e)(8)].<\/p>\n\n\n\n<p>Por ende, debe asegurarse de que estos documentos y la lista de testigos sean conocidos por las otras partes y la oficina de audiencia, cinco d\u00edas h\u00e1biles previos a la audiencia.<\/p>\n\n\n\n<p>Al menos 10 d\u00edas antes de la audiencia, cada parte debe presentar a la OAH y a la otra parte, una declaraci\u00f3n sobre: (1) las cuestiones que se resolver\u00e1n en la audiencia, y (2) una propuesta de resoluci\u00f3n de las mismas. Si no cuenta con un abogado, un mediador debe ayudarlo a identificar las cuestiones propuestas y las resoluciones, conforme su solicitud a la OAH. [Cal. Ed. Code Sec. 56505(e)(6)]. La OAH puede celebrar una conferencia previa a la audiencia y emitir una \u201corden de audiencia previa\u201d, la cual modifica el plazo de 10 d\u00edas y los detalles de la declaraci\u00f3n requerida con anterioridad.<\/p>\n\n\n\n<p>No puede comunicarse con el juez de derecho administrativo sin la presencia de la otra parte y debe enviar copias de cualquier correspondencia u otro tipo de comunicaci\u00f3n que haya mantenido con la OAH a la otra parte. [5 C.C.R. Sec. 3083 &amp; 3084].<\/p>\n","protected":false},"excerpt":{"rendered":"<p>Ambas partes pueden y deben presentar sus pruebas (por ejemplo, cartas de apoyo, informes de evaluaciones, IEP, etc.). Al menos cinco d\u00edas h\u00e1biles previos a&hellip;<\/p>\n","protected":false},"author":1,"featured_media":0,"parent":337,"menu_order":58,"comment_status":"closed","ping_status":"closed","template":"","meta":{"footnotes":""},"class_list":["post-4104","page","type-page","status-publish","hentry"],"_links":{"self":[{"href":"https:\/\/serr.disabilityrightsca.org\/sp\/wp-json\/wp\/v2\/pages\/4104","targetHints":{"allow":["GET"]}}],"collection":[{"href":"https:\/\/serr.disabilityrightsca.org\/sp\/wp-json\/wp\/v2\/pages"}],"about":[{"href":"https:\/\/serr.disabilityrightsca.org\/sp\/wp-json\/wp\/v2\/types\/page"}],"author":[{"embeddable":true,"href":"https:\/\/serr.disabilityrightsca.org\/sp\/wp-json\/wp\/v2\/users\/1"}],"replies":[{"embeddable":true,"href":"https:\/\/serr.disabilityrightsca.org\/sp\/wp-json\/wp\/v2\/comments?post=4104"}],"version-history":[{"count":2,"href":"https:\/\/serr.disabilityrightsca.org\/sp\/wp-json\/wp\/v2\/pages\/4104\/revisions"}],"predecessor-version":[{"id":4492,"href":"https:\/\/serr.disabilityrightsca.org\/sp\/wp-json\/wp\/v2\/pages\/4104\/revisions\/4492"}],"up":[{"embeddable":true,"href":"https:\/\/serr.disabilityrightsca.org\/sp\/wp-json\/wp\/v2\/pages\/337"}],"wp:attachment":[{"href":"https:\/\/serr.disabilityrightsca.org\/sp\/wp-json\/wp\/v2\/media?parent=4104"}],"curies":[{"name":"wp","href":"https:\/\/api.w.org\/{rel}","templated":true}]}}