{"id":4113,"date":"2020-08-01T16:26:41","date_gmt":"2020-08-01T23:26:41","guid":{"rendered":"https:\/\/serr.disabilityrightsca.org\/sp\/?page_id=4113"},"modified":"2022-04-15T16:26:25","modified_gmt":"2022-04-15T23:26:25","slug":"6-61-que-sucede-en-la-audiencia","status":"publish","type":"page","link":"https:\/\/serr.disabilityrightsca.org\/sp\/serr-manual\/chapter-6-informacion-sobre-el-debido-proceso-y-los-procedimientos-de-cumplimiento\/6-61-que-sucede-en-la-audiencia\/","title":{"rendered":"(6.61) \u00bfQu\u00e9 es el registro?"},"content":{"rendered":"\n<p>El registro est\u00e1 conformado por todas las pruebas y los alegatos que se presentaron en la audiencia.&nbsp;Las pruebas <em>orales<\/em> incluyen los testimonios de los testigos y las pruebas <em>escritas<\/em> incluyen las pruebas y otros documentos. El juez de derecho administrativo registra en una grabadora las declaraciones y preguntas de apertura y cierre, y las formuladas a los testigos y sus respuestas.<\/p>\n\n\n\n<p>A pesar de que no forman parte de la prueba, las declaraciones de apertura y cierre tambi\u00e9n se incluyen en dicho registro. Tiene derecho a recibir una copia de la grabaci\u00f3n luego de que se emita una decisi\u00f3n, en el caso de que as\u00ed lo solicite. [34 C.F.R. Secs. 300.512(a)(3) &amp; (4)(c)(3); Cal. Ed. Code Sec. 56505(e)(4)].&nbsp;<\/p>\n","protected":false},"excerpt":{"rendered":"<p>El registro est\u00e1 conformado por todas las pruebas y los alegatos que se presentaron en la audiencia.&nbsp;Las pruebas orales incluyen los testimonios de los testigos&hellip;<\/p>\n","protected":false},"author":1,"featured_media":0,"parent":337,"menu_order":61,"comment_status":"closed","ping_status":"closed","template":"","meta":{"footnotes":""},"class_list":["post-4113","page","type-page","status-publish","hentry"],"_links":{"self":[{"href":"https:\/\/serr.disabilityrightsca.org\/sp\/wp-json\/wp\/v2\/pages\/4113","targetHints":{"allow":["GET"]}}],"collection":[{"href":"https:\/\/serr.disabilityrightsca.org\/sp\/wp-json\/wp\/v2\/pages"}],"about":[{"href":"https:\/\/serr.disabilityrightsca.org\/sp\/wp-json\/wp\/v2\/types\/page"}],"author":[{"embeddable":true,"href":"https:\/\/serr.disabilityrightsca.org\/sp\/wp-json\/wp\/v2\/users\/1"}],"replies":[{"embeddable":true,"href":"https:\/\/serr.disabilityrightsca.org\/sp\/wp-json\/wp\/v2\/comments?post=4113"}],"version-history":[{"count":2,"href":"https:\/\/serr.disabilityrightsca.org\/sp\/wp-json\/wp\/v2\/pages\/4113\/revisions"}],"predecessor-version":[{"id":4495,"href":"https:\/\/serr.disabilityrightsca.org\/sp\/wp-json\/wp\/v2\/pages\/4113\/revisions\/4495"}],"up":[{"embeddable":true,"href":"https:\/\/serr.disabilityrightsca.org\/sp\/wp-json\/wp\/v2\/pages\/337"}],"wp:attachment":[{"href":"https:\/\/serr.disabilityrightsca.org\/sp\/wp-json\/wp\/v2\/media?parent=4113"}],"curies":[{"name":"wp","href":"https:\/\/api.w.org\/{rel}","templated":true}]}}