{"id":4116,"date":"2020-08-01T16:31:00","date_gmt":"2020-08-01T23:31:00","guid":{"rendered":"https:\/\/serr.disabilityrightsca.org\/sp\/?page_id=4116"},"modified":"2022-04-15T16:27:15","modified_gmt":"2022-04-15T23:27:15","slug":"6-62-que-es-el-registro","status":"publish","type":"page","link":"https:\/\/serr.disabilityrightsca.org\/sp\/serr-manual\/chapter-6-informacion-sobre-el-debido-proceso-y-los-procedimientos-de-cumplimiento\/6-62-que-es-el-registro\/","title":{"rendered":"(6.62) \u00bfQu\u00e9 sucede si un testigo no desea asistir a la audiencia?"},"content":{"rendered":"\n<p>Se puede exigir a los testigos que asistan a una audiencia de debido proceso si se \u201centrega\u201d una citaci\u00f3n judicial. Una citaci\u00f3n judicial es una orden emanada del Estado mediante la cual se solicita al testigo que asista a la audiencia. Si lo requiere, la OAH le proporcionar\u00e1 un formulario de citaci\u00f3n judicial para que lo complete y env\u00ede (se debe entregar de la manera adecuada) al testigo propuesto. [34 C.F.R. Sec.300.512(a)(2); 5 C.C.R. Sec. 3082(c)(2); Cal. Ed. Code Sec. 56505(e)(3)].\u00a0<\/p>\n","protected":false},"excerpt":{"rendered":"<p>Se puede exigir a los testigos que asistan a una audiencia de debido proceso si se \u201centrega\u201d una citaci\u00f3n judicial. Una citaci\u00f3n judicial es una&hellip;<\/p>\n","protected":false},"author":1,"featured_media":0,"parent":337,"menu_order":62,"comment_status":"closed","ping_status":"closed","template":"","meta":{"footnotes":""},"class_list":["post-4116","page","type-page","status-publish","hentry"],"_links":{"self":[{"href":"https:\/\/serr.disabilityrightsca.org\/sp\/wp-json\/wp\/v2\/pages\/4116","targetHints":{"allow":["GET"]}}],"collection":[{"href":"https:\/\/serr.disabilityrightsca.org\/sp\/wp-json\/wp\/v2\/pages"}],"about":[{"href":"https:\/\/serr.disabilityrightsca.org\/sp\/wp-json\/wp\/v2\/types\/page"}],"author":[{"embeddable":true,"href":"https:\/\/serr.disabilityrightsca.org\/sp\/wp-json\/wp\/v2\/users\/1"}],"replies":[{"embeddable":true,"href":"https:\/\/serr.disabilityrightsca.org\/sp\/wp-json\/wp\/v2\/comments?post=4116"}],"version-history":[{"count":2,"href":"https:\/\/serr.disabilityrightsca.org\/sp\/wp-json\/wp\/v2\/pages\/4116\/revisions"}],"predecessor-version":[{"id":4496,"href":"https:\/\/serr.disabilityrightsca.org\/sp\/wp-json\/wp\/v2\/pages\/4116\/revisions\/4496"}],"up":[{"embeddable":true,"href":"https:\/\/serr.disabilityrightsca.org\/sp\/wp-json\/wp\/v2\/pages\/337"}],"wp:attachment":[{"href":"https:\/\/serr.disabilityrightsca.org\/sp\/wp-json\/wp\/v2\/media?parent=4116"}],"curies":[{"name":"wp","href":"https:\/\/api.w.org\/{rel}","templated":true}]}}