{"id":4119,"date":"2020-08-01T16:32:13","date_gmt":"2020-08-01T23:32:13","guid":{"rendered":"https:\/\/serr.disabilityrightsca.org\/sp\/?page_id=4119"},"modified":"2022-04-15T16:27:52","modified_gmt":"2022-04-15T23:27:52","slug":"6-63-que-sucede-si-un-testigo-no-desea-asistir-a-la-audiencia","status":"publish","type":"page","link":"https:\/\/serr.disabilityrightsca.org\/sp\/serr-manual\/chapter-6-informacion-sobre-el-debido-proceso-y-los-procedimientos-de-cumplimiento\/6-63-que-sucede-si-un-testigo-no-desea-asistir-a-la-audiencia\/","title":{"rendered":"(6.63) \u00bfEl juez de derecho administrativo se limita a escuchar a los testigos y revisar los documentos presentados, o puede participar en el proceso de la audiencia?"},"content":{"rendered":"\n<p>Los jueces de derecho administrativo gozan de una variedad de facultades para conducir la audiencia del debido proceso. Tales facultades le permiten participar en el proceso y procurar las pruebas con las que las que luego fundamentar\u00e1n sus decisiones. Estos jueces pueden realizar cualquiera de los siguientes actos:<\/p>\n\n\n\n<ol class=\"wp-block-list\"><li>Interrogar a testigos;<\/li><li>Con el consentimiento de ambas partes, disponer que testigos expertos en conflicto discutan los asuntos entre s\u00ed en el registro;<\/li><li>Visitar el lugar de la colocaci\u00f3n propuesta;<\/li><li>Llamar a nuevos testigos, que no hayan sido identificados previamente por las partes, para testificar si estas est\u00e1n de acuerdo, o si existiera un aplazamiento de cinco d\u00edas;<\/li><li>Ordenar una evaluaci\u00f3n independiente y posponer la audiencia hasta que dicha medida se haya cumplido (los costos de la evaluaci\u00f3n a cargo de la OAH);<\/li><li>Llamar como testigo a un especialista m\u00e9dico independiente para testificar sobre la discapacidad m\u00e9dica de un alumno (los costos a cargo de la OAH);<\/li><li>No permitir la introducci\u00f3n de ning\u00fan documento o testimonio de alg\u00fan testigo que no se haya presentado al menos cinco d\u00edas h\u00e1biles antes de la audiencia;<\/li><li>Limitar la duraci\u00f3n de la audiencia. [Cal. Ed. Code Sec. 56505.01].<\/li><\/ol>\n","protected":false},"excerpt":{"rendered":"<p>Los jueces de derecho administrativo gozan de una variedad de facultades para conducir la audiencia del debido proceso. Tales facultades le permiten participar en el&hellip;<\/p>\n","protected":false},"author":1,"featured_media":0,"parent":337,"menu_order":63,"comment_status":"closed","ping_status":"closed","template":"","meta":{"footnotes":""},"class_list":["post-4119","page","type-page","status-publish","hentry"],"_links":{"self":[{"href":"https:\/\/serr.disabilityrightsca.org\/sp\/wp-json\/wp\/v2\/pages\/4119","targetHints":{"allow":["GET"]}}],"collection":[{"href":"https:\/\/serr.disabilityrightsca.org\/sp\/wp-json\/wp\/v2\/pages"}],"about":[{"href":"https:\/\/serr.disabilityrightsca.org\/sp\/wp-json\/wp\/v2\/types\/page"}],"author":[{"embeddable":true,"href":"https:\/\/serr.disabilityrightsca.org\/sp\/wp-json\/wp\/v2\/users\/1"}],"replies":[{"embeddable":true,"href":"https:\/\/serr.disabilityrightsca.org\/sp\/wp-json\/wp\/v2\/comments?post=4119"}],"version-history":[{"count":2,"href":"https:\/\/serr.disabilityrightsca.org\/sp\/wp-json\/wp\/v2\/pages\/4119\/revisions"}],"predecessor-version":[{"id":4497,"href":"https:\/\/serr.disabilityrightsca.org\/sp\/wp-json\/wp\/v2\/pages\/4119\/revisions\/4497"}],"up":[{"embeddable":true,"href":"https:\/\/serr.disabilityrightsca.org\/sp\/wp-json\/wp\/v2\/pages\/337"}],"wp:attachment":[{"href":"https:\/\/serr.disabilityrightsca.org\/sp\/wp-json\/wp\/v2\/media?parent=4119"}],"curies":[{"name":"wp","href":"https:\/\/api.w.org\/{rel}","templated":true}]}}