{"id":4122,"date":"2020-08-01T16:33:27","date_gmt":"2020-08-01T23:33:27","guid":{"rendered":"https:\/\/serr.disabilityrightsca.org\/sp\/?page_id=4122"},"modified":"2022-04-15T16:28:59","modified_gmt":"2022-04-15T23:28:59","slug":"6-64-el-juez-de-derecho-administrativo-se-limita-a-escuchar-a-los-testigos-y-revisar-los-documentos-presentados-o-puede-participar-en-el-proceso-de-la-audiencia","status":"publish","type":"page","link":"https:\/\/serr.disabilityrightsca.org\/sp\/serr-manual\/chapter-6-informacion-sobre-el-debido-proceso-y-los-procedimientos-de-cumplimiento\/6-64-el-juez-de-derecho-administrativo-se-limita-a-escuchar-a-los-testigos-y-revisar-los-documentos-presentados-o-puede-participar-en-el-proceso-de-la-audiencia\/","title":{"rendered":"(6.64) \u00bfPuedo hacer que el distrito pague los honorarios de mi abogado y los testigos expertos?"},"content":{"rendered":"\n<p>Conforme la ley federal, si tiene \u00e9xito total o parcialmente en una audiencia de debido proceso, o en una audiencia ante un tribunal, un tribunal federal puede reconocerle un monto razonable de los honorarios de abogados. [20 U.S.C. Secs. 1415(i)(3)(A) &amp; (B)]. Los honorarios de los abogados no est\u00e1n cubiertos cuando lo representan en una reuni\u00f3n del IEP, salvo cuando dicha reuni\u00f3n fue concertada por orden de un juez de derecho administrativo u otro juez. [20 U.S.C. Sec. 1415(i)(3)(D)(ii)].&nbsp;<\/p>\n\n\n\n<p>Los honorarios no est\u00e1n disponibles autom\u00e1ticamente si tiene \u00e9xito en una conferencia de mediaci\u00f3n, pero el abogado puede negociarlos como parte del acuerdo de mediaci\u00f3n.<\/p>\n\n\n\n<p>La Corte Suprema de los Estados Unidos ha determinado que los costos de los testigos expertos no son recuperables si usted se impone en las audiencias del debido proceso de educaci\u00f3n especial. [<em>Arlington Cent. District Board&nbsp;v.&nbsp;Murphy<\/em>, 548 U.S. 291 (2006)].<\/p>\n\n\n\n<p>El distrito puede solicitarle que renuncie a su derecho a disponer de los honorarios de un abogado como parte de un acuerdo de resoluci\u00f3n (ya sea que se haya realizado o no a trav\u00e9s de una mediaci\u00f3n de la OAH). Debe analizar detenidamente esta posibilidad con su abogado, antes de iniciar cualquier conflicto con el distrito.<\/p>\n\n\n\n<p>Los honorarios se pueden reducir si el tribunal determina que no obtuvo mejores resultados en una audiencia de debido proceso que los que el distrito le ofreci\u00f3 por escrito, al menos 10 d\u00edas antes de la audiencia. El derecho a los honorarios de los abogados tambi\u00e9n se puede restringir cuando el tribunal determina que usted retras\u00f3, sin raz\u00f3n, la resoluci\u00f3n final del conflicto o no proporcion\u00f3 al distrito la notificaci\u00f3n por escrito requerida acerca de determinada informaci\u00f3n al momento de solicitar una audiencia de debido proceso. [20 U.S.C. Secs. 1415(i)(3)(D) \u2013 (G)].<\/p>\n","protected":false},"excerpt":{"rendered":"<p>Conforme la ley federal, si tiene \u00e9xito total o parcialmente en una audiencia de debido proceso, o en una audiencia ante un tribunal, un tribunal&hellip;<\/p>\n","protected":false},"author":1,"featured_media":0,"parent":337,"menu_order":64,"comment_status":"closed","ping_status":"closed","template":"","meta":{"footnotes":""},"class_list":["post-4122","page","type-page","status-publish","hentry"],"_links":{"self":[{"href":"https:\/\/serr.disabilityrightsca.org\/sp\/wp-json\/wp\/v2\/pages\/4122","targetHints":{"allow":["GET"]}}],"collection":[{"href":"https:\/\/serr.disabilityrightsca.org\/sp\/wp-json\/wp\/v2\/pages"}],"about":[{"href":"https:\/\/serr.disabilityrightsca.org\/sp\/wp-json\/wp\/v2\/types\/page"}],"author":[{"embeddable":true,"href":"https:\/\/serr.disabilityrightsca.org\/sp\/wp-json\/wp\/v2\/users\/1"}],"replies":[{"embeddable":true,"href":"https:\/\/serr.disabilityrightsca.org\/sp\/wp-json\/wp\/v2\/comments?post=4122"}],"version-history":[{"count":2,"href":"https:\/\/serr.disabilityrightsca.org\/sp\/wp-json\/wp\/v2\/pages\/4122\/revisions"}],"predecessor-version":[{"id":4498,"href":"https:\/\/serr.disabilityrightsca.org\/sp\/wp-json\/wp\/v2\/pages\/4122\/revisions\/4498"}],"up":[{"embeddable":true,"href":"https:\/\/serr.disabilityrightsca.org\/sp\/wp-json\/wp\/v2\/pages\/337"}],"wp:attachment":[{"href":"https:\/\/serr.disabilityrightsca.org\/sp\/wp-json\/wp\/v2\/media?parent=4122"}],"curies":[{"name":"wp","href":"https:\/\/api.w.org\/{rel}","templated":true}]}}