{"id":4125,"date":"2020-08-01T16:34:39","date_gmt":"2020-08-01T23:34:39","guid":{"rendered":"https:\/\/serr.disabilityrightsca.org\/sp\/?page_id=4125"},"modified":"2022-04-15T16:30:04","modified_gmt":"2022-04-15T23:30:04","slug":"6-65-puedo-hacer-que-el-distrito-pague-los-honorarios-de-mi-abogado-y-los-testigos-peritos","status":"publish","type":"page","link":"https:\/\/serr.disabilityrightsca.org\/sp\/serr-manual\/chapter-6-informacion-sobre-el-debido-proceso-y-los-procedimientos-de-cumplimiento\/6-65-puedo-hacer-que-el-distrito-pague-los-honorarios-de-mi-abogado-y-los-testigos-peritos\/","title":{"rendered":"(6.65) Si no estoy listo para actuar en la audiencia el d\u00eda programado, \u00bfpuedo solicitar un aplazamiento?"},"content":{"rendered":"\n<p>S\u00ed, pero debe invocar \u201cjusta causa\u201d a los fines de obtener el aplazamiento de la audiencia. [Cal. Ed. Code Sec. 56505(f)(3)]. El juez de derecho administrativo determina la procedencia de una justa causa y se limita, por lo general, a los casos de aplazamiento por enfermedad o alguna otra situaci\u00f3n de emergencia. La incapacidad de estar listo a tiempo para la audiencia y la falta de disponibilidad de un testigo en una fecha determinada, no se consideran una justa causa v\u00e1lida. Visite la p\u00e1gina web de la OAH (<a href=\"http:\/\/www.dgs.ca.gov\/oah%2520\">www.dgs.ca.gov\/oah<\/a>) para obtener asesoramiento sobre lo que configura una \u201cjusta causa\u201d. No debe solicitar una audiencia de debido proceso salvo que usted,&nbsp;sus testigos y documentos est\u00e9n listos y disponibles dentro de los 45 d\u00edas aproximadamente. En la mayor\u00eda de los casos, las cuestiones relativas a la planificaci\u00f3n se analizan en una conferencia previa a la audiencia<\/p>\n","protected":false},"excerpt":{"rendered":"<p>S\u00ed, pero debe invocar \u201cjusta causa\u201d a los fines de obtener el aplazamiento de la audiencia. [Cal. Ed. Code Sec. 56505(f)(3)]. El juez de derecho&hellip;<\/p>\n","protected":false},"author":1,"featured_media":0,"parent":337,"menu_order":65,"comment_status":"closed","ping_status":"closed","template":"","meta":{"footnotes":""},"class_list":["post-4125","page","type-page","status-publish","hentry"],"_links":{"self":[{"href":"https:\/\/serr.disabilityrightsca.org\/sp\/wp-json\/wp\/v2\/pages\/4125","targetHints":{"allow":["GET"]}}],"collection":[{"href":"https:\/\/serr.disabilityrightsca.org\/sp\/wp-json\/wp\/v2\/pages"}],"about":[{"href":"https:\/\/serr.disabilityrightsca.org\/sp\/wp-json\/wp\/v2\/types\/page"}],"author":[{"embeddable":true,"href":"https:\/\/serr.disabilityrightsca.org\/sp\/wp-json\/wp\/v2\/users\/1"}],"replies":[{"embeddable":true,"href":"https:\/\/serr.disabilityrightsca.org\/sp\/wp-json\/wp\/v2\/comments?post=4125"}],"version-history":[{"count":2,"href":"https:\/\/serr.disabilityrightsca.org\/sp\/wp-json\/wp\/v2\/pages\/4125\/revisions"}],"predecessor-version":[{"id":4499,"href":"https:\/\/serr.disabilityrightsca.org\/sp\/wp-json\/wp\/v2\/pages\/4125\/revisions\/4499"}],"up":[{"embeddable":true,"href":"https:\/\/serr.disabilityrightsca.org\/sp\/wp-json\/wp\/v2\/pages\/337"}],"wp:attachment":[{"href":"https:\/\/serr.disabilityrightsca.org\/sp\/wp-json\/wp\/v2\/media?parent=4125"}],"curies":[{"name":"wp","href":"https:\/\/api.w.org\/{rel}","templated":true}]}}