{"id":4128,"date":"2020-08-01T16:37:13","date_gmt":"2020-08-01T23:37:13","guid":{"rendered":"https:\/\/serr.disabilityrightsca.org\/sp\/?page_id=4128"},"modified":"2022-04-15T16:30:41","modified_gmt":"2022-04-15T23:30:41","slug":"6-66-si-no-estoy-listo-para-actuar-en-la-audiencia-el-dia-programado-puedo-solicitar-un-aplazamiento","status":"publish","type":"page","link":"https:\/\/serr.disabilityrightsca.org\/sp\/serr-manual\/chapter-6-informacion-sobre-el-debido-proceso-y-los-procedimientos-de-cumplimiento\/6-66-si-no-estoy-listo-para-actuar-en-la-audiencia-el-dia-programado-puedo-solicitar-un-aplazamiento\/","title":{"rendered":"(6.66) Si pierdo la audiencia de debido proceso, \u00bfpuedo hacer algo al respecto?"},"content":{"rendered":"\n<p>Ambas partes tienen el derecho de acudir a un tribunal para apelar la decisi\u00f3n del debido proceso emitida por el juez de derecho administrativo. Cualquier apelaci\u00f3n ante un tribunal se debe presentar dentro de los 90 d\u00edas calendario, a partir de la recepci\u00f3n de la decisi\u00f3n de la audiencia administrativa. [34 C.F.R. Sec. 300.514; Cal. Ed. Code Sec. 56505(k)]. A pesar de que tiene el derecho de representarse a s\u00ed mismo y a su hijo ante un tribunal, en la mayor\u00eda de los casos, no es conveniente acudir a los tribunales sin un abogado [<em>Winkelman v. Parma City School Dist<\/em>., 550 U.S. 516, 533 (2007)].<\/p>\n","protected":false},"excerpt":{"rendered":"<p>Ambas partes tienen el derecho de acudir a un tribunal para apelar la decisi\u00f3n del debido proceso emitida por el juez de derecho administrativo. Cualquier&hellip;<\/p>\n","protected":false},"author":1,"featured_media":0,"parent":337,"menu_order":66,"comment_status":"closed","ping_status":"closed","template":"","meta":{"footnotes":""},"class_list":["post-4128","page","type-page","status-publish","hentry"],"_links":{"self":[{"href":"https:\/\/serr.disabilityrightsca.org\/sp\/wp-json\/wp\/v2\/pages\/4128","targetHints":{"allow":["GET"]}}],"collection":[{"href":"https:\/\/serr.disabilityrightsca.org\/sp\/wp-json\/wp\/v2\/pages"}],"about":[{"href":"https:\/\/serr.disabilityrightsca.org\/sp\/wp-json\/wp\/v2\/types\/page"}],"author":[{"embeddable":true,"href":"https:\/\/serr.disabilityrightsca.org\/sp\/wp-json\/wp\/v2\/users\/1"}],"replies":[{"embeddable":true,"href":"https:\/\/serr.disabilityrightsca.org\/sp\/wp-json\/wp\/v2\/comments?post=4128"}],"version-history":[{"count":2,"href":"https:\/\/serr.disabilityrightsca.org\/sp\/wp-json\/wp\/v2\/pages\/4128\/revisions"}],"predecessor-version":[{"id":4500,"href":"https:\/\/serr.disabilityrightsca.org\/sp\/wp-json\/wp\/v2\/pages\/4128\/revisions\/4500"}],"up":[{"embeddable":true,"href":"https:\/\/serr.disabilityrightsca.org\/sp\/wp-json\/wp\/v2\/pages\/337"}],"wp:attachment":[{"href":"https:\/\/serr.disabilityrightsca.org\/sp\/wp-json\/wp\/v2\/media?parent=4128"}],"curies":[{"name":"wp","href":"https:\/\/api.w.org\/{rel}","templated":true}]}}