{"id":4138,"date":"2020-08-01T16:42:16","date_gmt":"2020-08-01T23:42:16","guid":{"rendered":"https:\/\/serr.disabilityrightsca.org\/sp\/?page_id=4138"},"modified":"2022-04-15T16:33:46","modified_gmt":"2022-04-15T23:33:46","slug":"6-69-existe-algo-que-pueda-hacer-para-que-se-me-reembolse-o-de-otro-modo-compense-por-el-incumplimiento-del-distrito-de-proporcionar-la-fape-a-mi-hijo","status":"publish","type":"page","link":"https:\/\/serr.disabilityrightsca.org\/sp\/serr-manual\/chapter-6-informacion-sobre-el-debido-proceso-y-los-procedimientos-de-cumplimiento\/6-69-existe-algo-que-pueda-hacer-para-que-se-me-reembolse-o-de-otro-modo-compense-por-el-incumplimiento-del-distrito-de-proporcionar-la-fape-a-mi-hijo\/","title":{"rendered":"(6.69) \u00bfQu\u00e9 sucede si el distrito incumple con el deber de proporcionar FAPE durante un cierto per\u00edodo de tiempo y tampoco adquir\u00ed servicios educativos alternativos? \u00bfTambi\u00e9n tengo derecho a una compensaci\u00f3n?"},"content":{"rendered":"\n<p>S\u00ed. Los tribunales tambi\u00e9n han otorgado compensaciones (no monetarias) a los servicios educativos (como servicios de educaci\u00f3n especial adicionales, tutor\u00eda independiente, programas educativos de verano) que reciben los alumnos, como forma de subsanar el incumplimiento del distrito de brindarles una adecuada educaci\u00f3n especial. [<em>Lester H. v. Gilhool<\/em>, 916 F. 2d 865, 867 (3d Cir. 1990);&nbsp;<em>Burrv. Ambach<\/em>, 863 F. 2d 1071, 1078 (2d Cir. 1988);&nbsp;<em>Miener v. Missouri<\/em>, 800 F. 2d 749, 751 (8th Cir. 1986);&nbsp;<em>Todd v. Andrews<\/em>, 933 F. 2d 1576, 1584 (11th Cir. 1991)]. Esto incluye los servicios compensatorios otorgados al alumno luego de que ha dejado de ser elegible para la educaci\u00f3n especial debido a su edad. [<em>Pihl v. Mass. Dept. of Ed<\/em>., 9 F.3d 184, 185 (1st Cir. 1994);&nbsp;<em>Jefferson Co. Board of Ed. v. Breen<\/em>, 853 F. 2d 853, 857-58 (11th Cir. 1988)]. Este derecho a recibir servicios educativos compensatorios ha sido reconocido en el Noveno Circuito. [<em>Parents of Student W. v. Puyallup Sch. Dist. No.3<\/em>, 31 F.3d 1489, 1496-97 (9th Cir. 1994)].<\/p>\n","protected":false},"excerpt":{"rendered":"<p>S\u00ed. Los tribunales tambi\u00e9n han otorgado compensaciones (no monetarias) a los servicios educativos (como servicios de educaci\u00f3n especial adicionales, tutor\u00eda independiente, programas educativos de verano)&hellip;<\/p>\n","protected":false},"author":1,"featured_media":0,"parent":337,"menu_order":69,"comment_status":"closed","ping_status":"closed","template":"","meta":{"footnotes":""},"class_list":["post-4138","page","type-page","status-publish","hentry"],"_links":{"self":[{"href":"https:\/\/serr.disabilityrightsca.org\/sp\/wp-json\/wp\/v2\/pages\/4138","targetHints":{"allow":["GET"]}}],"collection":[{"href":"https:\/\/serr.disabilityrightsca.org\/sp\/wp-json\/wp\/v2\/pages"}],"about":[{"href":"https:\/\/serr.disabilityrightsca.org\/sp\/wp-json\/wp\/v2\/types\/page"}],"author":[{"embeddable":true,"href":"https:\/\/serr.disabilityrightsca.org\/sp\/wp-json\/wp\/v2\/users\/1"}],"replies":[{"embeddable":true,"href":"https:\/\/serr.disabilityrightsca.org\/sp\/wp-json\/wp\/v2\/comments?post=4138"}],"version-history":[{"count":2,"href":"https:\/\/serr.disabilityrightsca.org\/sp\/wp-json\/wp\/v2\/pages\/4138\/revisions"}],"predecessor-version":[{"id":4504,"href":"https:\/\/serr.disabilityrightsca.org\/sp\/wp-json\/wp\/v2\/pages\/4138\/revisions\/4504"}],"up":[{"embeddable":true,"href":"https:\/\/serr.disabilityrightsca.org\/sp\/wp-json\/wp\/v2\/pages\/337"}],"wp:attachment":[{"href":"https:\/\/serr.disabilityrightsca.org\/sp\/wp-json\/wp\/v2\/media?parent=4138"}],"curies":[{"name":"wp","href":"https:\/\/api.w.org\/{rel}","templated":true}]}}