{"id":4141,"date":"2020-08-01T16:43:36","date_gmt":"2020-08-01T23:43:36","guid":{"rendered":"https:\/\/serr.disabilityrightsca.org\/sp\/?page_id=4141"},"modified":"2022-04-15T16:34:20","modified_gmt":"2022-04-15T23:34:20","slug":"6-70-que-sucede-si-el-distrito-incumple-con-el-deber-de-proporcionar-la-fape-durante-un-cierto-periodo-de-tiempo-y-tampoco-adquiri-servicios-educativos-alternativos-tambien-tengo-derech","status":"publish","type":"page","link":"https:\/\/serr.disabilityrightsca.org\/sp\/serr-manual\/chapter-6-informacion-sobre-el-debido-proceso-y-los-procedimientos-de-cumplimiento\/6-70-que-sucede-si-el-distrito-incumple-con-el-deber-de-proporcionar-la-fape-durante-un-cierto-periodo-de-tiempo-y-tampoco-adquiri-servicios-educativos-alternativos-tambien-tengo-derech\/","title":{"rendered":"(6.70) \u00bfExisten limitaciones para reclamar el reembolso o la educaci\u00f3n compensatoria en California?"},"content":{"rendered":"\n<p>S\u00ed. California estableci\u00f3 un estatuto de limitaci\u00f3n de dos a\u00f1os para los reclamos en casos de educaci\u00f3n especial. Un reclamo de servicios educativos compensatorios o reembolso debe hacerse dentro de los dos a\u00f1os a partir del momento en que se configur\u00f3 el incumplimiento del distrito. [Cal. Ed. Code Sec. 56505(l)].<\/p>\n\n\n\n<p>Adem\u00e1s, no puede simplemente acudir de manera directa a los tribunales para formular un reclamo de reembolso o servicios educativos compensatorios conforme IDEA. En la mayor\u00eda de los casos, debe primero formular estos reclamos en una audiencia de debido proceso administrativo. [<em>Hoeft&nbsp;v.&nbsp;Tucson Unified Sch. Dist<\/em>., 967 F.2d 1298, 1303 (9th Cir. 1992); <em>Doe by Brockhuis v. Arizona Dept. of Ed<\/em>., 111 F. 3d 678, 682 (9th Cir. 1997)]. En algunos casos, es suficiente con presentar y \u201cagotar\u201d los recursos administrativos disponibles mediante una solicitud previa de reclamo de cumplimiento ante el CDE. [<em>Christopher&nbsp;S.v.&nbsp;Stanislaus<\/em>, 384 F. 3d 1205, 1207 (9th Cir. 2004)].<\/p>\n","protected":false},"excerpt":{"rendered":"<p>S\u00ed. California estableci\u00f3 un estatuto de limitaci\u00f3n de dos a\u00f1os para los reclamos en casos de educaci\u00f3n especial. Un reclamo de servicios educativos compensatorios o&hellip;<\/p>\n","protected":false},"author":1,"featured_media":0,"parent":337,"menu_order":70,"comment_status":"closed","ping_status":"closed","template":"","meta":{"footnotes":""},"class_list":["post-4141","page","type-page","status-publish","hentry"],"_links":{"self":[{"href":"https:\/\/serr.disabilityrightsca.org\/sp\/wp-json\/wp\/v2\/pages\/4141","targetHints":{"allow":["GET"]}}],"collection":[{"href":"https:\/\/serr.disabilityrightsca.org\/sp\/wp-json\/wp\/v2\/pages"}],"about":[{"href":"https:\/\/serr.disabilityrightsca.org\/sp\/wp-json\/wp\/v2\/types\/page"}],"author":[{"embeddable":true,"href":"https:\/\/serr.disabilityrightsca.org\/sp\/wp-json\/wp\/v2\/users\/1"}],"replies":[{"embeddable":true,"href":"https:\/\/serr.disabilityrightsca.org\/sp\/wp-json\/wp\/v2\/comments?post=4141"}],"version-history":[{"count":2,"href":"https:\/\/serr.disabilityrightsca.org\/sp\/wp-json\/wp\/v2\/pages\/4141\/revisions"}],"predecessor-version":[{"id":4505,"href":"https:\/\/serr.disabilityrightsca.org\/sp\/wp-json\/wp\/v2\/pages\/4141\/revisions\/4505"}],"up":[{"embeddable":true,"href":"https:\/\/serr.disabilityrightsca.org\/sp\/wp-json\/wp\/v2\/pages\/337"}],"wp:attachment":[{"href":"https:\/\/serr.disabilityrightsca.org\/sp\/wp-json\/wp\/v2\/media?parent=4141"}],"curies":[{"name":"wp","href":"https:\/\/api.w.org\/{rel}","templated":true}]}}