{"id":4144,"date":"2020-08-01T16:44:40","date_gmt":"2020-08-01T23:44:40","guid":{"rendered":"https:\/\/serr.disabilityrightsca.org\/sp\/?page_id=4144"},"modified":"2022-04-15T16:34:56","modified_gmt":"2022-04-15T23:34:56","slug":"6-71-existe-alguna-limitacion-para-reclamar-reembolso-o-educacion-compensatoria-en-california","status":"publish","type":"page","link":"https:\/\/serr.disabilityrightsca.org\/sp\/serr-manual\/chapter-6-informacion-sobre-el-debido-proceso-y-los-procedimientos-de-cumplimiento\/6-71-existe-alguna-limitacion-para-reclamar-reembolso-o-educacion-compensatoria-en-california\/","title":{"rendered":"(6.71) Tengo la intenci\u00f3n de demandar al distrito por da\u00f1os monetarios por el mal manejo de la educaci\u00f3n especial que recibi\u00f3 mi hijo o c\u00f3mo este derecho fue ignorado a lo largo de los a\u00f1os. \u00bfCu\u00e1les son mis probabilidades de tener \u00e9xito?"},"content":{"rendered":"\n<p>Todos los tribunales de apelaci\u00f3n que intervinieron en estas cuestiones han rechazado las demandas por da\u00f1os monetarios fundamentados en lo que se podr\u00eda denominar \u201cnegligencia educativa\u201d cuando los casos promovidos se basaron solo en la Ley de Educaci\u00f3n para Personas con Discapacidad (IDEA), incluida California, la cual se encuentra bajo la autoridad de la Corte de Apelaciones del Noveno Circuito. [<em>Mountain View-Los Altos Union H.S. Dist. v. Sharron B. H<\/em>., 709 F. 2d 28, 31 (9th Cir. 1981)].<\/p>\n","protected":false},"excerpt":{"rendered":"<p>Todos los tribunales de apelaci\u00f3n que intervinieron en estas cuestiones han rechazado las demandas por da\u00f1os monetarios fundamentados en lo que se podr\u00eda denominar \u201cnegligencia&hellip;<\/p>\n","protected":false},"author":1,"featured_media":0,"parent":337,"menu_order":71,"comment_status":"closed","ping_status":"closed","template":"","meta":{"footnotes":""},"class_list":["post-4144","page","type-page","status-publish","hentry"],"_links":{"self":[{"href":"https:\/\/serr.disabilityrightsca.org\/sp\/wp-json\/wp\/v2\/pages\/4144","targetHints":{"allow":["GET"]}}],"collection":[{"href":"https:\/\/serr.disabilityrightsca.org\/sp\/wp-json\/wp\/v2\/pages"}],"about":[{"href":"https:\/\/serr.disabilityrightsca.org\/sp\/wp-json\/wp\/v2\/types\/page"}],"author":[{"embeddable":true,"href":"https:\/\/serr.disabilityrightsca.org\/sp\/wp-json\/wp\/v2\/users\/1"}],"replies":[{"embeddable":true,"href":"https:\/\/serr.disabilityrightsca.org\/sp\/wp-json\/wp\/v2\/comments?post=4144"}],"version-history":[{"count":2,"href":"https:\/\/serr.disabilityrightsca.org\/sp\/wp-json\/wp\/v2\/pages\/4144\/revisions"}],"predecessor-version":[{"id":4506,"href":"https:\/\/serr.disabilityrightsca.org\/sp\/wp-json\/wp\/v2\/pages\/4144\/revisions\/4506"}],"up":[{"embeddable":true,"href":"https:\/\/serr.disabilityrightsca.org\/sp\/wp-json\/wp\/v2\/pages\/337"}],"wp:attachment":[{"href":"https:\/\/serr.disabilityrightsca.org\/sp\/wp-json\/wp\/v2\/media?parent=4144"}],"curies":[{"name":"wp","href":"https:\/\/api.w.org\/{rel}","templated":true}]}}