{"id":4147,"date":"2020-08-01T16:47:32","date_gmt":"2020-08-01T23:47:32","guid":{"rendered":"https:\/\/serr.disabilityrightsca.org\/sp\/?page_id=4147"},"modified":"2022-04-15T16:35:35","modified_gmt":"2022-04-15T23:35:35","slug":"6-72-tengo-la-intencion-de-demandar-al-distrito-por-danos-monetarios-fundamentado-en-el-mal-manejo-de-la-educacion-especial-que-recibio-mi-hijo-o-como-este-derecho-fue-ignorado-a-lo-largo-de-los-ano","status":"publish","type":"page","link":"https:\/\/serr.disabilityrightsca.org\/sp\/serr-manual\/chapter-6-informacion-sobre-el-debido-proceso-y-los-procedimientos-de-cumplimiento\/6-72-tengo-la-intencion-de-demandar-al-distrito-por-danos-monetarios-fundamentado-en-el-mal-manejo-de-la-educacion-especial-que-recibio-mi-hijo-o-como-este-derecho-fue-ignorado-a-lo-largo-de-los-ano\/","title":{"rendered":"(6.72) \u00bfPuede el art\u00edculo 504 de la Ley de Rehabilitaci\u00f3n de 1973 o la Ley de Estadounidenses con Discapacidades ayudarme en mi demanda contra el distrito por da\u00f1os monetarios?"},"content":{"rendered":"\n<p>El Noveno Circuito es uno de los tribunales de apelaci\u00f3n federal que admiten la procedencia de casos por da\u00f1os monetarios de conformidad con el art\u00edculo 504 en combinaci\u00f3n con el art\u00edculo 1983 (t\u00edtulo 42 del C\u00f3digo de los Estados Unidos). [<em>Kling v. Los Angeles<\/em>, 769 F. 2d 532, 534 (9th Cir. 1985), <em>revocado con otros fundamentos<\/em>, 474 U.S. 936]. Debe demostrar que existi\u00f3 una \u201cintenci\u00f3n discriminatoria\u201d o \u201cindiferencia deliberada\u201d por parte de un funcionario o un organismo en particular, a fin de obtener dinero en concepto de da\u00f1os, conforme al art\u00edculo 504 o la ADA (T\u00edtulo II), en contra de una entidad p\u00fablica. [<em>Ferguson v. City of Phoenix<\/em>, 157 F.3d 668, 674 (9th Cir. 1998)]. Esta norma puede dificultar a los padres y alumnos el inicio de cualquier acci\u00f3n legal en contra de un funcionario de una escuela p\u00fablica o distrito. Adem\u00e1s, las demandas se deben interponer ante un tribunal federal conforme el art\u00edculo 504 dentro del a\u00f1o de configurada la conducta impugnada. [<em>Douglas v. Cal. Dept. of the Youth Authority <\/em>271 F.3d 812, 823 (9th Cir. 2001)]. Por \u00faltimo, si la materia del conflicto seg\u00fan el art\u00edculo 504 y la ADA se relaciona con la negativa de brindar una educaci\u00f3n p\u00fablica, adecuada y gratuita, primero debe agotar el proceso administrativo conforme IDEA, antes de acudir a un tribunal para plantear su reclamo sobre la base de tales normas. [20 U.S.C. Sec. 1415(l)].<\/p>\n","protected":false},"excerpt":{"rendered":"<p>El Noveno Circuito es uno de los tribunales de apelaci\u00f3n federal que admiten la procedencia de casos por da\u00f1os monetarios de conformidad con el art\u00edculo&hellip;<\/p>\n","protected":false},"author":1,"featured_media":0,"parent":337,"menu_order":72,"comment_status":"closed","ping_status":"closed","template":"","meta":{"footnotes":""},"class_list":["post-4147","page","type-page","status-publish","hentry"],"_links":{"self":[{"href":"https:\/\/serr.disabilityrightsca.org\/sp\/wp-json\/wp\/v2\/pages\/4147","targetHints":{"allow":["GET"]}}],"collection":[{"href":"https:\/\/serr.disabilityrightsca.org\/sp\/wp-json\/wp\/v2\/pages"}],"about":[{"href":"https:\/\/serr.disabilityrightsca.org\/sp\/wp-json\/wp\/v2\/types\/page"}],"author":[{"embeddable":true,"href":"https:\/\/serr.disabilityrightsca.org\/sp\/wp-json\/wp\/v2\/users\/1"}],"replies":[{"embeddable":true,"href":"https:\/\/serr.disabilityrightsca.org\/sp\/wp-json\/wp\/v2\/comments?post=4147"}],"version-history":[{"count":2,"href":"https:\/\/serr.disabilityrightsca.org\/sp\/wp-json\/wp\/v2\/pages\/4147\/revisions"}],"predecessor-version":[{"id":4507,"href":"https:\/\/serr.disabilityrightsca.org\/sp\/wp-json\/wp\/v2\/pages\/4147\/revisions\/4507"}],"up":[{"embeddable":true,"href":"https:\/\/serr.disabilityrightsca.org\/sp\/wp-json\/wp\/v2\/pages\/337"}],"wp:attachment":[{"href":"https:\/\/serr.disabilityrightsca.org\/sp\/wp-json\/wp\/v2\/media?parent=4147"}],"curies":[{"name":"wp","href":"https:\/\/api.w.org\/{rel}","templated":true}]}}