{"id":4153,"date":"2020-08-01T16:59:51","date_gmt":"2020-08-01T23:59:51","guid":{"rendered":"https:\/\/serr.disabilityrightsca.org\/sp\/?page_id=4153"},"modified":"2022-04-15T16:36:47","modified_gmt":"2022-04-15T23:36:47","slug":"6-74-existen-otras-normas-federales-que-me-puedan-servir-en-caso-de-demandar-al-distrito-por-danos-monetarios","status":"publish","type":"page","link":"https:\/\/serr.disabilityrightsca.org\/sp\/serr-manual\/chapter-6-informacion-sobre-el-debido-proceso-y-los-procedimientos-de-cumplimiento\/6-74-existen-otras-normas-federales-que-me-puedan-servir-en-caso-de-demandar-al-distrito-por-danos-monetarios\/","title":{"rendered":"(6.74) \u00bfQu\u00e9 sucede en el caso de que mi hijo haya sido lastimado f\u00edsica y emocionalmente por causa de actos de negligencia del personal de la escuela? \u00bfDebo tramitar una audiencia de debido proceso cuando mi reclamo no se basa en ninguna ley de educaci\u00f3n especial, previo a entablar una demanda ante los tribunales?"},"content":{"rendered":"\n<p>No. La OAH o el juez de derecho administrativo no tienen la facultad de tramitar demandas de este tipo (lesiones personales) y no es necesario que usted solicite una audiencia de debido proceso en el que no se hace ning\u00fan reclamo conforme la ley de educaci\u00f3n especial, antes de recurrir a los tribunales. Sin embargo, debe asegurarse de que cualquier cuesti\u00f3n \u201ceducativa\u201d se haya resuelto por otras v\u00edas y que los \u00fanicos reclamos que restan son aquellos en los que la reparaci\u00f3n no se encuentra disponible conforme IDEA.\u00a0<\/p>\n","protected":false},"excerpt":{"rendered":"<p>No. La OAH o el juez de derecho administrativo no tienen la facultad de tramitar demandas de este tipo (lesiones personales) y no es necesario&hellip;<\/p>\n","protected":false},"author":1,"featured_media":0,"parent":337,"menu_order":74,"comment_status":"closed","ping_status":"closed","template":"","meta":{"footnotes":""},"class_list":["post-4153","page","type-page","status-publish","hentry"],"_links":{"self":[{"href":"https:\/\/serr.disabilityrightsca.org\/sp\/wp-json\/wp\/v2\/pages\/4153","targetHints":{"allow":["GET"]}}],"collection":[{"href":"https:\/\/serr.disabilityrightsca.org\/sp\/wp-json\/wp\/v2\/pages"}],"about":[{"href":"https:\/\/serr.disabilityrightsca.org\/sp\/wp-json\/wp\/v2\/types\/page"}],"author":[{"embeddable":true,"href":"https:\/\/serr.disabilityrightsca.org\/sp\/wp-json\/wp\/v2\/users\/1"}],"replies":[{"embeddable":true,"href":"https:\/\/serr.disabilityrightsca.org\/sp\/wp-json\/wp\/v2\/comments?post=4153"}],"version-history":[{"count":2,"href":"https:\/\/serr.disabilityrightsca.org\/sp\/wp-json\/wp\/v2\/pages\/4153\/revisions"}],"predecessor-version":[{"id":4509,"href":"https:\/\/serr.disabilityrightsca.org\/sp\/wp-json\/wp\/v2\/pages\/4153\/revisions\/4509"}],"up":[{"embeddable":true,"href":"https:\/\/serr.disabilityrightsca.org\/sp\/wp-json\/wp\/v2\/pages\/337"}],"wp:attachment":[{"href":"https:\/\/serr.disabilityrightsca.org\/sp\/wp-json\/wp\/v2\/media?parent=4153"}],"curies":[{"name":"wp","href":"https:\/\/api.w.org\/{rel}","templated":true}]}}