{"id":417,"date":"2019-06-19T15:25:59","date_gmt":"2019-06-19T22:25:59","guid":{"rendered":"http:\/\/www.rula.disabilityrightsca.org\/serr\/sp\/?page_id=417"},"modified":"2020-08-06T16:45:38","modified_gmt":"2020-08-06T23:45:38","slug":"2-4-la-escuela-de-mi-hijo-tiene-clases-todo-el-ano-pero-me-dijeron-que-no-tenian-que-evaluarlo-en-julio-ni-en-agosto-es-verdad","status":"publish","type":"page","link":"https:\/\/serr.disabilityrightsca.org\/sp\/serr-manual\/capitulo-2-informacion-sobre-las-evaluaciones\/2-4-la-escuela-de-mi-hijo-tiene-clases-todo-el-ano-pero-me-dijeron-que-no-tenian-que-evaluarlo-en-julio-ni-en-agosto-es-verdad\/","title":{"rendered":"(2.4) La escuela de mi hijo tiene clases todo el a\u00f1o, pero me dijeron que no ten\u00edan que evaluarlo en julio ni en agosto. \u00bfEs verdad?"},"content":{"rendered":"\n<p>No. Sin embargo, la ley establece que la escuela debe desarrollar un IEP dentro de los <strong>60 d\u00edas<\/strong> posteriores a la recepci\u00f3n del consentimiento de los padres para administrar pruebas, sin contar los d\u00edas entre las sesiones escolares regulares, los per\u00edodos acad\u00e9micos o los d\u00edas de vacaciones que superen los <strong>cinco (5) d\u00edas escolares<\/strong>. [Cal. Ed. Code Sec. 56344(a).] En caso de que se realice una derivaci\u00f3n a educaci\u00f3n especial dentro de los <strong>30 d\u00edas<\/strong> anteriores a que finalice el a\u00f1o escolar, el distrito debe llevar a cabo una reuni\u00f3n para desarrollar un IEP dentro de los <strong>30 d\u00edas<\/strong> posteriores al comienzo del siguiente a\u00f1o escolar. [Cal. Ed. Code Sec. 56344(a).] Esto significa que la escuela debe entregarles a los padres un plan de evaluaci\u00f3n, obtener el consentimiento para realizar las evaluaciones, llevarlas a cabo y celebrar la reuni\u00f3n del IEP dentro de los d\u00edas restantes del a\u00f1o escolar anterior m\u00e1s 30 d\u00edas del a\u00f1o escolar nuevo. Debido a que este plazo es acotado, es posible que se tengan que realizar en julio o agosto. En el caso de los alumnos que asistan a la escuela todo el a\u00f1o, si el a\u00f1o escolar finaliza en junio, por ejemplo, y comienza nuevamente en julio, es posible que las pruebas comiencen en julio, de manera que el proceso se termine dentro de los 30 d\u00edas posteriores al inicio del nuevo a\u00f1o escolar.<\/p>\n","protected":false},"excerpt":{"rendered":"<p>No. Sin embargo, la ley establece que la escuela debe desarrollar un IEP dentro de los 60 d\u00edas posteriores a la recepci\u00f3n del consentimiento de&hellip;<\/p>\n","protected":false},"author":1,"featured_media":0,"parent":324,"menu_order":4,"comment_status":"closed","ping_status":"closed","template":"","meta":{"footnotes":""},"class_list":["post-417","page","type-page","status-publish","hentry"],"_links":{"self":[{"href":"https:\/\/serr.disabilityrightsca.org\/sp\/wp-json\/wp\/v2\/pages\/417","targetHints":{"allow":["GET"]}}],"collection":[{"href":"https:\/\/serr.disabilityrightsca.org\/sp\/wp-json\/wp\/v2\/pages"}],"about":[{"href":"https:\/\/serr.disabilityrightsca.org\/sp\/wp-json\/wp\/v2\/types\/page"}],"author":[{"embeddable":true,"href":"https:\/\/serr.disabilityrightsca.org\/sp\/wp-json\/wp\/v2\/users\/1"}],"replies":[{"embeddable":true,"href":"https:\/\/serr.disabilityrightsca.org\/sp\/wp-json\/wp\/v2\/comments?post=417"}],"version-history":[{"count":9,"href":"https:\/\/serr.disabilityrightsca.org\/sp\/wp-json\/wp\/v2\/pages\/417\/revisions"}],"predecessor-version":[{"id":4200,"href":"https:\/\/serr.disabilityrightsca.org\/sp\/wp-json\/wp\/v2\/pages\/417\/revisions\/4200"}],"up":[{"embeddable":true,"href":"https:\/\/serr.disabilityrightsca.org\/sp\/wp-json\/wp\/v2\/pages\/324"}],"wp:attachment":[{"href":"https:\/\/serr.disabilityrightsca.org\/sp\/wp-json\/wp\/v2\/media?parent=417"}],"curies":[{"name":"wp","href":"https:\/\/api.w.org\/{rel}","templated":true}]}}