{"id":421,"date":"2019-06-19T15:27:58","date_gmt":"2019-06-19T22:27:58","guid":{"rendered":"http:\/\/www.rula.disabilityrightsca.org\/serr\/sp\/?page_id=421"},"modified":"2020-02-10T14:13:49","modified_gmt":"2020-02-10T22:13:49","slug":"2-6-han-derivado-a-mi-hijo-con-el-objetivo-de-determinar-si-es-elegible-para-educacion-especial-y-he-recibido-un-plan-de-evaluacion-con-una-larga-lista-que-le-podrian-administrar-el-distrito","status":"publish","type":"page","link":"https:\/\/serr.disabilityrightsca.org\/sp\/serr-manual\/capitulo-2-informacion-sobre-las-evaluaciones\/2-6-han-derivado-a-mi-hijo-con-el-objetivo-de-determinar-si-es-elegible-para-educacion-especial-y-he-recibido-un-plan-de-evaluacion-con-una-larga-lista-que-le-podrian-administrar-el-distrito\/","title":{"rendered":"(2.6) Han derivado a mi hijo con el objetivo de determinar si es elegible para educaci\u00f3n especial y he recibido un plan de evaluaci\u00f3n con una larga lista que le podr\u00edan administrar. \u00bfEl distrito no deber\u00eda ser m\u00e1s espec\u00edfico?"},"content":{"rendered":"\n<p>Antes de realizar una evaluaci\u00f3n, el distrito debe entregarle un plan de evaluaci\u00f3n, el cual debe incluir el tipo de evaluaciones que se llevar\u00e1n a cabo. [34 C.F.R. Sec. 300.304; Cal. Ed. Code Sec. 56321(b)(3)]. Generalmente, se enumerar\u00e1n diferentes pruebas en cada \u00e1rea de evaluaci\u00f3n porque es posible que el evaluador tenga que determinar cu\u00e1les son m\u00e1s apropiadas durante el examen en s\u00ed a medida que conozca mejor a su hijo. Si no comprende el tipo de evaluaciones que se est\u00e1n utilizando, debe pedir una aclaraci\u00f3n. Si cree que determinados instrumentos no son apropiados para su hijo, puede solicitar que no se utilicen y no firmar el consentimiento de evaluaci\u00f3n hasta que usted y el distrito lleguen a un acuerdo respecto de las evaluaciones que se utilizar\u00e1n. Si no pueden llegar a un acuerdo, es posible que sea necesaria una audiencia de debido proceso para determinar cu\u00e1les son los instrumentos apropiados.<\/p>\n","protected":false},"excerpt":{"rendered":"<p>Antes de realizar una evaluaci\u00f3n, el distrito debe entregarle un plan de evaluaci\u00f3n, el cual debe incluir el tipo de evaluaciones que se llevar\u00e1n a&hellip;<\/p>\n","protected":false},"author":1,"featured_media":0,"parent":324,"menu_order":6,"comment_status":"closed","ping_status":"closed","template":"","meta":{"footnotes":""},"class_list":["post-421","page","type-page","status-publish","hentry"],"_links":{"self":[{"href":"https:\/\/serr.disabilityrightsca.org\/sp\/wp-json\/wp\/v2\/pages\/421","targetHints":{"allow":["GET"]}}],"collection":[{"href":"https:\/\/serr.disabilityrightsca.org\/sp\/wp-json\/wp\/v2\/pages"}],"about":[{"href":"https:\/\/serr.disabilityrightsca.org\/sp\/wp-json\/wp\/v2\/types\/page"}],"author":[{"embeddable":true,"href":"https:\/\/serr.disabilityrightsca.org\/sp\/wp-json\/wp\/v2\/users\/1"}],"replies":[{"embeddable":true,"href":"https:\/\/serr.disabilityrightsca.org\/sp\/wp-json\/wp\/v2\/comments?post=421"}],"version-history":[{"count":5,"href":"https:\/\/serr.disabilityrightsca.org\/sp\/wp-json\/wp\/v2\/pages\/421\/revisions"}],"predecessor-version":[{"id":3345,"href":"https:\/\/serr.disabilityrightsca.org\/sp\/wp-json\/wp\/v2\/pages\/421\/revisions\/3345"}],"up":[{"embeddable":true,"href":"https:\/\/serr.disabilityrightsca.org\/sp\/wp-json\/wp\/v2\/pages\/324"}],"wp:attachment":[{"href":"https:\/\/serr.disabilityrightsca.org\/sp\/wp-json\/wp\/v2\/media?parent=421"}],"curies":[{"name":"wp","href":"https:\/\/api.w.org\/{rel}","templated":true}]}}