{"id":423,"date":"2019-06-19T15:28:33","date_gmt":"2019-06-19T22:28:33","guid":{"rendered":"http:\/\/www.rula.disabilityrightsca.org\/serr\/sp\/?page_id=423"},"modified":"2024-07-25T15:34:38","modified_gmt":"2024-07-25T22:34:38","slug":"2-7-how-can-i-contribute-to-the-assessment-process","status":"publish","type":"page","link":"https:\/\/serr.disabilityrightsca.org\/sp\/serr-manual\/capitulo-2-informacion-sobre-las-evaluaciones\/2-7-how-can-i-contribute-to-the-assessment-process\/","title":{"rendered":"(2.7) \u00bfC\u00f3mo puedo contribuir con el proceso de evaluaci\u00f3n?"},"content":{"rendered":"\n<p> Como padre o madre, usted es quien mejor conoce a su hijo. Puede contribuir con la observaci\u00f3n en el hogar, advertir las \u00e1reas de educaci\u00f3n que le preocupan, anotarlas e indic\u00e1rselas al personal de la escuela. Consulte <em>Patrones a los que debe prestar atenci\u00f3n<\/em>, en la secci\u00f3n de ap\u00e9ndices, <a href=\"https:\/\/serr.disabilityrightsca.org\/sp\/serr-manual\/appendix\/f-patterns-to-look-for\/\">ap\u00e9ndice F<\/a>. Despu\u00e9s de recibir el plan de evaluaci\u00f3n, debe revisarlo con atenci\u00f3n para determinar si quiere informaci\u00f3n adicional sobre las evaluaciones propuestas o si desea solicitar otras \u00e1reas que necesiten ser evaluadas.<\/p>\n","protected":false},"excerpt":{"rendered":"<p>Como padre o madre, usted es quien mejor conoce a su hijo. Puede contribuir con la observaci\u00f3n en el hogar, advertir las \u00e1reas de educaci\u00f3n&hellip;<\/p>\n","protected":false},"author":1,"featured_media":0,"parent":324,"menu_order":7,"comment_status":"closed","ping_status":"closed","template":"","meta":{"footnotes":""},"class_list":["post-423","page","type-page","status-publish","hentry"],"_links":{"self":[{"href":"https:\/\/serr.disabilityrightsca.org\/sp\/wp-json\/wp\/v2\/pages\/423","targetHints":{"allow":["GET"]}}],"collection":[{"href":"https:\/\/serr.disabilityrightsca.org\/sp\/wp-json\/wp\/v2\/pages"}],"about":[{"href":"https:\/\/serr.disabilityrightsca.org\/sp\/wp-json\/wp\/v2\/types\/page"}],"author":[{"embeddable":true,"href":"https:\/\/serr.disabilityrightsca.org\/sp\/wp-json\/wp\/v2\/users\/1"}],"replies":[{"embeddable":true,"href":"https:\/\/serr.disabilityrightsca.org\/sp\/wp-json\/wp\/v2\/comments?post=423"}],"version-history":[{"count":6,"href":"https:\/\/serr.disabilityrightsca.org\/sp\/wp-json\/wp\/v2\/pages\/423\/revisions"}],"predecessor-version":[{"id":3347,"href":"https:\/\/serr.disabilityrightsca.org\/sp\/wp-json\/wp\/v2\/pages\/423\/revisions\/3347"}],"up":[{"embeddable":true,"href":"https:\/\/serr.disabilityrightsca.org\/sp\/wp-json\/wp\/v2\/pages\/324"}],"wp:attachment":[{"href":"https:\/\/serr.disabilityrightsca.org\/sp\/wp-json\/wp\/v2\/media?parent=423"}],"curies":[{"name":"wp","href":"https:\/\/api.w.org\/{rel}","templated":true}]}}