{"id":427,"date":"2019-06-19T15:29:26","date_gmt":"2019-06-19T22:29:26","guid":{"rendered":"http:\/\/www.rula.disabilityrightsca.org\/serr\/sp\/?page_id=427"},"modified":"2024-07-25T15:34:20","modified_gmt":"2024-07-25T22:34:20","slug":"2-8-un-distrito-escolar-puede-llevar-a-cabo-una-evaluacion-sin-mi-consentimiento-escrito","status":"publish","type":"page","link":"https:\/\/serr.disabilityrightsca.org\/sp\/serr-manual\/capitulo-2-informacion-sobre-las-evaluaciones\/2-8-un-distrito-escolar-puede-llevar-a-cabo-una-evaluacion-sin-mi-consentimiento-escrito\/","title":{"rendered":"(2.8) \u00bfUn distrito escolar puede llevar a cabo una evaluaci\u00f3n sin mi consentimiento escrito?"},"content":{"rendered":"\n<p>No. No se puede realizar una evaluaci\u00f3n\ninicial sin su consentimiento escrito, a menos que el distrito solicite una\naudiencia de debido proceso para forzar la evaluaci\u00f3n y la gane. Sin embargo,\nsi el padre o la madre no responden la solicitud del distrito para repetir la\nevaluaci\u00f3n de un alumno que ya recibe servicios de educaci\u00f3n especial, el\ndistrito puede evaluarlo sin su consentimiento. El distrito debe demostrar que\nha solicitado el consentimiento de manera razonable y que el padre o la madre\nno han respondido. [34 C.F.R. Sec. 300.300(c)(2); Cal. Ed. Code Secs.\n56321(c)(2), 56506(e)]. El distrito escolar no necesita el consentimiento de\nlos padres para revisar los registros existentes, como parte de una nueva\nevaluaci\u00f3n.<\/p>\n\n\n\n<p>Si recibe una solicitud por escrito por parte de su distrito escolar para realizar una evaluaci\u00f3n, no la ignore. Aseg\u00farese de responderla, aunque sea para comunicarles que lo est\u00e1 considerando.<\/p>\n","protected":false},"excerpt":{"rendered":"<p>No. No se puede realizar una evaluaci\u00f3n inicial sin su consentimiento escrito, a menos que el distrito solicite una audiencia de debido proceso para forzar&hellip;<\/p>\n","protected":false},"author":1,"featured_media":0,"parent":324,"menu_order":8,"comment_status":"closed","ping_status":"closed","template":"","meta":{"footnotes":""},"class_list":["post-427","page","type-page","status-publish","hentry"],"_links":{"self":[{"href":"https:\/\/serr.disabilityrightsca.org\/sp\/wp-json\/wp\/v2\/pages\/427","targetHints":{"allow":["GET"]}}],"collection":[{"href":"https:\/\/serr.disabilityrightsca.org\/sp\/wp-json\/wp\/v2\/pages"}],"about":[{"href":"https:\/\/serr.disabilityrightsca.org\/sp\/wp-json\/wp\/v2\/types\/page"}],"author":[{"embeddable":true,"href":"https:\/\/serr.disabilityrightsca.org\/sp\/wp-json\/wp\/v2\/users\/1"}],"replies":[{"embeddable":true,"href":"https:\/\/serr.disabilityrightsca.org\/sp\/wp-json\/wp\/v2\/comments?post=427"}],"version-history":[{"count":7,"href":"https:\/\/serr.disabilityrightsca.org\/sp\/wp-json\/wp\/v2\/pages\/427\/revisions"}],"predecessor-version":[{"id":3351,"href":"https:\/\/serr.disabilityrightsca.org\/sp\/wp-json\/wp\/v2\/pages\/427\/revisions\/3351"}],"up":[{"embeddable":true,"href":"https:\/\/serr.disabilityrightsca.org\/sp\/wp-json\/wp\/v2\/pages\/324"}],"wp:attachment":[{"href":"https:\/\/serr.disabilityrightsca.org\/sp\/wp-json\/wp\/v2\/media?parent=427"}],"curies":[{"name":"wp","href":"https:\/\/api.w.org\/{rel}","templated":true}]}}