{"id":429,"date":"2019-06-19T15:30:02","date_gmt":"2019-06-19T22:30:02","guid":{"rendered":"http:\/\/www.rula.disabilityrightsca.org\/serr\/sp\/?page_id=429"},"modified":"2024-07-25T15:34:10","modified_gmt":"2024-07-25T22:34:10","slug":"2-9-que-preguntas-debo-formular-cuando-mi-hijo-tiene-programada-una-evaluacion","status":"publish","type":"page","link":"https:\/\/serr.disabilityrightsca.org\/sp\/serr-manual\/capitulo-2-informacion-sobre-las-evaluaciones\/2-9-que-preguntas-debo-formular-cuando-mi-hijo-tiene-programada-una-evaluacion\/","title":{"rendered":"(2.9) \u00bfQu\u00e9 preguntas debo formular cuando mi hijo tiene programada una evaluaci\u00f3n?"},"content":{"rendered":"\n<p>Puede preguntar sobre cualquier aspecto de la evaluaci\u00f3n que le preocupe. Espec\u00edficamente, es posible que quiera saber qui\u00e9nes o cu\u00e1ntas personas trabajar\u00e1n con su hijo durante la evaluaci\u00f3n. \u00bfCu\u00e1nto durar\u00e1? \u00bfCu\u00e1ntas veces ver\u00e1n a su hijo? \u00bfUsted podr\u00e1 estar presente durante la evaluaci\u00f3n? \u00bfLo evaluar\u00e1n en el idioma que se habla en el hogar? Adem\u00e1s, debe solicitarle al distrito escolar que le explique las evaluaciones que le realizar\u00e1n a su hijo si no comprende por qu\u00e9 se las administrar\u00e1n. El distrito escolar debe explicar todas las pruebas que le realicen a su hijo.<\/p>\n","protected":false},"excerpt":{"rendered":"<p>Puede preguntar sobre cualquier aspecto de la evaluaci\u00f3n que le preocupe. Espec\u00edficamente, es posible que quiera saber qui\u00e9nes o cu\u00e1ntas personas trabajar\u00e1n con su hijo&hellip;<\/p>\n","protected":false},"author":1,"featured_media":0,"parent":324,"menu_order":9,"comment_status":"closed","ping_status":"closed","template":"","meta":{"footnotes":""},"class_list":["post-429","page","type-page","status-publish","hentry"],"_links":{"self":[{"href":"https:\/\/serr.disabilityrightsca.org\/sp\/wp-json\/wp\/v2\/pages\/429","targetHints":{"allow":["GET"]}}],"collection":[{"href":"https:\/\/serr.disabilityrightsca.org\/sp\/wp-json\/wp\/v2\/pages"}],"about":[{"href":"https:\/\/serr.disabilityrightsca.org\/sp\/wp-json\/wp\/v2\/types\/page"}],"author":[{"embeddable":true,"href":"https:\/\/serr.disabilityrightsca.org\/sp\/wp-json\/wp\/v2\/users\/1"}],"replies":[{"embeddable":true,"href":"https:\/\/serr.disabilityrightsca.org\/sp\/wp-json\/wp\/v2\/comments?post=429"}],"version-history":[{"count":6,"href":"https:\/\/serr.disabilityrightsca.org\/sp\/wp-json\/wp\/v2\/pages\/429\/revisions"}],"predecessor-version":[{"id":3350,"href":"https:\/\/serr.disabilityrightsca.org\/sp\/wp-json\/wp\/v2\/pages\/429\/revisions\/3350"}],"up":[{"embeddable":true,"href":"https:\/\/serr.disabilityrightsca.org\/sp\/wp-json\/wp\/v2\/pages\/324"}],"wp:attachment":[{"href":"https:\/\/serr.disabilityrightsca.org\/sp\/wp-json\/wp\/v2\/media?parent=429"}],"curies":[{"name":"wp","href":"https:\/\/api.w.org\/{rel}","templated":true}]}}