{"id":434,"date":"2019-06-19T15:31:52","date_gmt":"2019-06-19T22:31:52","guid":{"rendered":"http:\/\/www.rula.disabilityrightsca.org\/serr\/sp\/?page_id=434"},"modified":"2024-07-25T15:33:37","modified_gmt":"2024-07-25T22:33:37","slug":"2-11-puedo-solicitar-evaluaciones-especificas-por-ejemplo-examen-neurologico-o-evaluacion-no-oral-que-sucede-si-el-distrito-no-cuenta-con-personal-debidamente-capacitado-para-realizar-las-p","status":"publish","type":"page","link":"https:\/\/serr.disabilityrightsca.org\/sp\/serr-manual\/capitulo-2-informacion-sobre-las-evaluaciones\/2-11-puedo-solicitar-evaluaciones-especificas-por-ejemplo-examen-neurologico-o-evaluacion-no-oral-que-sucede-si-el-distrito-no-cuenta-con-personal-debidamente-capacitado-para-realizar-las-p\/","title":{"rendered":"(2.11) Puedo solicitar evaluaciones espec\u00edficas, por ejemplo, examen neurol\u00f3gico o evaluaci\u00f3n no oral? \u00bfQu\u00e9 sucede si el distrito no cuenta con personal debidamente capacitado para realizar las pruebas?"},"content":{"rendered":"\n<p>S\u00ed, puede solicitar evaluaciones espec\u00edficas. El distrito tiene la responsabilidad de evaluar todas las \u00e1reas relacionadas con la posible discapacidad [34 C.F.R. Sec. 300.304(c)(4)] y garantizar que las realice el personal debidamente capacitado [34 C.F.R. Sec. 300.304(c)(1)(iv); Cal. Ed. Code Sec. 56320(b)(3)]. Si el distrito no cuenta con una persona competente para llevar a cabo determinados tipos de evaluaciones, es posible que este contrate el servicio o utilice los resultados de una evaluaci\u00f3n independiente que se encuentre disponible. En determinados casos, por ejemplo, los servicios de diagn\u00f3stico de un m\u00e9dico o de otro profesional de la salud pueden ser necesarios si la posible discapacidad est\u00e1 m\u00e9dicamente relacionada y, como consecuencia, el ni\u00f1o necesita educaci\u00f3n especial. [34 C.F.R. Secs. 300.34(a)(c)(5)]. Consulte el <a href=\"https:\/\/serr.disabilityrightsca.org\/sp\/serr-manual\/capitulo-14-informacion-sobre-los-derechos-de-los-alumnos-con-enfermedades-graves\/\">cap\u00edtulo 14, <em>Informaci\u00f3n sobre los derechos de los alumnos con enfermedades graves.<\/em><\/a><\/p>\n","protected":false},"excerpt":{"rendered":"<p>S\u00ed, puede solicitar evaluaciones espec\u00edficas. El distrito tiene la responsabilidad de evaluar todas las \u00e1reas relacionadas con la posible discapacidad [34 C.F.R. Sec. 300.304(c)(4)] y&hellip;<\/p>\n","protected":false},"author":1,"featured_media":0,"parent":324,"menu_order":11,"comment_status":"closed","ping_status":"closed","template":"","meta":{"footnotes":""},"class_list":["post-434","page","type-page","status-publish","hentry"],"_links":{"self":[{"href":"https:\/\/serr.disabilityrightsca.org\/sp\/wp-json\/wp\/v2\/pages\/434","targetHints":{"allow":["GET"]}}],"collection":[{"href":"https:\/\/serr.disabilityrightsca.org\/sp\/wp-json\/wp\/v2\/pages"}],"about":[{"href":"https:\/\/serr.disabilityrightsca.org\/sp\/wp-json\/wp\/v2\/types\/page"}],"author":[{"embeddable":true,"href":"https:\/\/serr.disabilityrightsca.org\/sp\/wp-json\/wp\/v2\/users\/1"}],"replies":[{"embeddable":true,"href":"https:\/\/serr.disabilityrightsca.org\/sp\/wp-json\/wp\/v2\/comments?post=434"}],"version-history":[{"count":7,"href":"https:\/\/serr.disabilityrightsca.org\/sp\/wp-json\/wp\/v2\/pages\/434\/revisions"}],"predecessor-version":[{"id":4201,"href":"https:\/\/serr.disabilityrightsca.org\/sp\/wp-json\/wp\/v2\/pages\/434\/revisions\/4201"}],"up":[{"embeddable":true,"href":"https:\/\/serr.disabilityrightsca.org\/sp\/wp-json\/wp\/v2\/pages\/324"}],"wp:attachment":[{"href":"https:\/\/serr.disabilityrightsca.org\/sp\/wp-json\/wp\/v2\/media?parent=434"}],"curies":[{"name":"wp","href":"https:\/\/api.w.org\/{rel}","templated":true}]}}