{"id":436,"date":"2019-06-19T15:34:10","date_gmt":"2019-06-19T22:34:10","guid":{"rendered":"http:\/\/www.rula.disabilityrightsca.org\/serr\/sp\/?page_id=436"},"modified":"2024-07-25T15:33:22","modified_gmt":"2024-07-25T22:33:22","slug":"2-12-un-medico-es-el-unico-profesional-que-puede-brindar-un-diagnostico-de-trastorno-de-deficit-de-atencion-add-y-trastorno-de-deficit-de-atencion-con-hiperactividad-adhd-como-parte-del-pr","status":"publish","type":"page","link":"https:\/\/serr.disabilityrightsca.org\/sp\/serr-manual\/capitulo-2-informacion-sobre-las-evaluaciones\/2-12-un-medico-es-el-unico-profesional-que-puede-brindar-un-diagnostico-de-trastorno-de-deficit-de-atencion-add-y-trastorno-de-deficit-de-atencion-con-hiperactividad-adhd-como-parte-del-pr\/","title":{"rendered":"(2.12) \u00bfUn m\u00e9dico es el \u00fanico profesional que puede brindar un diagn\u00f3stico de trastorno de d\u00e9ficit de atenci\u00f3n (ADD) y trastorno de d\u00e9ficit de atenci\u00f3n con hiperactividad (ADHD) como parte del proceso de evaluaci\u00f3n de educaci\u00f3n especial?"},"content":{"rendered":"\n<p>No, a menos que el\ndistrito escolar crea que es necesario que un m\u00e9dico realice el diagn\u00f3stico. En\nese caso, el distrito debe garantizar que un m\u00e9dico realice la evaluaci\u00f3n sin\ncosto alguno para los padres. Una carta del Departamento de Educaci\u00f3n de los\nEstados Unidos (U.S. Department of Education) establece las siguientes\naclaraciones:<\/p>\n\n\n\n<p>Si una entidad p\u00fablica (distrito\nescolar) cree que es necesario que un m\u00e9dico matriculado realice una evaluaci\u00f3n\nm\u00e9dica como parte de los ex\u00e1menes para determinar si un ni\u00f1o con posible ADD\ncumple con los criterios de elegibilidad conforme a la categor\u00eda de otro\nproblema de salud, debe garantizar que se lleve a cabo esta evaluaci\u00f3n y que no\ntenga costo alguno para los padres. <\/p>\n\n\n\n<p>[OSEP Letter, February 18, 1992, 18\nIDELR 963]. <\/p>\n\n\n\n<p>Si el distrito escolar cree que un\nprofesional de la salud, que no sea m\u00e9dico, puede realizar la evaluaci\u00f3n, se\npodr\u00e1 utilizar otro proveedor, siempre y cuando se cumplan todas las garant\u00edas\nde los requisitos de evaluaci\u00f3n conforme a la ley federal y estatal. La escuela\no el personal seleccionado para realizar la evaluaci\u00f3n de ADD\/ADHD deben estar\ncapacitados para hacerlo. [34 C.F.R. Sec.\n300.304(c)(1)(iv); Cal. Ed. Code Sec. 56320(b)(3)]. \n\nLos padres no deben basarse\n\u00fanicamente en la evaluaci\u00f3n del distrito escolar para obtener un diagn\u00f3stico de\nADD o ADHD. Pueden entregar un diagn\u00f3stico independiente al distrito escolar\nrealizado por un pediatra, psic\u00f3logo u otro profesional de la salud mental. El\ndistrito escolar debe considerar la evaluaci\u00f3n independiente de su hijo en el\nproceso del IEP\n\n\n\n<\/p>\n","protected":false},"excerpt":{"rendered":"<p>No, a menos que el distrito escolar crea que es necesario que un m\u00e9dico realice el diagn\u00f3stico. En ese caso, el distrito debe garantizar que&hellip;<\/p>\n","protected":false},"author":1,"featured_media":0,"parent":324,"menu_order":12,"comment_status":"closed","ping_status":"closed","template":"","meta":{"footnotes":""},"class_list":["post-436","page","type-page","status-publish","hentry"],"_links":{"self":[{"href":"https:\/\/serr.disabilityrightsca.org\/sp\/wp-json\/wp\/v2\/pages\/436","targetHints":{"allow":["GET"]}}],"collection":[{"href":"https:\/\/serr.disabilityrightsca.org\/sp\/wp-json\/wp\/v2\/pages"}],"about":[{"href":"https:\/\/serr.disabilityrightsca.org\/sp\/wp-json\/wp\/v2\/types\/page"}],"author":[{"embeddable":true,"href":"https:\/\/serr.disabilityrightsca.org\/sp\/wp-json\/wp\/v2\/users\/1"}],"replies":[{"embeddable":true,"href":"https:\/\/serr.disabilityrightsca.org\/sp\/wp-json\/wp\/v2\/comments?post=436"}],"version-history":[{"count":7,"href":"https:\/\/serr.disabilityrightsca.org\/sp\/wp-json\/wp\/v2\/pages\/436\/revisions"}],"predecessor-version":[{"id":3354,"href":"https:\/\/serr.disabilityrightsca.org\/sp\/wp-json\/wp\/v2\/pages\/436\/revisions\/3354"}],"up":[{"embeddable":true,"href":"https:\/\/serr.disabilityrightsca.org\/sp\/wp-json\/wp\/v2\/pages\/324"}],"wp:attachment":[{"href":"https:\/\/serr.disabilityrightsca.org\/sp\/wp-json\/wp\/v2\/media?parent=436"}],"curies":[{"name":"wp","href":"https:\/\/api.w.org\/{rel}","templated":true}]}}