{"id":439,"date":"2019-06-19T15:34:52","date_gmt":"2019-06-19T22:34:52","guid":{"rendered":"http:\/\/www.rula.disabilityrightsca.org\/serr\/sp\/?page_id=439"},"modified":"2020-02-12T13:09:03","modified_gmt":"2020-02-12T21:09:03","slug":"2-13-como-puedo-asegurarme-de-que-la-evaluacion-abarque-las-areas-emocionales-y-de-conducta","status":"publish","type":"page","link":"https:\/\/serr.disabilityrightsca.org\/sp\/serr-manual\/capitulo-2-informacion-sobre-las-evaluaciones\/2-13-como-puedo-asegurarme-de-que-la-evaluacion-abarque-las-areas-emocionales-y-de-conducta\/","title":{"rendered":"(2.13) \u00bfC\u00f3mo puedo asegurarme de que la evaluaci\u00f3n abarque las \u00e1reas emocionales y de conducta?"},"content":{"rendered":"\n<p>La ley especifica que su hijo debe ser evaluado en todas las \u00e1reas relacionadas con su posible discapacidad. Si usted o los maestros de su hijo han observado que tiene conductas que afectan de manera negativa su desempe\u00f1o escolar (por ejemplo, tiene dificultades para controlar sus impulsos o para entablar amistades, o es retra\u00eddo), debe solicitar una evaluaci\u00f3n de su estado social o emocional, como parte del plan de evaluaci\u00f3n que firme. [Cal. Ed. Code Sec. 56320(f)]. Puede solicitar una evaluaci\u00f3n en esta \u00e1rea, incluso si el distrito no la identific\u00f3 en el plan. El distrito debe utilizar instrumentos de evaluaci\u00f3n t\u00e9cnicamente adecuados para evaluar c\u00f3mo los factores cognitivos, f\u00edsicos, de conducta y del desarrollo afectan la discapacidad del ni\u00f1o y su necesidad de recibir servicios. [34 C.F.R. Sec. 300.304(b)(3)]. <\/p>\n","protected":false},"excerpt":{"rendered":"<p>La ley especifica que su hijo debe ser evaluado en todas las \u00e1reas relacionadas con su posible discapacidad. Si usted o los maestros de su&hellip;<\/p>\n","protected":false},"author":1,"featured_media":0,"parent":324,"menu_order":13,"comment_status":"closed","ping_status":"closed","template":"","meta":{"footnotes":""},"class_list":["post-439","page","type-page","status-publish","hentry"],"_links":{"self":[{"href":"https:\/\/serr.disabilityrightsca.org\/sp\/wp-json\/wp\/v2\/pages\/439","targetHints":{"allow":["GET"]}}],"collection":[{"href":"https:\/\/serr.disabilityrightsca.org\/sp\/wp-json\/wp\/v2\/pages"}],"about":[{"href":"https:\/\/serr.disabilityrightsca.org\/sp\/wp-json\/wp\/v2\/types\/page"}],"author":[{"embeddable":true,"href":"https:\/\/serr.disabilityrightsca.org\/sp\/wp-json\/wp\/v2\/users\/1"}],"replies":[{"embeddable":true,"href":"https:\/\/serr.disabilityrightsca.org\/sp\/wp-json\/wp\/v2\/comments?post=439"}],"version-history":[{"count":5,"href":"https:\/\/serr.disabilityrightsca.org\/sp\/wp-json\/wp\/v2\/pages\/439\/revisions"}],"predecessor-version":[{"id":3355,"href":"https:\/\/serr.disabilityrightsca.org\/sp\/wp-json\/wp\/v2\/pages\/439\/revisions\/3355"}],"up":[{"embeddable":true,"href":"https:\/\/serr.disabilityrightsca.org\/sp\/wp-json\/wp\/v2\/pages\/324"}],"wp:attachment":[{"href":"https:\/\/serr.disabilityrightsca.org\/sp\/wp-json\/wp\/v2\/media?parent=439"}],"curies":[{"name":"wp","href":"https:\/\/api.w.org\/{rel}","templated":true}]}}