{"id":441,"date":"2019-06-19T15:35:36","date_gmt":"2019-06-19T22:35:36","guid":{"rendered":"http:\/\/www.rula.disabilityrightsca.org\/serr\/sp\/?page_id=441"},"modified":"2020-08-06T16:48:43","modified_gmt":"2020-08-06T23:48:43","slug":"2-14-creo-que-mi-hijo-tiene-una-discapacidad-de-aprendizaje-la-escuela-debe-hacer-algo-diferente-al-realizar-una-evaluacion-para-determinar-si-presenta-una-discapacidad-especifica-de-aprendiz","status":"publish","type":"page","link":"https:\/\/serr.disabilityrightsca.org\/sp\/serr-manual\/capitulo-2-informacion-sobre-las-evaluaciones\/2-14-creo-que-mi-hijo-tiene-una-discapacidad-de-aprendizaje-la-escuela-debe-hacer-algo-diferente-al-realizar-una-evaluacion-para-determinar-si-presenta-una-discapacidad-especifica-de-aprendiz\/","title":{"rendered":"(2.14) Creo que mi hijo tiene una discapacidad de aprendizaje. \u00bfLa escuela debe hacer algo diferente al realizar una evaluaci\u00f3n para determinar si presenta una discapacidad espec\u00edfica de aprendizaje?"},"content":{"rendered":"\n<p>La ley federal cuenta con procedimientos especiales para evaluar a alumnos con una posible discapacidad de aprendizaje. La determinaci\u00f3n de la elegibilidad debe estar a cargo de un equipo de profesionales calificados y los padres, as\u00ed como el maestro del aula o, si no tuviera, un maestro de educaci\u00f3n general calificado para ense\u00f1arle, y al menos una persona id\u00f3nea para llevar a cabo las evaluaciones de diagn\u00f3stico individuales de ni\u00f1os, por ejemplo, un psic\u00f3logo escolar o un maestro de lectura de apoyo. Al menos un miembro del equipo debe observar el desempe\u00f1o acad\u00e9mico del ni\u00f1o en el aula de educaci\u00f3n general y, si est\u00e1 en edad preescolar, se debe realizar en un entorno apropiado para esa etapa. La observaci\u00f3n se puede realizar antes de la derivaci\u00f3n para la evaluaci\u00f3n de educaci\u00f3n especial. El informe escrito de la evaluaci\u00f3n del equipo debe incluir los fundamentos de la determinaci\u00f3n de la existencia o no de la discapacidad espec\u00edfica de aprendizaje y su relaci\u00f3n con el desempe\u00f1o acad\u00e9mico del ni\u00f1o y su conducta observada. [34 C.F.R. Secs. 300.307-311]. Para obtener informaci\u00f3n espec\u00edfica sobre la identificaci\u00f3n de su hijo conforme a la categor\u00eda de discapacidad espec\u00edfica de aprendizaje, consulte el <a href=\"https:\/\/serr.disabilityrightsca.org\/sp\/serr-manual\/capitulo-3-informacion-sobre-los-criterios-de-elegibilidad\/\">cap\u00edtulo 3, <em>Informaci\u00f3n sobre los criterios de elegibilidad<\/em>.<\/a><\/p>\n","protected":false},"excerpt":{"rendered":"<p>La ley federal cuenta con procedimientos especiales para evaluar a alumnos con una posible discapacidad de aprendizaje. La determinaci\u00f3n de la elegibilidad debe estar a&hellip;<\/p>\n","protected":false},"author":1,"featured_media":0,"parent":324,"menu_order":14,"comment_status":"closed","ping_status":"closed","template":"","meta":{"footnotes":""},"class_list":["post-441","page","type-page","status-publish","hentry"],"_links":{"self":[{"href":"https:\/\/serr.disabilityrightsca.org\/sp\/wp-json\/wp\/v2\/pages\/441","targetHints":{"allow":["GET"]}}],"collection":[{"href":"https:\/\/serr.disabilityrightsca.org\/sp\/wp-json\/wp\/v2\/pages"}],"about":[{"href":"https:\/\/serr.disabilityrightsca.org\/sp\/wp-json\/wp\/v2\/types\/page"}],"author":[{"embeddable":true,"href":"https:\/\/serr.disabilityrightsca.org\/sp\/wp-json\/wp\/v2\/users\/1"}],"replies":[{"embeddable":true,"href":"https:\/\/serr.disabilityrightsca.org\/sp\/wp-json\/wp\/v2\/comments?post=441"}],"version-history":[{"count":7,"href":"https:\/\/serr.disabilityrightsca.org\/sp\/wp-json\/wp\/v2\/pages\/441\/revisions"}],"predecessor-version":[{"id":4202,"href":"https:\/\/serr.disabilityrightsca.org\/sp\/wp-json\/wp\/v2\/pages\/441\/revisions\/4202"}],"up":[{"embeddable":true,"href":"https:\/\/serr.disabilityrightsca.org\/sp\/wp-json\/wp\/v2\/pages\/324"}],"wp:attachment":[{"href":"https:\/\/serr.disabilityrightsca.org\/sp\/wp-json\/wp\/v2\/media?parent=441"}],"curies":[{"name":"wp","href":"https:\/\/api.w.org\/{rel}","templated":true}]}}