{"id":443,"date":"2019-06-19T15:36:22","date_gmt":"2019-06-19T22:36:22","guid":{"rendered":"http:\/\/www.rula.disabilityrightsca.org\/serr\/sp\/?page_id=443"},"modified":"2020-02-12T14:05:58","modified_gmt":"2020-02-12T22:05:58","slug":"2-15-cuales-son-las-pruebas-mas-habituales-utilizadas-en-la-evaluacion-de-un-nino-con-posible-discapacidad-de-aprendizaje","status":"publish","type":"page","link":"https:\/\/serr.disabilityrightsca.org\/sp\/serr-manual\/capitulo-2-informacion-sobre-las-evaluaciones\/2-15-cuales-son-las-pruebas-mas-habituales-utilizadas-en-la-evaluacion-de-un-nino-con-posible-discapacidad-de-aprendizaje\/","title":{"rendered":"(2.15) \u00bfCu\u00e1les son las pruebas m\u00e1s habituales utilizadas en la evaluaci\u00f3n de un ni\u00f1o con posible discapacidad de aprendizaje?"},"content":{"rendered":"\n<p>La ley exige que el\nalumno realice una prueba de capacidad o inteligencia administrada de manera\nindividual y pruebas de logros en \u00e1reas como lectura, matem\u00e1tica y escritura.\nLa prueba de inteligencia utilizada con mayor frecuencia es la <em>Escala de inteligencia de Wechsler para\nni\u00f1os<\/em>. En algunas ocasiones, se utiliza<em>\nla Escala de inteligencia de Wechsler para preescolar y primaria, edici\u00f3n\nrevisada <\/em>(WPPSI-R) o <em>la Escala de\ninteligencia de Stanford-Binet<\/em>.<\/p>\n\n\n\n<p>Las pruebas de logros m\u00e1s utilizadas\nson: <em>Wide Range Achievement Test (WRAT)<\/em>,\n<em>Peabody Individual Achievement Test<\/em>\n(PIAT) y <em>Woodcock-Johnson Psycho\nEducational Battery-Revised<\/em> (WJPEB-R). Todas\nestas pruebas breves est\u00e1n dise\u00f1adas para indicar el nivel de grado en el que\nse desempe\u00f1a un alumno en lectura, escritura, ortograf\u00eda y matem\u00e1tica.<\/p>\n\n\n\n<p>Debido a que el caso <em>Larry P. v. Riles<\/em> (consulte la pregunta\n45 m\u00e1s adelante) proh\u00edbe a los distritos utilizar pruebas de inteligencia para\nevaluar alumnos afroamericanos, cada vez son m\u00e1s los distritos que dejan de\nutilizar las pruebas de cociente intelectual y, en cambio, se basan en\nevaluaciones de la conducta adaptativa. [<em>Larry\nP. v. Riles, <\/em>793 F.2d 969 (9th Cir. 1984)]. Los distritos pueden\nadministrar instrumentos estandarizados, por ejemplo: <\/p>\n\n\n\n<p><em>Inventario\nde conducta adaptativa para ni\u00f1os<\/em> (ABIC, Vineland-3);\n<\/p>\n\n\n\n<p><em>Escalas\nde conducta adaptativa <\/em>(ABS, Vineland-3); <\/p>\n\n\n\n<p><em>Escalas\nde conducta independiente, edici\u00f3n revisada<\/em>\n(SIB-R); <\/p>\n\n\n\n<p><em>Woodcock-Johnson,\ncuarta edici\u00f3n <\/em>(WJ-IV) <em>o <\/em><em><\/em><\/p>\n\n\n\n<p><em>Escalas\nde conducta adaptativa de Vineland <\/em>(Vineland-3). <\/p>\n\n\n\n<p>Adem\u00e1s, pueden utilizar las\nobservaciones cl\u00ednicas y las entrevistas informales para obtener datos sobre\nlas habilidades para la vida diaria y el funcionamiento en el hogar y la\ncomunidad.<\/p>\n","protected":false},"excerpt":{"rendered":"<p>La ley exige que el alumno realice una prueba de capacidad o inteligencia administrada de manera individual y pruebas de logros en \u00e1reas como lectura,&hellip;<\/p>\n","protected":false},"author":1,"featured_media":0,"parent":324,"menu_order":15,"comment_status":"closed","ping_status":"closed","template":"","meta":{"footnotes":""},"class_list":["post-443","page","type-page","status-publish","hentry"],"_links":{"self":[{"href":"https:\/\/serr.disabilityrightsca.org\/sp\/wp-json\/wp\/v2\/pages\/443","targetHints":{"allow":["GET"]}}],"collection":[{"href":"https:\/\/serr.disabilityrightsca.org\/sp\/wp-json\/wp\/v2\/pages"}],"about":[{"href":"https:\/\/serr.disabilityrightsca.org\/sp\/wp-json\/wp\/v2\/types\/page"}],"author":[{"embeddable":true,"href":"https:\/\/serr.disabilityrightsca.org\/sp\/wp-json\/wp\/v2\/users\/1"}],"replies":[{"embeddable":true,"href":"https:\/\/serr.disabilityrightsca.org\/sp\/wp-json\/wp\/v2\/comments?post=443"}],"version-history":[{"count":6,"href":"https:\/\/serr.disabilityrightsca.org\/sp\/wp-json\/wp\/v2\/pages\/443\/revisions"}],"predecessor-version":[{"id":3357,"href":"https:\/\/serr.disabilityrightsca.org\/sp\/wp-json\/wp\/v2\/pages\/443\/revisions\/3357"}],"up":[{"embeddable":true,"href":"https:\/\/serr.disabilityrightsca.org\/sp\/wp-json\/wp\/v2\/pages\/324"}],"wp:attachment":[{"href":"https:\/\/serr.disabilityrightsca.org\/sp\/wp-json\/wp\/v2\/media?parent=443"}],"curies":[{"name":"wp","href":"https:\/\/api.w.org\/{rel}","templated":true}]}}