{"id":445,"date":"2019-06-19T15:36:56","date_gmt":"2019-06-19T22:36:56","guid":{"rendered":"http:\/\/www.rula.disabilityrightsca.org\/serr\/sp\/?page_id=445"},"modified":"2020-02-12T14:06:44","modified_gmt":"2020-02-12T22:06:44","slug":"2-16-es-posible-que-yo-tenga-documentos-que-podrian-ser-utiles-para-el-proceso-de-evaluacion","status":"publish","type":"page","link":"https:\/\/serr.disabilityrightsca.org\/sp\/serr-manual\/capitulo-2-informacion-sobre-las-evaluaciones\/2-16-es-posible-que-yo-tenga-documentos-que-podrian-ser-utiles-para-el-proceso-de-evaluacion\/","title":{"rendered":"(2.16) \u00bfEs posible que yo tenga documentos que podr\u00edan ser \u00fatiles para el proceso de evaluaci\u00f3n?"},"content":{"rendered":"\n<p>S\u00ed. Los diversos informes de profesionales que haya recibido sobre su hijo, de otras fuentes \u2014por ejemplo, un centro regional o m\u00e9dicos\u2014 pueden ser \u00fatiles para el proceso de evaluaci\u00f3n. Por ejemplo, generalmente son \u00fatiles los informes del habla y el lenguaje, de terapia ocupacional y f\u00edsica, neurol\u00f3gicos u oftalmol\u00f3gicos; las observaciones de los maestros actuales (del preescolar o de otro distrito); las observaciones del personal de los servicios de descanso, recreativos o de campamento; y los informes m\u00e9dicos especiales. Por lo general, los distritos escolares le solicitan que comparta los informes de otros profesionales para ayudarlos a determinar las necesidades de su hijo. De hecho, todas las evaluaciones independientes que los padres entregan al distrito escolar se deben considerar en las decisiones relacionadas con la programaci\u00f3n y los servicios del alumno. [34 C.F.R. Sec. 300.305(a)(1)(i); Cal. Ed. Code Sec. 56329(c)]. El hecho de que un distrito escolar no considere los informes de las evaluaciones independientes de su hijo tambi\u00e9n constituye la denegaci\u00f3n de una educaci\u00f3n p\u00fablica, adecuada y gratuita, ya que impide la participaci\u00f3n efectiva de los padres en el proceso de desarrollo del IEP. [<em>Student v. Los Angeles Unified School District<\/em> (2015) 65 IDELR 246].<\/p>\n","protected":false},"excerpt":{"rendered":"<p>S\u00ed. Los diversos informes de profesionales que haya recibido sobre su hijo, de otras fuentes \u2014por ejemplo, un centro regional o m\u00e9dicos\u2014 pueden ser \u00fatiles&hellip;<\/p>\n","protected":false},"author":1,"featured_media":0,"parent":324,"menu_order":16,"comment_status":"closed","ping_status":"closed","template":"","meta":{"footnotes":""},"class_list":["post-445","page","type-page","status-publish","hentry"],"_links":{"self":[{"href":"https:\/\/serr.disabilityrightsca.org\/sp\/wp-json\/wp\/v2\/pages\/445","targetHints":{"allow":["GET"]}}],"collection":[{"href":"https:\/\/serr.disabilityrightsca.org\/sp\/wp-json\/wp\/v2\/pages"}],"about":[{"href":"https:\/\/serr.disabilityrightsca.org\/sp\/wp-json\/wp\/v2\/types\/page"}],"author":[{"embeddable":true,"href":"https:\/\/serr.disabilityrightsca.org\/sp\/wp-json\/wp\/v2\/users\/1"}],"replies":[{"embeddable":true,"href":"https:\/\/serr.disabilityrightsca.org\/sp\/wp-json\/wp\/v2\/comments?post=445"}],"version-history":[{"count":6,"href":"https:\/\/serr.disabilityrightsca.org\/sp\/wp-json\/wp\/v2\/pages\/445\/revisions"}],"predecessor-version":[{"id":3358,"href":"https:\/\/serr.disabilityrightsca.org\/sp\/wp-json\/wp\/v2\/pages\/445\/revisions\/3358"}],"up":[{"embeddable":true,"href":"https:\/\/serr.disabilityrightsca.org\/sp\/wp-json\/wp\/v2\/pages\/324"}],"wp:attachment":[{"href":"https:\/\/serr.disabilityrightsca.org\/sp\/wp-json\/wp\/v2\/media?parent=445"}],"curies":[{"name":"wp","href":"https:\/\/api.w.org\/{rel}","templated":true}]}}