{"id":451,"date":"2019-06-19T15:38:37","date_gmt":"2019-06-19T22:38:37","guid":{"rendered":"http:\/\/www.rula.disabilityrightsca.org\/serr\/sp\/?page_id=451"},"modified":"2020-02-12T14:49:53","modified_gmt":"2020-02-12T22:49:53","slug":"2-18-como-puedo-preparar-a-mi-hijo-para-la-evaluacion","status":"publish","type":"page","link":"https:\/\/serr.disabilityrightsca.org\/sp\/serr-manual\/capitulo-2-informacion-sobre-las-evaluaciones\/2-18-como-puedo-preparar-a-mi-hijo-para-la-evaluacion\/","title":{"rendered":"(2.18) \u00bfC\u00f3mo puedo preparar a mi hijo para la evaluaci\u00f3n?"},"content":{"rendered":"\n<p>Su explicaci\u00f3n debe ser breve y simple. Puede decir algo como lo siguiente: trabajar\u00e1s con alguien similar a un maestro que te pedir\u00e1 que observes im\u00e1genes, juegues, leas y hagas ejercicios de matem\u00e1tica, algunos dise\u00f1os y dibujos. Eso le dar\u00e1 a su hijo una idea general de lo que debe esperar.<\/p>\n","protected":false},"excerpt":{"rendered":"<p>Su explicaci\u00f3n debe ser breve y simple. Puede decir algo como lo siguiente: trabajar\u00e1s con alguien similar a un maestro que te pedir\u00e1 que observes&hellip;<\/p>\n","protected":false},"author":1,"featured_media":0,"parent":324,"menu_order":18,"comment_status":"closed","ping_status":"closed","template":"","meta":{"footnotes":""},"class_list":["post-451","page","type-page","status-publish","hentry"],"_links":{"self":[{"href":"https:\/\/serr.disabilityrightsca.org\/sp\/wp-json\/wp\/v2\/pages\/451","targetHints":{"allow":["GET"]}}],"collection":[{"href":"https:\/\/serr.disabilityrightsca.org\/sp\/wp-json\/wp\/v2\/pages"}],"about":[{"href":"https:\/\/serr.disabilityrightsca.org\/sp\/wp-json\/wp\/v2\/types\/page"}],"author":[{"embeddable":true,"href":"https:\/\/serr.disabilityrightsca.org\/sp\/wp-json\/wp\/v2\/users\/1"}],"replies":[{"embeddable":true,"href":"https:\/\/serr.disabilityrightsca.org\/sp\/wp-json\/wp\/v2\/comments?post=451"}],"version-history":[{"count":6,"href":"https:\/\/serr.disabilityrightsca.org\/sp\/wp-json\/wp\/v2\/pages\/451\/revisions"}],"predecessor-version":[{"id":3360,"href":"https:\/\/serr.disabilityrightsca.org\/sp\/wp-json\/wp\/v2\/pages\/451\/revisions\/3360"}],"up":[{"embeddable":true,"href":"https:\/\/serr.disabilityrightsca.org\/sp\/wp-json\/wp\/v2\/pages\/324"}],"wp:attachment":[{"href":"https:\/\/serr.disabilityrightsca.org\/sp\/wp-json\/wp\/v2\/media?parent=451"}],"curies":[{"name":"wp","href":"https:\/\/api.w.org\/{rel}","templated":true}]}}