{"id":456,"date":"2019-06-19T15:40:24","date_gmt":"2019-06-19T22:40:24","guid":{"rendered":"http:\/\/www.rula.disabilityrightsca.org\/serr\/sp\/?page_id=456"},"modified":"2020-02-12T15:25:08","modified_gmt":"2020-02-12T23:25:08","slug":"2-20-quien-lleva-a-cabo-la-evaluacion","status":"publish","type":"page","link":"https:\/\/serr.disabilityrightsca.org\/sp\/serr-manual\/capitulo-2-informacion-sobre-las-evaluaciones\/2-20-quien-lleva-a-cabo-la-evaluacion\/","title":{"rendered":"(2.20) \u00bfQui\u00e9n lleva a cabo la evaluaci\u00f3n?"},"content":{"rendered":"\n<p>El personal\ncapacitado debe administrar cada prueba de la evaluaci\u00f3n, conforme a las\ninstrucciones de la persona que la dise\u00f1\u00f3. [34 C.F.R. Sec.\n300.304(c)(1)(iv)&amp;(v)]. La ley exige que la lleven a cabo personas que\nest\u00e9n informados acerca de la discapacidad y sean competentes para administrar\nla evaluaci\u00f3n. [Cal. Ed. Code Sec. 56320(g)]. Adem\u00e1s, las personas deben ser\ncompetentes en las habilidades orales y escritas de la lengua materna u otro\nmedio de comunicaci\u00f3n del alumno, y deben conocer y entender su origen cultural\ny \u00e9tnico. Los reglamentos de California exigen el uso de un int\u00e9rprete cuando\nsea necesario. [5 C.C.R. Sec. 3023].<\/p>\n\n\n\n<p>Un psic\u00f3logo\ndebidamente acreditado, capacitado y preparado para evaluar los factores\nculturales y \u00e9tnicos adecuados para el alumno debe llevar a cabo la evaluaci\u00f3n\npsicol\u00f3gica. [Cal. Ed. Code Sec. 56324(a).] La evaluaci\u00f3n m\u00e9dica debe ser\nadministrada por un m\u00e9dico o una enfermera de la escuela debidamente\nacreditados, capacitados y preparados para evaluar los factores culturales y\n\u00e9tnicos adecuados para el alumno. [Cal. Ed. Code Sec. 56324(b)]. Un psic\u00f3logo\nde la escuela debidamente acreditado debe administrar las pruebas de desempe\u00f1o\nintelectual o emocional de manera individual. [Cal. Ed. Code Sec. 56320(b)(3)].\n<\/p>\n","protected":false},"excerpt":{"rendered":"<p>El personal capacitado debe administrar cada prueba de la evaluaci\u00f3n, conforme a las instrucciones de la persona que la dise\u00f1\u00f3. [34 C.F.R. Sec. 300.304(c)(1)(iv)&amp;(v)]. La&hellip;<\/p>\n","protected":false},"author":1,"featured_media":0,"parent":324,"menu_order":20,"comment_status":"closed","ping_status":"closed","template":"","meta":{"footnotes":""},"class_list":["post-456","page","type-page","status-publish","hentry"],"_links":{"self":[{"href":"https:\/\/serr.disabilityrightsca.org\/sp\/wp-json\/wp\/v2\/pages\/456","targetHints":{"allow":["GET"]}}],"collection":[{"href":"https:\/\/serr.disabilityrightsca.org\/sp\/wp-json\/wp\/v2\/pages"}],"about":[{"href":"https:\/\/serr.disabilityrightsca.org\/sp\/wp-json\/wp\/v2\/types\/page"}],"author":[{"embeddable":true,"href":"https:\/\/serr.disabilityrightsca.org\/sp\/wp-json\/wp\/v2\/users\/1"}],"replies":[{"embeddable":true,"href":"https:\/\/serr.disabilityrightsca.org\/sp\/wp-json\/wp\/v2\/comments?post=456"}],"version-history":[{"count":7,"href":"https:\/\/serr.disabilityrightsca.org\/sp\/wp-json\/wp\/v2\/pages\/456\/revisions"}],"predecessor-version":[{"id":3363,"href":"https:\/\/serr.disabilityrightsca.org\/sp\/wp-json\/wp\/v2\/pages\/456\/revisions\/3363"}],"up":[{"embeddable":true,"href":"https:\/\/serr.disabilityrightsca.org\/sp\/wp-json\/wp\/v2\/pages\/324"}],"wp:attachment":[{"href":"https:\/\/serr.disabilityrightsca.org\/sp\/wp-json\/wp\/v2\/media?parent=456"}],"curies":[{"name":"wp","href":"https:\/\/api.w.org\/{rel}","templated":true}]}}