{"id":459,"date":"2019-06-19T15:41:06","date_gmt":"2019-06-19T22:41:06","guid":{"rendered":"http:\/\/www.rula.disabilityrightsca.org\/serr\/sp\/?page_id=459"},"modified":"2020-02-12T15:31:11","modified_gmt":"2020-02-12T23:31:11","slug":"2-21-la-evaluacion-debe-realizarse-en-la-lengua-materna-de-mi-hijo","status":"publish","type":"page","link":"https:\/\/serr.disabilityrightsca.org\/sp\/serr-manual\/capitulo-2-informacion-sobre-las-evaluaciones\/2-21-la-evaluacion-debe-realizarse-en-la-lengua-materna-de-mi-hijo\/","title":{"rendered":"(2.21) \u00bfLa evaluaci\u00f3n debe realizarse en la lengua materna de mi hijo?"},"content":{"rendered":"\n<p>S\u00ed. Esto es un requisito de la ley federal y estatal, a menos que no sea posible y que se indique en el plan de evaluaci\u00f3n. Si el evaluador no es biling\u00fce, el distrito debe proporcionar un int\u00e9rprete. Adem\u00e1s, la ley federal y estatal exige que el material de las pruebas y de la evaluaci\u00f3n se seleccione de modo que no sea discriminatorio en t\u00e9rminos raciales, culturales ni sexuales. [20 U.S.C. Sec. 1414(b); 34 C.F.R. Sec. 300.304(c)(1)(i); Cal. Ed. Code Sec. 56320(a), (b)]. <\/p>\n","protected":false},"excerpt":{"rendered":"<p>S\u00ed. Esto es un requisito de la ley federal y estatal, a menos que no sea posible y que se indique en el plan de&hellip;<\/p>\n","protected":false},"author":1,"featured_media":0,"parent":324,"menu_order":21,"comment_status":"closed","ping_status":"closed","template":"","meta":{"footnotes":""},"class_list":["post-459","page","type-page","status-publish","hentry"],"_links":{"self":[{"href":"https:\/\/serr.disabilityrightsca.org\/sp\/wp-json\/wp\/v2\/pages\/459","targetHints":{"allow":["GET"]}}],"collection":[{"href":"https:\/\/serr.disabilityrightsca.org\/sp\/wp-json\/wp\/v2\/pages"}],"about":[{"href":"https:\/\/serr.disabilityrightsca.org\/sp\/wp-json\/wp\/v2\/types\/page"}],"author":[{"embeddable":true,"href":"https:\/\/serr.disabilityrightsca.org\/sp\/wp-json\/wp\/v2\/users\/1"}],"replies":[{"embeddable":true,"href":"https:\/\/serr.disabilityrightsca.org\/sp\/wp-json\/wp\/v2\/comments?post=459"}],"version-history":[{"count":6,"href":"https:\/\/serr.disabilityrightsca.org\/sp\/wp-json\/wp\/v2\/pages\/459\/revisions"}],"predecessor-version":[{"id":3364,"href":"https:\/\/serr.disabilityrightsca.org\/sp\/wp-json\/wp\/v2\/pages\/459\/revisions\/3364"}],"up":[{"embeddable":true,"href":"https:\/\/serr.disabilityrightsca.org\/sp\/wp-json\/wp\/v2\/pages\/324"}],"wp:attachment":[{"href":"https:\/\/serr.disabilityrightsca.org\/sp\/wp-json\/wp\/v2\/media?parent=459"}],"curies":[{"name":"wp","href":"https:\/\/api.w.org\/{rel}","templated":true}]}}