{"id":477,"date":"2019-06-19T15:50:15","date_gmt":"2019-06-19T22:50:15","guid":{"rendered":"http:\/\/www.rula.disabilityrightsca.org\/serr\/sp\/?page_id=477"},"modified":"2020-02-12T15:43:35","modified_gmt":"2020-02-12T23:43:35","slug":"2-26-las-pruebas-estandarizadas-formales-son-los-unicos-datos-de-evaluacion-que-el-equipo-del-iep-puede-revisar","status":"publish","type":"page","link":"https:\/\/serr.disabilityrightsca.org\/sp\/serr-manual\/capitulo-2-informacion-sobre-las-evaluaciones\/2-26-las-pruebas-estandarizadas-formales-son-los-unicos-datos-de-evaluacion-que-el-equipo-del-iep-puede-revisar\/","title":{"rendered":"(2.26) \u00bfLas pruebas estandarizadas formales son los \u00fanicos datos de evaluaci\u00f3n que el equipo del IEP puede revisar?"},"content":{"rendered":"\n<p>No. Como parte de\nuna evaluaci\u00f3n inicial o de una reevaluaci\u00f3n, los reglamentos federales exigen\nque se revisen los datos existentes del ni\u00f1o. Estos datos incluyen las\nevaluaciones y la informaci\u00f3n proporcionada por los padres, las observaciones y\nlas evaluaciones actuales en el aula, y las observaciones de los maestros y los\nproveedores de servicios relacionados. [20. U.S.C. Sec. 1414(c); 34 C.F.R. Sec.\n300.305(a)(1)].\n\nAdem\u00e1s, el distrito escolar\ndebe recurrir a informaci\u00f3n de diferentes fuentes. Esto incluye pruebas de\naptitud y de logros, aportes de los padres, recomendaciones de los maestros e\ninformaci\u00f3n sobre el estado f\u00edsico, la situaci\u00f3n sociocultural y la conducta\nadaptativa del alumno. [34 C.F.R. Sec. 300.306(c)(1)]. Puede obtener las copias\nde los protocolos o los datos de las evaluaciones sobre las cuales se bas\u00f3 el\ninforme de su hijo. No\nentregar los datos de las evaluaciones sobre las cuales se basaron los informes\npuede constituir la denegaci\u00f3n de una educaci\u00f3n p\u00fablica, adecuada y gratuita\n(free appropriate public education, FAPE) si esto impide la participaci\u00f3n de\nlos padres en el proceso del IEP. [<em>M.M. v. Lafayette School District<\/em>\n(9<sup>th<\/sup> Cir. 2014) 767 F.3d 842; 64 IDELR 31].\n\n\n\n<\/p>\n","protected":false},"excerpt":{"rendered":"<p>No. Como parte de una evaluaci\u00f3n inicial o de una reevaluaci\u00f3n, los reglamentos federales exigen que se revisen los datos existentes del ni\u00f1o. Estos datos&hellip;<\/p>\n","protected":false},"author":1,"featured_media":0,"parent":324,"menu_order":26,"comment_status":"closed","ping_status":"closed","template":"","meta":{"footnotes":""},"class_list":["post-477","page","type-page","status-publish","hentry"],"_links":{"self":[{"href":"https:\/\/serr.disabilityrightsca.org\/sp\/wp-json\/wp\/v2\/pages\/477","targetHints":{"allow":["GET"]}}],"collection":[{"href":"https:\/\/serr.disabilityrightsca.org\/sp\/wp-json\/wp\/v2\/pages"}],"about":[{"href":"https:\/\/serr.disabilityrightsca.org\/sp\/wp-json\/wp\/v2\/types\/page"}],"author":[{"embeddable":true,"href":"https:\/\/serr.disabilityrightsca.org\/sp\/wp-json\/wp\/v2\/users\/1"}],"replies":[{"embeddable":true,"href":"https:\/\/serr.disabilityrightsca.org\/sp\/wp-json\/wp\/v2\/comments?post=477"}],"version-history":[{"count":6,"href":"https:\/\/serr.disabilityrightsca.org\/sp\/wp-json\/wp\/v2\/pages\/477\/revisions"}],"predecessor-version":[{"id":3370,"href":"https:\/\/serr.disabilityrightsca.org\/sp\/wp-json\/wp\/v2\/pages\/477\/revisions\/3370"}],"up":[{"embeddable":true,"href":"https:\/\/serr.disabilityrightsca.org\/sp\/wp-json\/wp\/v2\/pages\/324"}],"wp:attachment":[{"href":"https:\/\/serr.disabilityrightsca.org\/sp\/wp-json\/wp\/v2\/media?parent=477"}],"curies":[{"name":"wp","href":"https:\/\/api.w.org\/{rel}","templated":true}]}}