{"id":480,"date":"2019-06-19T15:51:01","date_gmt":"2019-06-19T22:51:01","guid":{"rendered":"http:\/\/www.rula.disabilityrightsca.org\/serr\/sp\/?page_id=480"},"modified":"2020-08-07T13:07:13","modified_gmt":"2020-08-07T20:07:13","slug":"2-27-si-no-estoy-de-acuerdo-con-la-evaluacion-del-distrito-escolar-le-podria-solicitar-a-este-que-pague-una-evaluacion-independiente","status":"publish","type":"page","link":"https:\/\/serr.disabilityrightsca.org\/sp\/serr-manual\/capitulo-2-informacion-sobre-las-evaluaciones\/2-27-si-no-estoy-de-acuerdo-con-la-evaluacion-del-distrito-escolar-le-podria-solicitar-a-este-que-pague-una-evaluacion-independiente\/","title":{"rendered":"(2.27) Si no estoy de acuerdo con la evaluaci\u00f3n del distrito escolar, \u00bfle podr\u00eda solicitar a este que pague una evaluaci\u00f3n independiente?"},"content":{"rendered":"\n<p>S\u00ed. Si no est\u00e1 de\nacuerdo con la evaluaci\u00f3n del distrito escolar, le puede pedir que pague una\nevaluaci\u00f3n educativa independiente (independent educational evaluation, IEE).\n[Cal. Ed. Code Sec. 56329(b)]. Debe realizar la solicitud por escrito al\nespecialista del programa de su hijo y enviar una copia al director de\neducaci\u00f3n especial del distrito. Es importante que en la solicitud indique su <strong>disconformidad<\/strong> con la evaluaci\u00f3n\nrealizada por el distrito escolar.<\/p>\n\n\n\n<p>Cuando el distrito\nescolar recibe su solicitud escrita para una IEE, este tiene solo dos opciones:\n<strong>financiarla o solicitar una audiencia<\/strong>.\nEs decir, el distrito debe pagar la evaluaci\u00f3n independiente (<strong>financiarla<\/strong>) o solicitar una audiencia\nde debido proceso (<strong>solicitar una\naudiencia<\/strong>), donde alegue que la evaluaci\u00f3n del distrito es \u201capropiada\u201d. Si\nel distrito decide solicitar una audiencia, y el funcionario de esta determina\nque la evaluaci\u00f3n del distrito escolar es apropiada, usted tiene derecho a\nsolicitar la evaluaci\u00f3n independiente, pero no a cargo del estado. [34 C.F.R.\nSec. 300.502; Cal. Ed. Code Sec. 56329(b)]. Es posible que el distrito le pida\nque identifique las \u00e1reas espec\u00edficas de la evaluaci\u00f3n con las que no est\u00e1 de\nacuerdo. No tiene que darle una explicaci\u00f3n al distrito escolar y el distrito\nno puede utilizar una solicitud de informaci\u00f3n para demorar la respuesta a su\nsolicitud de una IEE. [34 C.F.R. Sec. 300.502(b)(4)]. El distrito escolar tiene\nque proporcionarle informaci\u00f3n sobre d\u00f3nde se puede obtener una IEE y todos los\ncriterios b\u00e1sicos de la entidad para hacerlo. [34 C.F.R. Sec. 300.502(a)(2)].<\/p>\n\n\n\n<p>Conforme a los reglamentos federales,\nel distrito debe responder a su solicitud de una IEE \u201csin retraso innecesario\u201d.\n[34 C.F.R. Sec. 300.502(b)(2)]. Si el distrito no respondiera con el pago de\nuna IEE o con la solicitud de audiencia de debido proceso, incumplir\u00eda con las\nleyes. Si demorara tres meses en proporcionar una evaluaci\u00f3n de educaci\u00f3n\nindependiente a cargo del estado, a pesar de sus esfuerzos de buena fe y sus\nnegociaciones continuas con un evaluador propuesto, infringir\u00eda el requisito \u201csin\ndemora innecesaria\u201d de la ley federal. [<em>Student\nv. Dixon United Sch. Dist. <\/em>(2014) 114 LRP 29153].<\/p>\n\n\n\n<p>Adem\u00e1s, un distrito escolar debe\nevaluar a un alumno en todas las \u00e1reas relacionadas con la posible discapacidad\ny las evaluaciones deben ser lo \u201csuficientemente integrales para identificar\ntodas las necesidades de educaci\u00f3n especial y servicios relacionados del ni\u00f1o,\nya sea que se vinculen o no\u201d con su categor\u00eda de discapacidad. [34 C.F.R. Sec. 300.304(c)(6); Cal Ed. Code Sec.\n56320(f)].<\/p>\n\n\n\n<p>Si el distrito escolar llev\u00f3 a cabo una\nevaluaci\u00f3n inicial o una reevaluaci\u00f3n, pero no identific\u00f3 completamente todas\nlas \u00e1reas que deb\u00edan ser evaluadas, los padres tienen derecho a solicitar una\nIEE a cargo del estado, en el caso de que no estuvieran de acuerdo con la evaluaci\u00f3n.\nSi el distrito escolar llev\u00f3 a cabo su evaluaci\u00f3n y los padres piden una IEE\npara evaluar un \u00e1rea de necesidad no incluida, este debe solicitar un debido\nproceso o financiar la IEE. El distrito escolar no tiene la opci\u00f3n de realizar\nprimero su propia evaluaci\u00f3n o reemplazar una IEE. [<em>Letter to Carroll<\/em> (2016) Office of\nSpecial Education Programs (OSEP) 68 IDELR 279].<\/p>\n\n\n\n<p>Puede presentar un reclamo por cumplimiento para solicitarle al Departamento de Educaci\u00f3n de California (CDE) que determine si el distrito escolar debe financiar una IEE por la demora innecesaria en responder la solicitud de los padres o por no evaluar todas las \u00e1reas relacionadas con la discapacidad de su hijo. Consulte el <a href=\"https:\/\/serr.disabilityrightsca.org\/sp\/serr-manual\/chapter-6-informacion-sobre-el-debido-proceso-y-los-procedimientos-de-cumplimiento\/\">cap\u00edtulo 6, <em>Informaci\u00f3n sobre el debido proceso y los procedimientos de cumplimiento<\/em>.<\/a><\/p>\n","protected":false},"excerpt":{"rendered":"<p>S\u00ed. Si no est\u00e1 de acuerdo con la evaluaci\u00f3n del distrito escolar, le puede pedir que pague una evaluaci\u00f3n educativa independiente (independent educational evaluation, IEE).&hellip;<\/p>\n","protected":false},"author":1,"featured_media":0,"parent":324,"menu_order":27,"comment_status":"closed","ping_status":"closed","template":"","meta":{"footnotes":""},"class_list":["post-480","page","type-page","status-publish","hentry"],"_links":{"self":[{"href":"https:\/\/serr.disabilityrightsca.org\/sp\/wp-json\/wp\/v2\/pages\/480","targetHints":{"allow":["GET"]}}],"collection":[{"href":"https:\/\/serr.disabilityrightsca.org\/sp\/wp-json\/wp\/v2\/pages"}],"about":[{"href":"https:\/\/serr.disabilityrightsca.org\/sp\/wp-json\/wp\/v2\/types\/page"}],"author":[{"embeddable":true,"href":"https:\/\/serr.disabilityrightsca.org\/sp\/wp-json\/wp\/v2\/users\/1"}],"replies":[{"embeddable":true,"href":"https:\/\/serr.disabilityrightsca.org\/sp\/wp-json\/wp\/v2\/comments?post=480"}],"version-history":[{"count":8,"href":"https:\/\/serr.disabilityrightsca.org\/sp\/wp-json\/wp\/v2\/pages\/480\/revisions"}],"predecessor-version":[{"id":4211,"href":"https:\/\/serr.disabilityrightsca.org\/sp\/wp-json\/wp\/v2\/pages\/480\/revisions\/4211"}],"up":[{"embeddable":true,"href":"https:\/\/serr.disabilityrightsca.org\/sp\/wp-json\/wp\/v2\/pages\/324"}],"wp:attachment":[{"href":"https:\/\/serr.disabilityrightsca.org\/sp\/wp-json\/wp\/v2\/media?parent=480"}],"curies":[{"name":"wp","href":"https:\/\/api.w.org\/{rel}","templated":true}]}}