{"id":483,"date":"2019-06-19T15:52:15","date_gmt":"2019-06-19T22:52:15","guid":{"rendered":"http:\/\/www.rula.disabilityrightsca.org\/serr\/sp\/?page_id=483"},"modified":"2020-02-12T15:50:46","modified_gmt":"2020-02-12T23:50:46","slug":"2-28-el-distrito-puede-limitar-el-costo-de-una-evaluacion-independiente-y-designar-al-evaluador","status":"publish","type":"page","link":"https:\/\/serr.disabilityrightsca.org\/sp\/serr-manual\/capitulo-2-informacion-sobre-las-evaluaciones\/2-28-el-distrito-puede-limitar-el-costo-de-una-evaluacion-independiente-y-designar-al-evaluador\/","title":{"rendered":"(2.28) \u00bfEl distrito puede limitar el costo de una evaluaci\u00f3n independiente y designar al evaluador?"},"content":{"rendered":"\n<p>Ni\nlas leyes federales o estatales ni sus reglamentos limitan el costo de una IEE.\nSin\nembargo, el Departamento de Educaci\u00f3n de los Estados Unidos ha adoptado la\nposici\u00f3n de que los distritos escolares pueden establecer criterios de\ncontenci\u00f3n de costos (l\u00edmite de costos) para las IEE, siempre y cuando esos\nl\u00edmites no impidan que los padres las obtengan. Por lo tanto, los distritos\nescolares pueden establecer l\u00edmites razonables que reflejen las tarifas\nregulares y habituales de su comunidad para cada \u00e1rea de especialidad. Adem\u00e1s,\ndeben ofrecerles a los padres la oportunidad de demostrar que, en el caso de su\nhijo, no se debe aplicar el l\u00edmite de costos debido a factores \u00fanicos.\n[Consulte los comentarios sobre los reglamentos de la Ley de Educaci\u00f3n para\nPersonas con Discapacidad (IDEA) en 71 Fed. Reg. 46689].<\/p>\n\n\n\n<p>El distrito escolar est\u00e1 autorizado a\nutilizar los criterios para llevar a cabo una IEE, por ejemplo, el lugar de la\nevaluaci\u00f3n y los requisitos de los evaluadores independientes. Los criterios de\nla IEE deben ser los mismos que los utilizados por el distrito en sus\nevaluaciones y deben ser coherentes con el derecho de los padres a obtener una\nIEE. [34 C.F.R. Sec. 300.502(e)(1)].<\/p>\n\n\n\n<p>El distrito escolar no puede imponer\notras condiciones o plazos relacionados con la obtenci\u00f3n de una IEE, por\nejemplo, qu\u00e9 evaluador calificado usted utiliza. [34 C.F.R. Sec. 300.502(e)].\nNo existe autoridad legal que establezca que los padres deben elegir un\nevaluador de la IEE de una lista del distrito aprobada previamente. Sin\nembargo, el distrito tiene la obligaci\u00f3n de informar a los padres d\u00f3nde pueden\nobtener una IEE. [34 C.F.R. Sec. 300.502(a)(2)]. Usted debe asegurarse de que\nel evaluador no sea un empleado del distrito y que cuente con los requisitos\nnecesarios para realizar la evaluaci\u00f3n.&nbsp;[34 C.F.R. Sec. 300.502(a)(3)(i)].\n<\/p>\n\n\n\n<p>En algunos casos, el distrito puede\nofrecer una evaluaci\u00f3n del Centro de Diagn\u00f3stico de California (California\nDiagnostic Center), que es una divisi\u00f3n del Departamento de Educaci\u00f3n de\nCalifornia. El Centro de Diagn\u00f3stico est\u00e1 dise\u00f1ado para asistir a los distritos\nque no tienen experiencia en realizar una evaluaci\u00f3n determinada. Si bien usted\npodr\u00eda considerar que el Centro de Diagn\u00f3stico realice una evaluaci\u00f3n, existen\ndos motivos por los que es posible que no quiera aceptar esta alternativa: <\/p>\n\n\n\n<p>(1)\nDebido a las listas de espera, el Centro de Diagn\u00f3stico puede demorar hasta\nseis meses en realizar una evaluaci\u00f3n; y <\/p>\n\n\n\n<p>(2)\nEl Centro de Diagn\u00f3stico es una entidad p\u00fablica que mantiene una relaci\u00f3n\npermanente con su distrito, por lo tanto, la evaluaci\u00f3n puede ser limitada en\nlo que respecta a las recomendaciones.<\/p>\n","protected":false},"excerpt":{"rendered":"<p>Ni las leyes federales o estatales ni sus reglamentos limitan el costo de una IEE. Sin embargo, el Departamento de Educaci\u00f3n de los Estados Unidos&hellip;<\/p>\n","protected":false},"author":1,"featured_media":0,"parent":324,"menu_order":28,"comment_status":"closed","ping_status":"closed","template":"","meta":{"footnotes":""},"class_list":["post-483","page","type-page","status-publish","hentry"],"_links":{"self":[{"href":"https:\/\/serr.disabilityrightsca.org\/sp\/wp-json\/wp\/v2\/pages\/483","targetHints":{"allow":["GET"]}}],"collection":[{"href":"https:\/\/serr.disabilityrightsca.org\/sp\/wp-json\/wp\/v2\/pages"}],"about":[{"href":"https:\/\/serr.disabilityrightsca.org\/sp\/wp-json\/wp\/v2\/types\/page"}],"author":[{"embeddable":true,"href":"https:\/\/serr.disabilityrightsca.org\/sp\/wp-json\/wp\/v2\/users\/1"}],"replies":[{"embeddable":true,"href":"https:\/\/serr.disabilityrightsca.org\/sp\/wp-json\/wp\/v2\/comments?post=483"}],"version-history":[{"count":5,"href":"https:\/\/serr.disabilityrightsca.org\/sp\/wp-json\/wp\/v2\/pages\/483\/revisions"}],"predecessor-version":[{"id":3372,"href":"https:\/\/serr.disabilityrightsca.org\/sp\/wp-json\/wp\/v2\/pages\/483\/revisions\/3372"}],"up":[{"embeddable":true,"href":"https:\/\/serr.disabilityrightsca.org\/sp\/wp-json\/wp\/v2\/pages\/324"}],"wp:attachment":[{"href":"https:\/\/serr.disabilityrightsca.org\/sp\/wp-json\/wp\/v2\/media?parent=483"}],"curies":[{"name":"wp","href":"https:\/\/api.w.org\/{rel}","templated":true}]}}