{"id":485,"date":"2019-06-19T15:53:03","date_gmt":"2019-06-19T22:53:03","guid":{"rendered":"http:\/\/www.rula.disabilityrightsca.org\/serr\/sp\/?page_id=485"},"modified":"2020-08-07T13:08:01","modified_gmt":"2020-08-07T20:08:01","slug":"2-29-si-no-estoy-de-acuerdo-con-una-evaluacion-llevada-a-cabo-por-la-escuela-puedo-obtener-una-evaluacion-independiente-a-mi-cargo-con-alguien-calificado-pero-que-no-sea-empleado-de-la-esc","status":"publish","type":"page","link":"https:\/\/serr.disabilityrightsca.org\/sp\/serr-manual\/capitulo-2-informacion-sobre-las-evaluaciones\/2-29-si-no-estoy-de-acuerdo-con-una-evaluacion-llevada-a-cabo-por-la-escuela-puedo-obtener-una-evaluacion-independiente-a-mi-cargo-con-alguien-calificado-pero-que-no-sea-empleado-de-la-esc\/","title":{"rendered":"(2.29) Si no estoy de acuerdo con una evaluaci\u00f3n llevada a cabo por la escuela, \u00bfpuedo obtener una evaluaci\u00f3n independiente, a mi cargo, con alguien calificado, pero que no sea empleado de la escuela?"},"content":{"rendered":"\n<p> <\/p>\n\n\n\n<p>S\u00ed. Siempre puede\nobtener una evaluaci\u00f3n educativa independiente, a su cargo, y el distrito\nescolar debe considerar los resultados de tal evaluaci\u00f3n en las decisiones\nsobre la provisi\u00f3n de una educaci\u00f3n p\u00fablica, adecuada y gratuita para su hijo.\nTambi\u00e9n se pueden presentar los resultados como pruebas en una audiencia de\ndebido proceso. [34 C.F.R. Sec. 300.502(c); Cal. Ed. Code Sec. 56329(c)]. <\/p>\n\n\n\n<p>Una vez que haya obtenido la IEE y est\u00e9 conforme con ella, entregue una copia al distrito escolar antes de la reuni\u00f3n del IEP. Adem\u00e1s, informe al distrito <strong>por escrito<\/strong> cu\u00e1l es la asignaci\u00f3n o los servicios recomendados en la IEE que usted solicita para su hijo. Esto le permitir\u00e1 al distrito entregarle una \u201cnotificaci\u00f3n previa por escrito\u201d si se negara a proveerle la asignaci\u00f3n o los servicios recomendados en la IEE. Consulte el <a href=\"https:\/\/serr.disabilityrightsca.org\/sp\/serr-manual\/capitulo-4-informacion-sobre-el-proceso-del-iep\/\">cap\u00edtulo 4, <em>Informaci\u00f3n sobre el proceso del IEP<\/em>.<\/a> <\/p>\n\n\n\n<p>As\u00ed mismo, aseg\u00farese de comunicarle al\ndistrito escolar que desea que asista a la reuni\u00f3n del IEP una persona\nautorizada para responder sobre la IEE en nombre del distrito escolar. Usted\ndebe pagar la evaluaci\u00f3n que haya obtenido por su cuenta. Sin embargo, si el\ndistrito acepta las recomendaciones realizadas en ella, usted podr\u00eda\nsolicitarle un reembolso.<\/p>\n","protected":false},"excerpt":{"rendered":"<p>S\u00ed. Siempre puede obtener una evaluaci\u00f3n educativa independiente, a su cargo, y el distrito escolar debe considerar los resultados de tal evaluaci\u00f3n en las decisiones&hellip;<\/p>\n","protected":false},"author":1,"featured_media":0,"parent":324,"menu_order":29,"comment_status":"closed","ping_status":"closed","template":"","meta":{"footnotes":""},"class_list":["post-485","page","type-page","status-publish","hentry"],"_links":{"self":[{"href":"https:\/\/serr.disabilityrightsca.org\/sp\/wp-json\/wp\/v2\/pages\/485","targetHints":{"allow":["GET"]}}],"collection":[{"href":"https:\/\/serr.disabilityrightsca.org\/sp\/wp-json\/wp\/v2\/pages"}],"about":[{"href":"https:\/\/serr.disabilityrightsca.org\/sp\/wp-json\/wp\/v2\/types\/page"}],"author":[{"embeddable":true,"href":"https:\/\/serr.disabilityrightsca.org\/sp\/wp-json\/wp\/v2\/users\/1"}],"replies":[{"embeddable":true,"href":"https:\/\/serr.disabilityrightsca.org\/sp\/wp-json\/wp\/v2\/comments?post=485"}],"version-history":[{"count":8,"href":"https:\/\/serr.disabilityrightsca.org\/sp\/wp-json\/wp\/v2\/pages\/485\/revisions"}],"predecessor-version":[{"id":4212,"href":"https:\/\/serr.disabilityrightsca.org\/sp\/wp-json\/wp\/v2\/pages\/485\/revisions\/4212"}],"up":[{"embeddable":true,"href":"https:\/\/serr.disabilityrightsca.org\/sp\/wp-json\/wp\/v2\/pages\/324"}],"wp:attachment":[{"href":"https:\/\/serr.disabilityrightsca.org\/sp\/wp-json\/wp\/v2\/media?parent=485"}],"curies":[{"name":"wp","href":"https:\/\/api.w.org\/{rel}","templated":true}]}}