{"id":565,"date":"2019-06-21T14:59:32","date_gmt":"2019-06-21T21:59:32","guid":{"rendered":"http:\/\/www.rula.disabilityrightsca.org\/serr\/sp\/?page_id=565"},"modified":"2020-02-12T15:52:43","modified_gmt":"2020-02-12T23:52:43","slug":"2-30-existe-alguna-otra-manera-de-obtener-una-evaluacion-independiente-si-el-distrito-se-negara-a-proporcionar-una-y-yo-no-pudiera-pagarla","status":"publish","type":"page","link":"https:\/\/serr.disabilityrightsca.org\/sp\/serr-manual\/capitulo-2-informacion-sobre-las-evaluaciones\/2-30-existe-alguna-otra-manera-de-obtener-una-evaluacion-independiente-si-el-distrito-se-negara-a-proporcionar-una-y-yo-no-pudiera-pagarla\/","title":{"rendered":"(2.30) \u00bfExiste alguna otra manera de obtener una evaluaci\u00f3n independiente si el distrito se negara a proporcionar una y yo no pudiera pagarla?"},"content":{"rendered":"\n<p>Durante el proceso de mediaci\u00f3n, los padres y los distritos escolares generalmente acuerdan realizar una evaluaci\u00f3n independiente. En una audiencia de debido proceso, un juez de derecho administrativo (ALJ) tambi\u00e9n puede ordenar una evaluaci\u00f3n independiente como parte de la audiencia. En este caso, se realiza a cargo del estado. [Cal. Ed. Code Sec. 56505.1(e)]. Debe comunicarse con los hospitales locales, centros m\u00e9dicos, centros de capacitaci\u00f3n sobre recursos para padres, grupos de apoyo para padres, centros regionales u otras entidades de la comunidad para evaluar la disponibilidad de evaluaciones de bajo costo.<\/p>\n","protected":false},"excerpt":{"rendered":"<p>Durante el proceso de mediaci\u00f3n, los padres y los distritos escolares generalmente acuerdan realizar una evaluaci\u00f3n independiente. En una audiencia de debido proceso, un juez&hellip;<\/p>\n","protected":false},"author":1,"featured_media":0,"parent":324,"menu_order":30,"comment_status":"closed","ping_status":"closed","template":"","meta":{"footnotes":""},"class_list":["post-565","page","type-page","status-publish","hentry"],"_links":{"self":[{"href":"https:\/\/serr.disabilityrightsca.org\/sp\/wp-json\/wp\/v2\/pages\/565","targetHints":{"allow":["GET"]}}],"collection":[{"href":"https:\/\/serr.disabilityrightsca.org\/sp\/wp-json\/wp\/v2\/pages"}],"about":[{"href":"https:\/\/serr.disabilityrightsca.org\/sp\/wp-json\/wp\/v2\/types\/page"}],"author":[{"embeddable":true,"href":"https:\/\/serr.disabilityrightsca.org\/sp\/wp-json\/wp\/v2\/users\/1"}],"replies":[{"embeddable":true,"href":"https:\/\/serr.disabilityrightsca.org\/sp\/wp-json\/wp\/v2\/comments?post=565"}],"version-history":[{"count":6,"href":"https:\/\/serr.disabilityrightsca.org\/sp\/wp-json\/wp\/v2\/pages\/565\/revisions"}],"predecessor-version":[{"id":3374,"href":"https:\/\/serr.disabilityrightsca.org\/sp\/wp-json\/wp\/v2\/pages\/565\/revisions\/3374"}],"up":[{"embeddable":true,"href":"https:\/\/serr.disabilityrightsca.org\/sp\/wp-json\/wp\/v2\/pages\/324"}],"wp:attachment":[{"href":"https:\/\/serr.disabilityrightsca.org\/sp\/wp-json\/wp\/v2\/media?parent=565"}],"curies":[{"name":"wp","href":"https:\/\/api.w.org\/{rel}","templated":true}]}}