{"id":571,"date":"2019-06-21T15:02:07","date_gmt":"2019-06-21T22:02:07","guid":{"rendered":"http:\/\/www.rula.disabilityrightsca.org\/serr\/sp\/?page_id=571"},"modified":"2020-02-12T15:54:25","modified_gmt":"2020-02-12T23:54:25","slug":"2-32-con-que-frecuencia-se-deben-llevar-a-cabo-las-evaluaciones-de-un-alumno-con-una-discapacidad","status":"publish","type":"page","link":"https:\/\/serr.disabilityrightsca.org\/sp\/serr-manual\/capitulo-2-informacion-sobre-las-evaluaciones\/2-32-con-que-frecuencia-se-deben-llevar-a-cabo-las-evaluaciones-de-un-alumno-con-una-discapacidad\/","title":{"rendered":"(2.32) \u00bfCon qu\u00e9 frecuencia se deben llevar a cabo las evaluaciones de un alumno con una discapacidad?"},"content":{"rendered":"\n<p>Se debe realizar una evaluaci\u00f3n inicial antes de que se considere a un alumno para recibir educaci\u00f3n especial y servicios relacionados. Es posible realizar una reevaluaci\u00f3n una vez por a\u00f1o, como m\u00e1ximo, y cada tres a\u00f1os, como m\u00ednimo, en el caso de alumnos que reciben educaci\u00f3n especial, salvo determinadas excepciones. Se debe realizar una reevaluaci\u00f3n siempre que los padres, el maestro o el personal del distrito la soliciten. [20 U.S.C. Sec. 1414(a)(2); 34 C.F.R. 300.303; Cal. Ed. Code Sec. 56329(d); consulte tambi\u00e9n <em>Letter to Savit <\/em>(2014) Office of Special Education Programs [OSEP] 64 IDELR 250.]<\/p>\n","protected":false},"excerpt":{"rendered":"<p>Se debe realizar una evaluaci\u00f3n inicial antes de que se considere a un alumno para recibir educaci\u00f3n especial y servicios relacionados. Es posible realizar una&hellip;<\/p>\n","protected":false},"author":1,"featured_media":0,"parent":324,"menu_order":32,"comment_status":"closed","ping_status":"closed","template":"","meta":{"footnotes":""},"class_list":["post-571","page","type-page","status-publish","hentry"],"_links":{"self":[{"href":"https:\/\/serr.disabilityrightsca.org\/sp\/wp-json\/wp\/v2\/pages\/571","targetHints":{"allow":["GET"]}}],"collection":[{"href":"https:\/\/serr.disabilityrightsca.org\/sp\/wp-json\/wp\/v2\/pages"}],"about":[{"href":"https:\/\/serr.disabilityrightsca.org\/sp\/wp-json\/wp\/v2\/types\/page"}],"author":[{"embeddable":true,"href":"https:\/\/serr.disabilityrightsca.org\/sp\/wp-json\/wp\/v2\/users\/1"}],"replies":[{"embeddable":true,"href":"https:\/\/serr.disabilityrightsca.org\/sp\/wp-json\/wp\/v2\/comments?post=571"}],"version-history":[{"count":5,"href":"https:\/\/serr.disabilityrightsca.org\/sp\/wp-json\/wp\/v2\/pages\/571\/revisions"}],"predecessor-version":[{"id":3376,"href":"https:\/\/serr.disabilityrightsca.org\/sp\/wp-json\/wp\/v2\/pages\/571\/revisions\/3376"}],"up":[{"embeddable":true,"href":"https:\/\/serr.disabilityrightsca.org\/sp\/wp-json\/wp\/v2\/pages\/324"}],"wp:attachment":[{"href":"https:\/\/serr.disabilityrightsca.org\/sp\/wp-json\/wp\/v2\/media?parent=571"}],"curies":[{"name":"wp","href":"https:\/\/api.w.org\/{rel}","templated":true}]}}