{"id":576,"date":"2019-06-21T15:04:26","date_gmt":"2019-06-21T22:04:26","guid":{"rendered":"http:\/\/www.rula.disabilityrightsca.org\/serr\/sp\/?page_id=576"},"modified":"2020-02-12T15:57:12","modified_gmt":"2020-02-12T23:57:12","slug":"2-34-un-distrito-escolar-debe-realizar-una-evaluacion-antes-de-determinar-que-un-alumno-ya-no-cumple-con-los-requisitos-para-recibir-servicios-de-educacion-especial","status":"publish","type":"page","link":"https:\/\/serr.disabilityrightsca.org\/sp\/serr-manual\/capitulo-2-informacion-sobre-las-evaluaciones\/2-34-un-distrito-escolar-debe-realizar-una-evaluacion-antes-de-determinar-que-un-alumno-ya-no-cumple-con-los-requisitos-para-recibir-servicios-de-educacion-especial\/","title":{"rendered":"(2.34) \u00bfUn distrito escolar debe realizar una evaluaci\u00f3n antes de determinar que un alumno ya no cumple con los requisitos para recibir servicios de educaci\u00f3n especial?"},"content":{"rendered":"\n<p>S\u00ed. Antes de\ndeterminar que un ni\u00f1o con una discapacidad ya no re\u00fane los requisitos para\nrecibir educaci\u00f3n especial y servicios relacionados, el distrito escolar debe\nllevar a cabo una evaluaci\u00f3n exhaustiva e integral del ni\u00f1o. [34 C.F.R.\nSec. 300.305(e); Cal. Ed. Code Sec. 56381(h)]. Si no est\u00e1 de acuerdo con la\nrecomendaci\u00f3n del distrito escolar sobre la elegibilidad, puede solicitar una\naudiencia de debido proceso para resolver el asunto. <\/p>\n\n\n\n<p>Sin embargo, si el distrito suspende la\nelegibilidad porque el alumno se gradu\u00f3 y recibi\u00f3 un t\u00edtulo regular de la\nescuela secundaria, o super\u00f3 el l\u00edmite de edad de elegibilidad para recibir\neducaci\u00f3n especial y servicios relacionados, no se necesita una evaluaci\u00f3n. [34\nC.F.R. Sec. 300.305(e)(2); Cal. Ed. Code Sec. 56381(i)]. <\/p>\n","protected":false},"excerpt":{"rendered":"<p>S\u00ed. Antes de determinar que un ni\u00f1o con una discapacidad ya no re\u00fane los requisitos para recibir educaci\u00f3n especial y servicios relacionados, el distrito escolar&hellip;<\/p>\n","protected":false},"author":1,"featured_media":0,"parent":324,"menu_order":34,"comment_status":"closed","ping_status":"closed","template":"","meta":{"footnotes":""},"class_list":["post-576","page","type-page","status-publish","hentry"],"_links":{"self":[{"href":"https:\/\/serr.disabilityrightsca.org\/sp\/wp-json\/wp\/v2\/pages\/576","targetHints":{"allow":["GET"]}}],"collection":[{"href":"https:\/\/serr.disabilityrightsca.org\/sp\/wp-json\/wp\/v2\/pages"}],"about":[{"href":"https:\/\/serr.disabilityrightsca.org\/sp\/wp-json\/wp\/v2\/types\/page"}],"author":[{"embeddable":true,"href":"https:\/\/serr.disabilityrightsca.org\/sp\/wp-json\/wp\/v2\/users\/1"}],"replies":[{"embeddable":true,"href":"https:\/\/serr.disabilityrightsca.org\/sp\/wp-json\/wp\/v2\/comments?post=576"}],"version-history":[{"count":5,"href":"https:\/\/serr.disabilityrightsca.org\/sp\/wp-json\/wp\/v2\/pages\/576\/revisions"}],"predecessor-version":[{"id":3378,"href":"https:\/\/serr.disabilityrightsca.org\/sp\/wp-json\/wp\/v2\/pages\/576\/revisions\/3378"}],"up":[{"embeddable":true,"href":"https:\/\/serr.disabilityrightsca.org\/sp\/wp-json\/wp\/v2\/pages\/324"}],"wp:attachment":[{"href":"https:\/\/serr.disabilityrightsca.org\/sp\/wp-json\/wp\/v2\/media?parent=576"}],"curies":[{"name":"wp","href":"https:\/\/api.w.org\/{rel}","templated":true}]}}